{"id":20535,"date":"2025-08-12T12:09:09","date_gmt":"2025-08-12T10:09:09","guid":{"rendered":"https:\/\/thrillsyndicate.com\/shop\/zippey-floating-handlebar-para-zippey-clipnzip-trolleys\/"},"modified":"2025-08-24T16:02:50","modified_gmt":"2025-08-24T14:02:50","slug":"zippey-floating-handlebar-para-zippey-clipnzip-trolleys","status":"publish","type":"product","link":"https:\/\/thrillsyndicate.com\/es\/product\/zippey-floating-handlebar-para-zippey-clipnzip-trolleys\/","title":{"rendered":"Floating HandlebarZippey para Poleas Zippey Clip&#8217;n&#8217;Zip"},"content":{"rendered":"<p>Eleva el nivel de tus recorridos de aventura con el Manillar Flotante Zippey, la mejora definitiva para los carros de tirolesa con clip compatibles. Fabricado espec\u00edficamente para satisfacer las exigencias de la industria profesional de la aventura y la diversi\u00f3n, este manillar transforma la experiencia del usuario proporcion\u00e1ndole una estabilidad, un control y un compromiso superiores. Su dise\u00f1o inteligente se centra en mejorar la postura del usuario y simplificar los aterrizajes, convirti\u00e9ndolo en un componente indispensable para cualquier operaci\u00f3n de tirolesa de alto rendimiento.  <\/p>\n<h2>Compromiso y seguridad del usuario sin precedentes<\/h2>\n<p><b>Mant\u00e9n la orientaci\u00f3n perfecta del piloto<\/b> El manillar flotante Zippey est\u00e1 dise\u00f1ado para mantener al piloto orientado hacia delante durante todo el trayecto. Este dise\u00f1o ergon\u00f3mico no s\u00f3lo aumenta la emoci\u00f3n del viaje al proporcionar una visi\u00f3n sin obst\u00e1culos, sino que tambi\u00e9n mejora significativamente la seguridad. Al evitar los giros, garantiza que los participantes est\u00e9n correctamente colocados para una llegada suave y predecible a la plataforma de aterrizaje, reduciendo el riesgo de aterrizajes inc\u00f3modos o inseguros.  <\/p>\n<p><b>Aumenta la confianza y el rendimiento del piloto<\/b> Un piloto con confianza es un piloto feliz. El agarre intuitivo y la sensaci\u00f3n de estabilidad del manillar dan a los usuarios una mayor sensaci\u00f3n de control, reduciendo la ansiedad y aumentando su disfrute. Para los operadores, esto se traduce en tiempos de ciclo m\u00e1s r\u00e1pidos y mayor rendimiento. Cuando los usuarios pueden guiarse con confianza hasta la zona de aterrizaje, el personal puede realizar las transferencias con mayor eficacia, manteniendo tus l\u00edneas en movimiento y a tus clientes encantados.   <\/p>\n<h2>Dise\u00f1ado para una integraci\u00f3n y versatilidad perfectas<\/h2>\n<p><b>Reequipamiento in situ sin esfuerzo<\/b> El tiempo de inactividad es costoso, por eso este manillar est\u00e1 dise\u00f1ado para una instalaci\u00f3n in situ incre\u00edblemente sencilla. Con herramientas est\u00e1ndar, tu equipo puede reequipar toda tu flota de Poleas Zippey compatibles de forma r\u00e1pida y eficaz. Esta actualizaci\u00f3n sin complicaciones significa que puedes mejorar la seguridad de tus operaciones y la experiencia de los usuarios sin una interrupci\u00f3n significativa de tu actividad diaria.  <\/p>\n<p><b>Punto de conexi\u00f3n central vers\u00e1til<\/b> Un modelo disponible incorpora un robusto bolardo central, que a\u00f1ade una capa crucial de versatilidad a tu configuraci\u00f3n. Este punto de conexi\u00f3n integrado est\u00e1 dise\u00f1ado para aceptar de forma segura un <span class=\"math-inline\"><span class=\"katex\"><span class=\"katex-html\" aria-hidden=\"true\"><span class=\"base\"><span class=\"mord\">25<\/span><span class=\"mord text\"><span class=\"mord\"> mm<\/span><\/span><\/span><\/span><\/span><\/span> (<span class=\"math-inline\"><span class=\"katex\"><span class=\"katex-html\" aria-hidden=\"true\"><span class=\"base\"><span class=\"mord\">1<\/span><span class=\"mord text\"><span class=\"mord\">&#8220;<\/span><\/span><\/span><\/span><\/span><\/span>), as\u00ed como conexiones de mosquet\u00f3n est\u00e1ndar. Esto permite realizar enganches secundarios o primarios, proporcionando a los operadores opciones de aparejo flexibles para satisfacer diversos protocolos de seguridad y necesidades operativas.  <\/p>\n<h2>Especificaciones t\u00e9cnicas<\/h2>\n<ul>\n<li><b>Peso<\/b>: <span class=\"math-inline\"><span class=\"katex\"><span class=\"katex-html\" aria-hidden=\"true\"><span class=\"base\"><span class=\"mord\">300<\/span><span class=\"mord text\"><span class=\"mord\"> g<\/span><\/span><\/span><\/span><\/span><\/span> (<span class=\"math-inline\"><span class=\"katex\"><span class=\"katex-html\" aria-hidden=\"true\"><span class=\"base\"><span class=\"mord\">10.6<\/span><span class=\"mord text\"><span class=\"mord\"> oz<\/span><\/span><\/span><\/span><\/span><\/span>)<\/li>\n<li><b>Altura<\/b>: <span class=\"math-inline\"><span class=\"katex\"><span class=\"katex-html\" aria-hidden=\"true\"><span class=\"base\"><span class=\"mord\">95<\/span><span class=\"mord text\"><span class=\"mord\"> mm<\/span><\/span><\/span><\/span><\/span><\/span> (<span class=\"math-inline\"><span class=\"katex\"><span class=\"katex-html\" aria-hidden=\"true\"><span class=\"base\"><span class=\"mord\">3.7<\/span><span class=\"mord text\"><span class=\"mord\">&#8220;<\/span><\/span><\/span><\/span><\/span><\/span>)<\/li>\n<li><b>Anchura<\/b>: <span class=\"math-inline\"><span class=\"katex\"><span class=\"katex-html\" aria-hidden=\"true\"><span class=\"base\"><span class=\"mord\">147<\/span><span class=\"mord text\"><span class=\"mord\"> mm<\/span><\/span><\/span><\/span><\/span><\/span> (<span class=\"math-inline\"><span class=\"katex\"><span class=\"katex-html\" aria-hidden=\"true\"><span class=\"base\"><span class=\"mord\">5.8<\/span><span class=\"mord text\"><span class=\"mord\">&#8220;<\/span><\/span><\/span><\/span><\/span><\/span>)<\/li>\n<li><b>Punto de conexi\u00f3n:<\/b> Acepta <span class=\"math-inline\"><span class=\"katex\"><span class=\"katex-html\" aria-hidden=\"true\"><span class=\"base\"><span class=\"mord\">25<\/span><span class=\"mord text\"><span class=\"mord\"> mm<\/span><\/span><\/span><\/span><\/span><\/span> (<span class=\"math-inline\"><span class=\"katex\"><span class=\"katex-html\" aria-hidden=\"true\"><span class=\"base\"><span class=\"mord\">1<\/span><span class=\"mord text\"><span class=\"mord\">&#8220;<\/span><\/span><\/span><\/span><\/span><\/span>) eslinga de cincha\/cuerda o mosquet\u00f3n<\/li>\n<\/ul>\n","protected":false},"excerpt":{"rendered":"<p>Mejora tu experiencia tirolinesa con el <strong>Manillar Flotante Zippey<\/strong>, dise\u00f1ado para facilitar el reequipamiento y mejorar el control del piloto. Este accesorio esencial garantiza que los usuarios mantengan una posici\u00f3n orientada hacia delante para un mejor enganche y aterrizajes m\u00e1s seguros. <\/p>\n","protected":false},"featured_media":20502,"template":"","meta":{"_coblocks_attr":"","_coblocks_dimensions":"","_coblocks_responsive_height":"","_coblocks_accordion_ie_support":"","wds_primary_product_brand":0,"wds_primary_product_cat":0},"product_brand":[677],"product_cat":[479],"product_tag":[1092,37],"class_list":{"0":"post-20535","1":"product","2":"type-product","3":"status-publish","4":"has-post-thumbnail","6":"product_brand-isc-es","7":"product_cat-poleas-de-tirolesa","8":"product_tag-handle-bar","9":"product_tag-zipline-trolley","11":"first","12":"instock","13":"taxable","14":"shipping-taxable","15":"purchasable","16":"product-type-simple"},"_links":{"self":[{"href":"https:\/\/thrillsyndicate.com\/es\/wp-json\/wp\/v2\/product\/20535","targetHints":{"allow":["GET"]}}],"collection":[{"href":"https:\/\/thrillsyndicate.com\/es\/wp-json\/wp\/v2\/product"}],"about":[{"href":"https:\/\/thrillsyndicate.com\/es\/wp-json\/wp\/v2\/types\/product"}],"wp:featuredmedia":[{"embeddable":true,"href":"https:\/\/thrillsyndicate.com\/es\/wp-json\/wp\/v2\/media\/20502"}],"wp:attachment":[{"href":"https:\/\/thrillsyndicate.com\/es\/wp-json\/wp\/v2\/media?parent=20535"}],"wp:term":[{"taxonomy":"product_brand","embeddable":true,"href":"https:\/\/thrillsyndicate.com\/es\/wp-json\/wp\/v2\/product_brand?post=20535"},{"taxonomy":"product_cat","embeddable":true,"href":"https:\/\/thrillsyndicate.com\/es\/wp-json\/wp\/v2\/product_cat?post=20535"},{"taxonomy":"product_tag","embeddable":true,"href":"https:\/\/thrillsyndicate.com\/es\/wp-json\/wp\/v2\/product_tag?post=20535"}],"curies":[{"name":"wp","href":"https:\/\/api.w.org\/{rel}","templated":true}]}}