{"id":20553,"date":"2024-04-12T15:46:27","date_gmt":"2024-04-12T13:46:27","guid":{"rendered":"https:\/\/thrillsyndicate.com\/shop\/screw-link-carabiner-10mm\/"},"modified":"2025-08-25T10:46:58","modified_gmt":"2025-08-25T08:46:58","slug":"screw-link-carabiner-10mm","status":"publish","type":"product","link":"https:\/\/thrillsyndicate.com\/es\/product\/screw-link-carabiner-10mm\/","title":{"rendered":"Mosquet\u00f3n Oval Quick Link 10mm"},"content":{"rendered":"<p data-sourcepos=\"17:1-17:461\">Para operadores profesionales en entornos industriales, equipos de rescate y cualquiera que priorice la m\u00e1xima seguridad en situaciones cr\u00edticas, este Maill\u00f3n Oval Rapide \/ Eslab\u00f3n R\u00e1pido<strong> (10 mm)<\/strong> es la elecci\u00f3n perfecta. Fabricado con acero de alta resistencia, ofrece una durabilidad inigualable y una resistencia a la rotura de 55 kN en el eje mayor. El cierre de tornillo seguro garantiza un bloqueo fiable, incluso con cargas pesadas, lo que lo convierte en una soluci\u00f3n fiable para diversas aplicaciones.   Tanto si lo conoces como Maillon Rapide, Quick Link, Screw Link o Screwlock Link, nuestro Eslab\u00f3n Oval certificado proporciona la conexi\u00f3n m\u00e1s fuerte y fiable para tu equipo de parque de aventuras.<\/p>\n<h2 data-sourcepos=\"19:1-19:69\">Resistencia inigualable, conexiones seguras:<\/h2>\n<ul data-sourcepos=\"21:1-24:0\">\n<li data-sourcepos=\"21:1-21:204\"><strong>Resistencia y durabilidad excepcionales:<\/strong> Fabricado en acero de alta calidad, este Mosquet\u00f3n de eslab\u00f3n roscado tiene una impresionante resistencia a la rotura (55 kN), lo que lo hace ideal para uso intensivo y cargas cr\u00edticas.<\/li>\n<li data-sourcepos=\"22:1-22:181\">Cierre de rosca <strong>seguro:<\/strong> El cierre de rosca ofrece un mecanismo de bloqueo fiable, que evita la apertura accidental y garantiza que las conexiones permanezcan seguras en situaciones cr\u00edticas.<\/li>\n<li data-sourcepos=\"23:1-24:0\"><strong>Certificado de seguridad:<\/strong> Este Mosquet\u00f3n cuenta con las certificaciones EN 12275 y EN 362, lo que garantiza el cumplimiento de las normas de seguridad m\u00e1s exigentes para uso profesional en sistemas de EPI.<\/li>\n<\/ul>\n<h2 data-sourcepos=\"25:1-25:81\">Construido para resistir las condiciones m\u00e1s duras:<\/h2>\n<ul data-sourcepos=\"27:1-30:0\">\n<li data-sourcepos=\"27:1-27:116\"><strong>Gran abertura de la compuerta (rosca de tornillo):<\/strong> Permite conectar f\u00e1cilmente cuerdas, eslingas y cinchas de diversos tama\u00f1os.<\/li>\n<li data-sourcepos=\"28:1-28:115\"><strong>Construcci\u00f3n de acero certificada:<\/strong> Garantiza una durabilidad excepcional y un rendimiento fiable en entornos dif\u00edciles.<\/li>\n<li data-sourcepos=\"29:1-30:0\"><strong>Dise\u00f1o compacto y ligero (137 g):<\/strong> Proporciona una resistencia excepcional para tareas exigentes a la vez que minimiza el peso para una portabilidad \u00f3ptima.<\/li>\n<\/ul>\n<h2 data-sourcepos=\"31:1-31:97\">Mosquet\u00f3n de acero Maillon Rapide \/ eslab\u00f3n r\u00e1pido &#8211; Detalles t\u00e9cnicos (10 mm):<\/h2>\n<ul data-sourcepos=\"33:1-43:23\">\n<li data-sourcepos=\"33:1-33:15\">Eslab\u00f3n Oval Certificado: El Eslab\u00f3n R\u00e1pido Maillon y el Eslab\u00f3n Screwlock para un aparejo seguro.<\/li>\n<li data-sourcepos=\"33:1-33:15\">Peso: 137 g<\/li>\n<li data-sourcepos=\"34:1-34:17\">Material: Acero<\/li>\n<li data-sourcepos=\"35:1-35:16\">Cierre: Tornillo<\/li>\n<li data-sourcepos=\"36:1-36:23\">Forma de Mosquet\u00f3n: Oval<\/li>\n<li data-sourcepos=\"37:1-37:14\">Anchura: 45 mm<\/li>\n<li data-sourcepos=\"38:1-38:15\">Longitud: 90 mm<\/li>\n<li data-sourcepos=\"39:1-39:25\">Fm\u00e1x. eje mayor: 55 kN<\/li>\n<li data-sourcepos=\"40:1-40:25\">Fm\u00e1x. eje menor: 10 kN<\/li>\n<li data-sourcepos=\"41:1-41:19\">Fm\u00e1x. abierto: 35 kN<\/li>\n<li data-sourcepos=\"42:1-42:25\">Certificaci\u00f3n: EN 12275<\/li>\n<li data-sourcepos=\"43:1-43:23\">Certificaci\u00f3n: EN 362<\/li>\n<\/ul>\n<h3>\ud83d\udc49 \u00bfEst\u00e1s buscando un art\u00edculo Edelrid espec\u00edfico que no aparece en la tienda? Vendemos toda la gama de productos de aventura, deporte y seguridad. Por favor, <strong><a href=\"https:\/\/thrillsyndicate.com\/es\/contacto\/\">env\u00eda a<\/a><\/strong> un correo electr\u00f3nico o consulta la <strong><a href=\"https:\/\/thrillsyndicate.com\/es\/edelrid-safety-price-list-2024\/\">lista de precios de seguridad aqu\u00ed<\/a><\/strong>. \ud83d\udc48<\/h3>\n","protected":false},"excerpt":{"rendered":"<p>Este Mosquet\u00f3n de eslab\u00f3n r\u00e1pido de acero <strong>resistente<\/strong> (10 mm) tiene <strong>una resistencia excepcional (55 kN)<\/strong> y un <strong>cierre de rosca seguro<\/strong>. Certificado para la seguridad, es ideal para aplicaciones profesionales en sistemas de EPI, operaciones de rescate y entornos exigentes que requieran la m\u00e1xima seguridad. <\/p>\n","protected":false},"featured_media":15092,"template":"","meta":{"_coblocks_attr":"","_coblocks_dimensions":"","_coblocks_responsive_height":"","_coblocks_accordion_ie_support":"","wds_primary_product_brand":0,"wds_primary_product_cat":0},"product_brand":[70],"product_cat":[39,813,65,843],"product_tag":[552,1052,1053,639,945],"class_list":{"0":"post-20553","1":"product","2":"type-product","3":"status-publish","4":"has-post-thumbnail","6":"product_brand-thrill-syndicate","7":"product_cat-zipstop-accessories","8":"product_cat-carabiners","9":"product_cat-connecting","10":"product_cat-connectors","11":"product_tag-conectando","12":"product_tag-enlace-rapido","13":"product_tag-maillon-rapido","14":"product_tag-mosqueton","15":"product_tag-mosqueton-de-bloqueo","17":"first","18":"instock","19":"taxable","20":"shipping-taxable","21":"purchasable","22":"product-type-simple"},"_links":{"self":[{"href":"https:\/\/thrillsyndicate.com\/es\/wp-json\/wp\/v2\/product\/20553","targetHints":{"allow":["GET"]}}],"collection":[{"href":"https:\/\/thrillsyndicate.com\/es\/wp-json\/wp\/v2\/product"}],"about":[{"href":"https:\/\/thrillsyndicate.com\/es\/wp-json\/wp\/v2\/types\/product"}],"wp:featuredmedia":[{"embeddable":true,"href":"https:\/\/thrillsyndicate.com\/es\/wp-json\/wp\/v2\/media\/15092"}],"wp:attachment":[{"href":"https:\/\/thrillsyndicate.com\/es\/wp-json\/wp\/v2\/media?parent=20553"}],"wp:term":[{"taxonomy":"product_brand","embeddable":true,"href":"https:\/\/thrillsyndicate.com\/es\/wp-json\/wp\/v2\/product_brand?post=20553"},{"taxonomy":"product_cat","embeddable":true,"href":"https:\/\/thrillsyndicate.com\/es\/wp-json\/wp\/v2\/product_cat?post=20553"},{"taxonomy":"product_tag","embeddable":true,"href":"https:\/\/thrillsyndicate.com\/es\/wp-json\/wp\/v2\/product_tag?post=20553"}],"curies":[{"name":"wp","href":"https:\/\/api.w.org\/{rel}","templated":true}]}}