{"id":20565,"date":"2024-11-07T13:01:39","date_gmt":"2024-11-07T12:01:39","guid":{"rendered":"https:\/\/thrillsyndicate.com\/shop\/quick-link-pear-shape-carabiner-12mm\/"},"modified":"2024-11-07T13:01:39","modified_gmt":"2024-11-07T12:01:39","slug":"quick-link-pear-shape-carabiner-12mm","status":"publish","type":"product","link":"https:\/\/thrillsyndicate.com\/es\/product\/quick-link-pear-shape-carabiner-12mm\/","title":{"rendered":"Mosquet\u00f3n Quick Link Forma de Pera 12mm"},"content":{"rendered":"<p>El Mosquet\u00f3n Maillon Rapide \/ Quick Link con forma de pera de 12 mm es imprescindible para los profesionales de los sectores de la aventura, el aire libre y las atracciones que dan prioridad a las conexiones seguras y de alta resistencia. Fabricado en acero galvanizado y dise\u00f1ado con forma de pera, este Mosquet\u00f3n ofrece una conexi\u00f3n suave y fiable, ideal para interconectar componentes de seguridad. Con certificaci\u00f3n EPI y cierre de rosca, proporciona una seguridad superior para los sistemas antica\u00eddas y de acceso mediante cuerdas, garantizando la tranquilidad en entornos de gran tensi\u00f3n.  <\/p>\n<hr>\n<h2>Ventajas clave<\/h2>\n<h3>Acero de alta resistencia para un rendimiento fiable<\/h3>\n<p>Fabricado en acero galvanizado, el Mosquet\u00f3n Quick Link con forma de pera de 12 mm ofrece una resistencia y una durabilidad inigualables. Su resistencia m\u00ednima a la rotura de 44 kN lo hace adecuado para aplicaciones exigentes en las que la seguridad es primordial. Este Mosquet\u00f3n soporta cargas pesadas y condiciones duras, garantizando un rendimiento constante cuando m\u00e1s importa.  <\/p>\n<h3>Mecanismo fiable de bloqueo de la compuerta roscada<\/h3>\n<p>El cierre de rosca seguro proporciona una capa adicional de protecci\u00f3n, lo que hace que este Mosquet\u00f3n sea ideal para situaciones en las que pueda producirse una carga cruzada. A diferencia de los mosquetones est\u00e1ndar, el dise\u00f1o de cierre de rosca impide la apertura accidental, garantizando que cada conexi\u00f3n permanezca estable y segura. Esto lo convierte en una elecci\u00f3n esencial para los profesionales que requieren una seguridad sin concesiones.  <\/p>\n<h3>EPI certificado para la seguridad y la trazabilidad<\/h3>\n<p>Este mosquet\u00f3n Maillon Rapide \/ Quick Link est\u00e1 certificado EPI seg\u00fan las normas EN 362 y EN 12275, lo que lo convierte en una elecci\u00f3n fiable para aplicaciones de seguridad. Cada Mosquet\u00f3n viene con un n\u00famero de identificaci\u00f3n \u00fanico grabado con l\u00e1ser en la tuerca de cierre, lo que ofrece trazabilidad y una f\u00e1cil gesti\u00f3n del inventario para el cumplimiento del equipo de seguridad. <\/p>\n<hr>\n<h2>Especificaciones y ventajas del producto<\/h2>\n<h3>Forma de pera para una conexi\u00f3n multicomponente suave<\/h3>\n<p>La forma de pera del Mosquet\u00f3n permite que varias piezas se conecten a la perfecci\u00f3n, facilitando las interconexiones en montajes complejos. Esta caracter\u00edstica de dise\u00f1o es especialmente \u00fatil para aplicaciones que requieren un ajuste seguro entre m\u00faltiples componentes, proporcionando versatilidad de uso. <\/p>\n<h3>Apertura de compuerta optimizada para aplicaciones vers\u00e1tiles<\/h3>\n<p>Con una abertura de compuerta de 23,5 mm, el Mosquet\u00f3n de Eslab\u00f3n R\u00e1pido admite una gran variedad de componentes, lo que lo hace muy adaptable para su uso en diversos entornos. Esta generosa abertura de la compuerta favorece una configuraci\u00f3n eficiente, al tiempo que mantiene conexiones seguras y fiables entre distintos tipos de equipos. <\/p>\n<h3>N\u00famero grabado con l\u00e1ser para identificaci\u00f3n individual<\/h3>\n<p>Cada Mosquet\u00f3n lleva un n\u00famero de identificaci\u00f3n \u00fanico, aplicado en f\u00e1brica, que ayuda a los usuarios que necesitan hacer un seguimiento del equipo para cumplir las normas de seguridad. Este marcado exclusivo es una caracter\u00edstica inestimable para los operadores que necesitan trazabilidad y un seguimiento preciso del equipo de seguridad en entornos profesionales. <\/p>\n<hr>\n<h2>Especificaciones completas del producto<\/h2>\n<ul>\n<li><strong>Material:<\/strong> Acero Galvanizado<\/li>\n<li><strong>Peso:<\/strong> 0,321 kg<\/li>\n<li><strong>Tama\u00f1o:<\/strong> barra de 12 mm de di\u00e1metro, 144 mm de longitud total<\/li>\n<li><strong>Acreditaci\u00f3n:<\/strong> EN 362, EN 12275<\/li>\n<li><strong>Capacidad:<\/strong> 880 kg<\/li>\n<li><strong>Apertura de la puerta:<\/strong> 23,5 mm<\/li>\n<li><strong>Forma:<\/strong> Pera<\/li>\n<li><strong>Tipo de cierre:<\/strong> Cierre de rosca<\/li>\n<li><strong>Resistencia m\u00ednima a la rotura:<\/strong> 44kN<\/li>\n<\/ul>\n","protected":false},"excerpt":{"rendered":"<p>El Mosquet\u00f3n Quick Link con forma de pera de 12 mm ofrece un rendimiento de alta resistencia con un dise\u00f1o de acero duradero, ideal para interconexiones en sistemas antica\u00eddas y de acceso mediante cuerdas. Un cierre de rosca seguro y la certificaci\u00f3n EPI lo convierten en una elecci\u00f3n de confianza para los profesionales de las actividades al aire libre. <\/p>\n","protected":false},"featured_media":17647,"template":"","meta":{"_coblocks_attr":"","_coblocks_dimensions":"","_coblocks_responsive_height":"","_coblocks_accordion_ie_support":"","wds_primary_product_brand":0,"wds_primary_product_cat":0},"product_brand":[662],"product_cat":[549,943,944],"product_tag":[552,1052,1053,639,945],"class_list":{"0":"post-20565","1":"product","2":"type-product","3":"status-publish","4":"has-post-thumbnail","6":"product_brand-thrill-syndicate-es","7":"product_cat-sistema-de-aseguramiento-continuo-saferoller","8":"product_cat-mosquetones","9":"product_cat-conectores","10":"product_tag-conectando","11":"product_tag-enlace-rapido","12":"product_tag-maillon-rapido","13":"product_tag-mosqueton","14":"product_tag-mosqueton-de-bloqueo","16":"first","17":"instock","18":"taxable","19":"shipping-taxable","20":"purchasable","21":"product-type-simple"},"_links":{"self":[{"href":"https:\/\/thrillsyndicate.com\/es\/wp-json\/wp\/v2\/product\/20565","targetHints":{"allow":["GET"]}}],"collection":[{"href":"https:\/\/thrillsyndicate.com\/es\/wp-json\/wp\/v2\/product"}],"about":[{"href":"https:\/\/thrillsyndicate.com\/es\/wp-json\/wp\/v2\/types\/product"}],"wp:featuredmedia":[{"embeddable":true,"href":"https:\/\/thrillsyndicate.com\/es\/wp-json\/wp\/v2\/media\/17647"}],"wp:attachment":[{"href":"https:\/\/thrillsyndicate.com\/es\/wp-json\/wp\/v2\/media?parent=20565"}],"wp:term":[{"taxonomy":"product_brand","embeddable":true,"href":"https:\/\/thrillsyndicate.com\/es\/wp-json\/wp\/v2\/product_brand?post=20565"},{"taxonomy":"product_cat","embeddable":true,"href":"https:\/\/thrillsyndicate.com\/es\/wp-json\/wp\/v2\/product_cat?post=20565"},{"taxonomy":"product_tag","embeddable":true,"href":"https:\/\/thrillsyndicate.com\/es\/wp-json\/wp\/v2\/product_tag?post=20565"}],"curies":[{"name":"wp","href":"https:\/\/api.w.org\/{rel}","templated":true}]}}