{"id":20570,"date":"2024-04-10T17:34:31","date_gmt":"2024-04-10T15:34:31","guid":{"rendered":"https:\/\/thrillsyndicate.com\/shop\/edelrid-steel-strong-triple-carabiner\/"},"modified":"2024-04-10T17:34:31","modified_gmt":"2024-04-10T15:34:31","slug":"edelrid-steel-strong-triple-carabiner","status":"publish","type":"product","link":"https:\/\/thrillsyndicate.com\/es\/product\/edelrid-steel-strong-triple-carabiner\/","title":{"rendered":"Mosquet\u00f3n STEEL STRONG TRIPLE de Edelrid"},"content":{"rendered":"<p data-sourcepos=\"17:1-17:412\">Para los escaladores profesionales, el personal de rescate y cualquiera que se enfrente a situaciones exigentes, el Mosquet\u00f3n Triple de Acero Fuerte Edelrid ofrece una resistencia y seguridad incomparables. Este robusto mosquet\u00f3n cuenta con un cierre de triple bloqueo a prueba de manipulaciones, una resistencia a la rotura excepcional para soportar cargas pesadas y una forma de D desplazada para un manejo \u00f3ptimo de la cuerda, lo que lo convierte en una elecci\u00f3n fiable para aplicaciones cr\u00edticas. <\/p>\n<h2 data-sourcepos=\"19:1-19:70\">Fuerza incomparable, seguridad inquebrantable:<\/h2>\n<ul data-sourcepos=\"21:1-24:0\">\n<li data-sourcepos=\"21:1-21:204\"><strong>Excepcional resistencia a la rotura:<\/strong> Fabricado con acero de alta resistencia, este Mosquet\u00f3n ofrece una resistencia a la rotura superior (50 kN eje mayor, 15 kN eje menor) para afrontar situaciones exigentes con confianza.<\/li>\n<li data-sourcepos=\"22:1-22:209\"><strong>Cierre de Triple Bloqueo para M\u00e1xima Seguridad:<\/strong> El cierre de triple bloqueo proporciona el m\u00e1ximo nivel de seguridad para las operaciones de aseguramiento, rapel y rescate, minimizando el riesgo de apertura accidental de la puerta.<\/li>\n<li data-sourcepos=\"23:1-24:0\"><strong>Manejo \u00f3ptimo de la cuerda con la forma en D desplazada:<\/strong> La forma en D desplazada permite un manejo suave de la cuerda y un enganche y desenganche eficaces, incluso cuando se trabaja con varias cuerdas.<\/li>\n<\/ul>\n<h2 data-sourcepos=\"25:1-25:79\">Caracter\u00edsticas Dise\u00f1ado para el m\u00e1ximo rendimiento:<\/h2>\n<ul data-sourcepos=\"27:1-31:0\">\n<li data-sourcepos=\"27:1-27:112\"><strong>Construcci\u00f3n de acero:<\/strong> La duradera construcci\u00f3n de acero garantiza un rendimiento duradero y una resistencia excepcional.<\/li>\n<li data-sourcepos=\"28:1-28:110\"><strong>Gran abertura de la compuerta:<\/strong> La abertura de la compuerta de 24 mm permite enganchar y desenganchar f\u00e1cilmente cuerdas y eslingas.<\/li>\n<li data-sourcepos=\"29:1-29:117\"><strong>Cierre de<\/strong> triple cerradura<strong>:<\/strong> El mecanismo de triple cerradura ofrece el m\u00e1ximo nivel de seguridad para aplicaciones cr\u00edticas.<\/li>\n<li data-sourcepos=\"30:1-31:0\"><strong>Forma de D desplazada:<\/strong> La forma en D desplazada permite un manejo \u00f3ptimo de la cuerda y configuraciones de aparejo eficientes.<\/li>\n<\/ul>\n<h2 data-sourcepos=\"32:1-32:101\">Mosquet\u00f3n triple fuerte de acero Edelrid &#8211; Detalles t\u00e9cnicos:<\/h2>\n<ul data-sourcepos=\"34:1-44:23\">\n<li data-sourcepos=\"34:1-34:15\">Peso: 267 g<\/li>\n<li data-sourcepos=\"35:1-35:17\">Material: Acero<\/li>\n<li data-sourcepos=\"36:1-36:17\">Cierre: Triple<\/li>\n<li data-sourcepos=\"37:1-37:27\">Forma de Mosquet\u00f3n: Desplazamiento D<\/li>\n<li data-sourcepos=\"38:1-38:14\">Anchura: 77 mm<\/li>\n<li data-sourcepos=\"39:1-39:16\">Longitud: 118 mm<\/li>\n<li data-sourcepos=\"40:1-40:21\">Apertura de la puerta: 24 mm<\/li>\n<li data-sourcepos=\"41:1-41:25\">Fm\u00e1x. eje mayor: 50 kN<\/li>\n<li data-sourcepos=\"42:1-42:25\">Fm\u00e1x. eje menor: 15 kN<\/li>\n<li data-sourcepos=\"43:1-43:19\">Fm\u00e1x. abierto: 20 kN<\/li>\n<li data-sourcepos=\"44:1-44:23\">Certificaci\u00f3n: EN 362<\/li>\n<\/ul>\n<h3 class=\"western\">\ud83d\udc49 \u00bfEst\u00e1s buscando un art\u00edculo Edelrid espec\u00edfico que no aparece en la tienda? Vendemos toda la gama de productos de aventura, deporte y seguridad. Por favor, <strong><a href=\"https:\/\/thrillsyndicate.com\/es\/contacto\/\">env\u00eda a<\/a><\/strong> un correo electr\u00f3nico o consulta la <strong><a href=\"https:\/\/thrillsyndicate.com\/edelrid-safety-price-list-2025\/\">lista de precios de seguridad aqu\u00ed<\/a><\/strong>. \ud83d\udc48<\/h3>\n","protected":false},"excerpt":{"rendered":"<p>El Mosquet\u00f3n Triple de Acero Fuerte Edelrid es un mosquet\u00f3n de acero <strong>excepcionalmente fuerte<\/strong> que incorpora un <strong>cierre de bloqueo triple<\/strong> para una seguridad m\u00e1xima. Este Mosquet\u00f3n tiene una resistencia a la rotura excepcional y una <strong>forma en D desplazada<\/strong> para un manejo \u00f3ptimo de la cuerda, por lo que es ideal para asegurar, rapelar, rescates y uso en entornos dif\u00edciles. <\/p>\n","protected":false},"featured_media":14830,"template":"","meta":{"_coblocks_attr":"","_coblocks_dimensions":"","_coblocks_responsive_height":"","_coblocks_accordion_ie_support":"","wds_primary_product_brand":0,"wds_primary_product_cat":0},"product_brand":[62],"product_cat":[813,843],"product_tag":[176,175,831,870],"class_list":{"0":"post-20570","1":"product","2":"type-product","3":"status-publish","4":"has-post-thumbnail","6":"product_brand-edelrid","7":"product_cat-carabiners","8":"product_cat-connectors","9":"product_tag-connecting","10":"product_tag-carabiner","11":"product_tag-locking-carabiner","12":"product_tag-triple-lock-carabiner","14":"first","15":"instock","16":"taxable","17":"shipping-taxable","18":"purchasable","19":"product-type-simple"},"_links":{"self":[{"href":"https:\/\/thrillsyndicate.com\/es\/wp-json\/wp\/v2\/product\/20570","targetHints":{"allow":["GET"]}}],"collection":[{"href":"https:\/\/thrillsyndicate.com\/es\/wp-json\/wp\/v2\/product"}],"about":[{"href":"https:\/\/thrillsyndicate.com\/es\/wp-json\/wp\/v2\/types\/product"}],"wp:featuredmedia":[{"embeddable":true,"href":"https:\/\/thrillsyndicate.com\/es\/wp-json\/wp\/v2\/media\/14830"}],"wp:attachment":[{"href":"https:\/\/thrillsyndicate.com\/es\/wp-json\/wp\/v2\/media?parent=20570"}],"wp:term":[{"taxonomy":"product_brand","embeddable":true,"href":"https:\/\/thrillsyndicate.com\/es\/wp-json\/wp\/v2\/product_brand?post=20570"},{"taxonomy":"product_cat","embeddable":true,"href":"https:\/\/thrillsyndicate.com\/es\/wp-json\/wp\/v2\/product_cat?post=20570"},{"taxonomy":"product_tag","embeddable":true,"href":"https:\/\/thrillsyndicate.com\/es\/wp-json\/wp\/v2\/product_tag?post=20570"}],"curies":[{"name":"wp","href":"https:\/\/api.w.org\/{rel}","templated":true}]}}