{"id":5238,"date":"2022-01-28T12:49:24","date_gmt":"2022-01-28T11:49:24","guid":{"rendered":"https:\/\/thrillsyndicate.com\/shop\/edelrid-smart-belay-x-mecanismo-de-bloqueo-magnetico\/"},"modified":"2026-05-07T18:12:29","modified_gmt":"2026-05-07T16:12:29","slug":"edelrid-smart-belay-x","status":"publish","type":"product","link":"https:\/\/thrillsyndicate.com\/es\/product\/edelrid-smart-belay-x\/","title":{"rendered":"Edelrid Smart Belay X | Sistema Inteligente de Aseguramiento Inteligente"},"content":{"rendered":"<p>Aprovecha el <a href=\"https:\/\/thrillsyndicate.com\/es\/maximiza-los-beneficios-de-tu-parque-con-el-programa-de-intercambio-x-inteligente\/\">canje de Smart Belay X<\/a> antes del 31 de mayo de 2026 para cambiar cualquier sistema de aseguramiento anticuado por un enorme <b data-path-to-node=\"1,1,0\" data-index-in-node=\"116\">descuento de 100 euros en cada dispositivo nuevo<\/b>.<\/p>\n<h2>Precios por volumen disponibles para pedidos de 25, 50, 100 \u00f3 200 unidades<\/h2>\n<p>Para los operadores de parques de aventura, el cuello de botella suele estar en las instrucciones de seguridad y los traslados en tirolina. El <b>Asegurador Inteligente X de Edelrid<\/b> lo resuelve integrando la tecnolog\u00eda de mosquetones comunicantes con un nuevo <b>Cierre Magn\u00e9tico de Seguridad<\/b>. A diferencia de los sistemas tradicionales, el Asegurador Inteligente X s\u00f3lo libera el gatillo cuando detecta el cable de acero, evitando el desenganche accidental. Con rodillos de acero incorporados, este <b>sistema de aseguramiento inteligente<\/b> permite a los usuarios pasar sin problemas de los elementos de escalada a las tirolinas sin cambiar de equipo, lo que reduce significativamente los tiempos de espera y aumenta el retorno de la inversi\u00f3n operativa.   <\/p>\n<h2 data-path-to-node=\"8\">Aplicaciones ideales<\/h2>\n<ul data-path-to-node=\"9\">\n<li>\n<p data-path-to-node=\"9,0,0\"><b>Parques de aventura de alto rendimiento:<\/b> Reduce la fricci\u00f3n del ciclista y el manejo del engranaje.<\/p>\n<\/li>\n<li>\n<p data-path-to-node=\"9,1,0\"><b>Cursos de tirolesa:<\/b> Las Poleas integradas eliminan la necesidad de utilizar poleas separadas.<\/p>\n<\/li>\n<li>\n<p data-path-to-node=\"9,2,0\"><b>Educativo y de trabajo en equipo:<\/b> La &#8220;Barra Piloto&#8221; ofrece un manejo intuitivo y protecci\u00f3n contra el estrangulamiento para escaladores inexpertos.<\/p>\n<\/li>\n<li>\n<p data-path-to-node=\"9,3,0\"><b>Proyectos de adaptaci\u00f3n:<\/b> Compatible con l\u00edneas de cable existentes de 10 mm &#8211; 13 mm (0,39 &#8211; 0,51 pulg.) sin cambios en la infraestructura.<\/p>\n<\/li>\n<\/ul>\n<h2 data-path-to-node=\"10\">Especificaciones t\u00e9cnicas<\/h2>\n<ul data-path-to-node=\"11\">\n<li>\n<p data-path-to-node=\"11,0,0\"><b>Certificaciones:<\/b> EN 17109 (Clase D), EN 15567 (compatible).<\/p>\n<\/li>\n<li>\n<p data-path-to-node=\"11,1,0\"><b>Compatibilidad del cable:<\/b> cable de acero de 10 mm &#8211; 13 mm (0,39 &#8211; 0,51 pulg.).<\/p>\n<\/li>\n<li>\n<p data-path-to-node=\"11,2,0\"><b>Peso:<\/b> 1400 g (3,09 lbs).<\/p>\n<\/li>\n<li>\n<p data-path-to-node=\"11,3,0\"><b>Longitud del elemento de amarre:<\/b> 85 cm (33,5 pulg.).<\/p>\n<\/li>\n<li>\n<p data-path-to-node=\"11,4,0\"><b>Mecanismo de seguridad:<\/b> Mosquetones comunicantes con cierre magn\u00e9tico de seguridad (se abre s\u00f3lo al contacto con el cable).<\/p>\n<\/li>\n<li>\n<p data-path-to-node=\"11,5,0\"><b>Seguimiento:<\/b> Transpondedor RFID integrado para una gesti\u00f3n eficaz de los EPI.<\/p>\n<\/li>\n<li>\n<p data-path-to-node=\"11,6,0\"><b>Sistema de poleas:<\/b> Rodillos de acero integrados en la espina del Mosquet\u00f3n.<\/p>\n<\/li>\n<\/ul>\n<p><img loading=\"lazy\" decoding=\"async\" class=\"aligncenter wp-image-66 size-full\" src=\"https:\/\/thrillsyndicate.com\/wp-content\/uploads\/2022\/01\/SmartBelayX_banner_1200.jpg\" alt=\"Certificaci\u00f3n EN 17109 Clase D. El asegurador Edelrid Smart Belay X se adapta a cables de 10-13 mm y dispone de seguimiento RFID. Actualiza hoy mismo tu flota de equipos.\" width=\"1200\" height=\"417\" srcset=\"https:\/\/thrillsyndicate.com\/wp-content\/uploads\/2022\/01\/SmartBelayX_banner_1200.jpg 1200w, https:\/\/thrillsyndicate.com\/wp-content\/uploads\/2022\/01\/SmartBelayX_banner_1200-458x159.jpg 458w, https:\/\/thrillsyndicate.com\/wp-content\/uploads\/2022\/01\/SmartBelayX_banner_1200-300x104.jpg 300w, https:\/\/thrillsyndicate.com\/wp-content\/uploads\/2022\/01\/SmartBelayX_banner_1200-1024x356.jpg 1024w, https:\/\/thrillsyndicate.com\/wp-content\/uploads\/2022\/01\/SmartBelayX_banner_1200-768x267.jpg 768w, https:\/\/thrillsyndicate.com\/wp-content\/uploads\/2022\/01\/SmartBelayX_banner_1200-100x35.jpg 100w\" sizes=\"auto, (max-width: 1200px) 100vw, 1200px\" \/><\/p>\n<table>\n<tbody>\n<tr>\n<td><strong>Uso intuitivo, incluso para ni\u00f1os<\/strong><\/td>\n<td><strong> La Barra Piloto ayuda a evitar el estrangulamiento<\/strong><\/td>\n<\/tr>\n<tr>\n<td><strong>Permite el adelantamiento y el movimiento flexible de los visitantes en los elementos del recorrido<\/strong><\/td>\n<td><strong> La Barra Piloto puede mantenerse en tramos dif\u00edciles del recorrido<\/strong><\/td>\n<\/tr>\n<tr>\n<td><strong>Evacuaci\u00f3n r\u00e1pida y f\u00e1cil gracias al abridor<\/strong><\/td>\n<td><strong>La Barra Piloto ayuda a controlar la direcci\u00f3n en las tirolinas (las manos no tocan el cable de acero<br \/>\n)<\/strong><\/td>\n<\/tr>\n<tr>\n<td><strong>No es necesario cambiar a una polea doble para tirolinas gracias al Mosquet\u00f3n de polea Smart Belay<\/strong><\/td>\n<td><strong> Utilizable universalmente para todos los elementos del recorrido y con todos los dispositivos<\/strong><\/td>\n<\/tr>\n<\/tbody>\n<\/table>\n<figure id=\"attachment_897\" aria-describedby=\"caption-attachment-897\" style=\"width: 980px\" class=\"wp-caption aligncenter\"><img loading=\"lazy\" decoding=\"async\" class=\"wp-image-897 size-large\" src=\"https:\/\/thrillsyndicate.com\/wp-content\/uploads\/2022\/01\/ED_Microsites_SmartBelayX_banner-gerade1EN-1024x355.jpg\" alt=\"El Asegurador Inteligente X Edelrid combina la seguridad magn\u00e9tica con poleas integradas para una escalada sin fisuras. El sistema de aseguramiento inteligente definitivo para operadores. C\u00f3mpralo ahora.\" width=\"980\" height=\"340\" srcset=\"https:\/\/thrillsyndicate.com\/wp-content\/uploads\/2022\/01\/ED_Microsites_SmartBelayX_banner-gerade1EN-1024x355.jpg 1024w, https:\/\/thrillsyndicate.com\/wp-content\/uploads\/2022\/01\/ED_Microsites_SmartBelayX_banner-gerade1EN-458x159.jpg 458w, https:\/\/thrillsyndicate.com\/wp-content\/uploads\/2022\/01\/ED_Microsites_SmartBelayX_banner-gerade1EN-300x104.jpg 300w, https:\/\/thrillsyndicate.com\/wp-content\/uploads\/2022\/01\/ED_Microsites_SmartBelayX_banner-gerade1EN-768x266.jpg 768w, https:\/\/thrillsyndicate.com\/wp-content\/uploads\/2022\/01\/ED_Microsites_SmartBelayX_banner-gerade1EN-1536x533.jpg 1536w, https:\/\/thrillsyndicate.com\/wp-content\/uploads\/2022\/01\/ED_Microsites_SmartBelayX_banner-gerade1EN-100x35.jpg 100w, https:\/\/thrillsyndicate.com\/wp-content\/uploads\/2022\/01\/ED_Microsites_SmartBelayX_banner-gerade1EN.jpg 1903w\" sizes=\"auto, (max-width: 980px) 100vw, 980px\" \/><figcaption id=\"caption-attachment-897\" class=\"wp-caption-text\">Una nueva caracter\u00edstica es el mecanismo de bloqueo magn\u00e9tico: el mecanismo de apertura del Smart Belay solo se libera mediante un im\u00e1n integrado despu\u00e9s del contacto con el cable de acero.<\/figcaption><\/figure>\n<h2 data-path-to-node=\"12\">Eficiencia operativa e ingenier\u00eda<\/h2>\n<p data-path-to-node=\"13\">El <b>Anclaje Inteligente X<\/b> est\u00e1 dise\u00f1ado para impulsar la ROI mediante la velocidad y la seguridad. El sistema de <b>mosquet\u00f3n comunicante<\/b> impide mec\u00e1nicamente que ambos mosquetones se abran simult\u00e1neamente. Esta redundancia se ve reforzada por el cierre magn\u00e9tico, que a\u00f1ade una capa de verificaci\u00f3n basada en sensores, garantizando que el gatillo <i>s\u00f3lo<\/i> pueda abrirse cuando se presiona activamente contra la l\u00ednea de seguridad vital.  <\/p>\n<ul data-path-to-node=\"14\">\n<li>\n<p data-path-to-node=\"14,0,0\"><b>Mayor rendimiento:<\/b> Las poleas integradas permiten a los jinetes rodar libremente por las tirolinas. Esto elimina el paso de &#8220;doble transferencia de polea&#8221;, ahorrando entre 30 y 60 segundos por tirolina y reduciendo la intervenci\u00f3n del instructor. <\/p>\n<\/li>\n<li>\n<p data-path-to-node=\"14,1,0\"><b>Gesti\u00f3n RFID:<\/b> Los chips RFID UHF incorporados permiten escanear r\u00e1pidamente el estado del equipo y los ciclos de uso, agilizando el proceso de inspecci\u00f3n diaria.<\/p>\n<\/li>\n<\/ul>\n<h2>Mantenimiento y ciclo de vida<\/h2>\n<p data-path-to-node=\"16\">Construido para los rigores del uso comercial, el Anclaje Inteligente X presenta un <b>dise\u00f1o modular<\/b>. A diferencia de los sistemas remachados, que requieren una sustituci\u00f3n total cuando se desgastan, los componentes clave, como la barra de pilotaje, el elemento de amarre y el absorbedor de energ\u00eda, son sustituibles sobre el terreno. <\/p>\n<ul data-path-to-node=\"17\">\n<li>\n<p data-path-to-node=\"17,0,0\"><b>Durabilidad:<\/b> Los rodillos de acero reducen el desgaste del cuerpo del Mosquet\u00f3n durante la cremallera.<\/p>\n<\/li>\n<li>\n<p data-path-to-node=\"17,1,0\"><b>Facilidad de mantenimiento:<\/b> La construcci\u00f3n modular permite reparaciones rentables y una mayor vida \u00fatil del producto.<\/p>\n<\/li>\n<li>\n<p data-path-to-node=\"17,2,0\"><b>Inspecci\u00f3n:<\/b> El personal puede realizar comprobaciones funcionales de forma independiente; las inspecciones anuales completas pueden ser realizadas por socios de servicio formados.<\/p>\n<\/li>\n<\/ul>\n<h2 data-path-to-node=\"18\">Preguntas frecuentes de expertos<\/h2>\n<p data-path-to-node=\"19\"><b>P: \u00bfCon qu\u00e9 di\u00e1metro de cable es compatible el Antica\u00eddas Inteligente X?<\/b>  R: Est\u00e1 certificado para su uso en cables de acero de entre 10 mm y 13 mm (0,39 &#8211; 0,51 pulg.).<\/p>\n<p data-path-to-node=\"20\"><b>P: \u00bfEste sistema requiere un Polea independiente para las tirolinas?<\/b>  R: No. Los Mosquetones llevan poleas de acero integradas, lo que les permite funcionar como una polea en las tirolinas, acelerando significativamente el flujo del recorrido. <\/p>\n<p data-path-to-node=\"21\"><b>P: \u00bfC\u00f3mo funciona la funci\u00f3n de bloqueo magn\u00e9tico?<\/b>  R: El mecanismo de la puerta contiene un sensor que detecta la firma magn\u00e9tica del cable de acero. La puerta no se desbloquear\u00e1 f\u00edsicamente a menos que est\u00e9 en contacto directo con el cable, lo que evita el &#8220;enganche por aire&#8221;. <\/p>\n<p data-path-to-node=\"22\"><b>P: \u00bfEs compatible el Smart Belay X con la norma EN 17109?<\/b>  R: S\u00ed, est\u00e1 totalmente certificado seg\u00fan la norma EN 17109 Clase D, la norma para sistemas de seguridad continua (cuando se utilizan correctamente) y sistemas de aseguramiento comunicantes.<\/p>\n<p><iframe loading=\"lazy\" title=\"EDELRID Smart Belay X\" width=\"980\" height=\"551\" src=\"https:\/\/www.youtube.com\/embed\/POXGpObYqCk?feature=oembed\" frameborder=\"0\" allow=\"accelerometer; autoplay; clipboard-write; encrypted-media; gyroscope; picture-in-picture\" allowfullscreen><\/iframe><\/p>\n<h3 class=\"western\">\ud83d\udc49 \u00bfEst\u00e1s buscando un art\u00edculo Edelrid espec\u00edfico que no aparece en la tienda? Vendemos toda la gama de productos de aventura, deporte y seguridad. Por favor, <strong><a href=\"https:\/\/thrillsyndicate.com\/es\/contacto\/\">env\u00eda a<\/a><\/strong> un correo electr\u00f3nico o consulta la <strong><a href=\"https:\/\/thrillsyndicate.com\/edelrid-safety-price-list-2025\/\">lista de precios de seguridad aqu\u00ed<\/a><\/strong>. \ud83d\udc48<\/h3>\n","protected":false},"excerpt":{"rendered":"<p>El Edelrid Smart Belay X es el sistema de aseguramiento inteligente comunicador l\u00edder del sector, dise\u00f1ado para maximizar el rendimiento y la seguridad en parques de aventura de gran afluencia. Con tecnolog\u00eda de bloqueo magn\u00e9tico y poleas de acero integradas, elimina la necesidad de poleas de tirolina separadas, al tiempo que garantiza una seguridad de sujeci\u00f3n del 100%. <\/p>\n","protected":false},"featured_media":2347,"template":"","meta":{"_coblocks_attr":"","_coblocks_dimensions":"","_coblocks_responsive_height":"","_coblocks_accordion_ie_support":"","wds_primary_product_brand":0,"wds_primary_product_cat":0},"product_brand":[62],"product_cat":[3,4],"product_tag":[442,439,440,441],"class_list":{"0":"post-5238","1":"product","2":"type-product","3":"status-publish","4":"has-post-thumbnail","6":"product_brand-edelrid","7":"product_cat-ropes-course-belay-systems","8":"product_cat-edelrid-smart-belay","9":"product_tag-curso-de-cuerdas","10":"product_tag-aseguramiento-inteligente-edelrid","11":"product_tag-sistemas-de-seguridad","12":"product_tag-aseguramiento-inteligente-x","14":"first","15":"instock","16":"taxable","17":"shipping-taxable","18":"purchasable","19":"product-type-variable","20":"has-default-attributes"},"_links":{"self":[{"href":"https:\/\/thrillsyndicate.com\/es\/wp-json\/wp\/v2\/product\/5238","targetHints":{"allow":["GET"]}}],"collection":[{"href":"https:\/\/thrillsyndicate.com\/es\/wp-json\/wp\/v2\/product"}],"about":[{"href":"https:\/\/thrillsyndicate.com\/es\/wp-json\/wp\/v2\/types\/product"}],"wp:featuredmedia":[{"embeddable":true,"href":"https:\/\/thrillsyndicate.com\/es\/wp-json\/wp\/v2\/media\/2347"}],"wp:attachment":[{"href":"https:\/\/thrillsyndicate.com\/es\/wp-json\/wp\/v2\/media?parent=5238"}],"wp:term":[{"taxonomy":"product_brand","embeddable":true,"href":"https:\/\/thrillsyndicate.com\/es\/wp-json\/wp\/v2\/product_brand?post=5238"},{"taxonomy":"product_cat","embeddable":true,"href":"https:\/\/thrillsyndicate.com\/es\/wp-json\/wp\/v2\/product_cat?post=5238"},{"taxonomy":"product_tag","embeddable":true,"href":"https:\/\/thrillsyndicate.com\/es\/wp-json\/wp\/v2\/product_tag?post=5238"}],"curies":[{"name":"wp","href":"https:\/\/api.w.org\/{rel}","templated":true}]}}