{"id":5354,"date":"2022-02-19T15:53:40","date_gmt":"2022-02-19T14:53:40","guid":{"rendered":"https:\/\/thrillsyndicate.com\/shop\/autoaseguramiento-trublue-iq-45-20-metros\/"},"modified":"2025-11-03T13:38:40","modified_gmt":"2025-11-03T12:38:40","slug":"trublue-iq-auto-belay","status":"publish","type":"product","link":"https:\/\/thrillsyndicate.com\/es\/product\/trublue-iq-auto-belay\/","title":{"rendered":"Autoaseguramiento TRUBLUE iQ | 4,5 &#8211; 20 metros"},"content":{"rendered":"<p><strong>\u00a1Canjee cualquier Autoaseguramiento! &#8211;  <\/strong>Tenemos una <a href=\"https:\/\/thrillsyndicate.com\/es\/programa-de-intercambio-de-autoaseguramiento-trublue-iq\/\"><strong>promoci\u00f3n de intercambio<\/strong><\/a> en el Autoaseguramiento TRUBLUE iQ: Cambie su antiguo modelo<strong>(\u00a1de cualquier marca<\/strong>!) por el nuevo TRUBLUE iQ y obtenga una <b><a href=\"https:\/\/thrillsyndicate.com\/es\/programa-de-intercambio-de-autoaseguramiento-trublue-iq\/\">promoci\u00f3n de intercambio de 450 euros<\/a>.<\/b><\/p>\n<p>El TRUBLUE iQ Auto Belay es la pr\u00f3xima generaci\u00f3n de autoaseguradores para muros de escalada en interiores y exteriores. Dise\u00f1ados para la industria de la escalada, miles de TRUBLUE se utilizan en todo el mundo en gimnasios de escalada, curso de cuerdas forestales altas, centros de entretenimiento familiar y mucho m\u00e1s.<\/p>\n<p>El sistema de frenado magn\u00e9tico autorregulable de TRUBLUE es el resultado de a\u00f1os de investigaci\u00f3n, desarrollo y pruebas. Nuestro autoaseguramiento est\u00e1 dise\u00f1ado para escaladores y dise\u00f1ado para la seguridad. Los sistemas de seguridad para autom\u00f3viles TRUBLUE est\u00e1n dise\u00f1ados para cumplir con los est\u00e1ndares de seguridad m\u00e1s estrictos, incluidas pruebas exhaustivas realizadas por uno de los organismos de certificaci\u00f3n l\u00edderes en el mundo, T\u00dcV\/S\u00dcD Service GmbH.<\/p>\n<p><strong>El TRUBLUE iQ est\u00e1 disponible en dos longitudes de cinta:<\/strong><\/p>\n<ul>\n<li>12,5 metros (41 pies)<\/li>\n<li>20 metros (65 pies)<\/li>\n<\/ul>\n<p><strong>Conectores de correas TRUBLUE iQ:<\/strong><\/p>\n<table class=\"has-fixed-layout\" style=\"width: 100%; height: 359.751px;\">\n<tbody>\n<tr style=\"height: 151.797px;\">\n<td style=\"width: 33.2821%; height: 151.797px;\"><img loading=\"lazy\" decoding=\"async\" class=\"wp-image-17116 aligncenter\" style=\"display: block; margin-left: auto; margin-right: auto;\" src=\"https:\/\/thrillsyndicate.com\/wp-content\/uploads\/2024\/10\/Steel_Carabiner.png\" alt=\"Mosquet\u00f3n de acero: Nuestro conector est\u00e1ndar. Duradero y de larga duraci\u00f3n, con protecci\u00f3n de bloqueo autom\u00e1tico de triple acci\u00f3n. Uso recomendado: Salas de Escalada y Centros Recreativos\" width=\"150\" height=\"150\" srcset=\"https:\/\/thrillsyndicate.com\/wp-content\/uploads\/2024\/10\/Steel_Carabiner.png 250w, https:\/\/thrillsyndicate.com\/wp-content\/uploads\/2024\/10\/Steel_Carabiner-100x100.png 100w, https:\/\/thrillsyndicate.com\/wp-content\/uploads\/2024\/10\/Steel_Carabiner-150x150.png 150w\" sizes=\"auto, (max-width: 150px) 100vw, 150px\" \/><\/td>\n<td class=\"has-text-align-center\" style=\"text-align: center; width: 32.9746%; height: 151.797px;\" data-align=\"center\"><img loading=\"lazy\" decoding=\"async\" class=\"wp-image-17112 aligncenter\" src=\"https:\/\/thrillsyndicate.com\/wp-content\/uploads\/2024\/10\/Aluminum_Carabiner.png\" alt=\"Mosquet\u00f3n de aluminio: M\u00e1s ligero que el acero e ideal para uso en exteriores y entornos corrosivos. Uso recomendado: Salas de Escalada, Centros Recreativos y Campamentos\" width=\"150\" height=\"150\" srcset=\"https:\/\/thrillsyndicate.com\/wp-content\/uploads\/2024\/10\/Aluminum_Carabiner.png 250w, https:\/\/thrillsyndicate.com\/wp-content\/uploads\/2024\/10\/Aluminum_Carabiner-100x100.png 100w, https:\/\/thrillsyndicate.com\/wp-content\/uploads\/2024\/10\/Aluminum_Carabiner-150x150.png 150w\" sizes=\"auto, (max-width: 150px) 100vw, 150px\" \/><\/td>\n<td class=\"has-text-align-center\" style=\"text-align: center; width: 33.7433%; height: 151.797px;\" data-align=\"center\"><img loading=\"lazy\" decoding=\"async\" class=\"wp-image-17108 aligncenter\" src=\"https:\/\/thrillsyndicate.com\/wp-content\/uploads\/2024\/10\/Swivel.png\" alt=\"Aventura Giratoria: Una soluci\u00f3n vers\u00e1til para instalaciones que requieren conectores secundarios y operaciones \u00fanicas. Uso recomendado: Parques de Aventura\" width=\"150\" height=\"150\" srcset=\"https:\/\/thrillsyndicate.com\/wp-content\/uploads\/2024\/10\/Swivel.png 250w, https:\/\/thrillsyndicate.com\/wp-content\/uploads\/2024\/10\/Swivel-100x100.png 100w, https:\/\/thrillsyndicate.com\/wp-content\/uploads\/2024\/10\/Swivel-150x150.png 150w\" sizes=\"auto, (max-width: 150px) 100vw, 150px\" \/><\/td>\n<\/tr>\n<tr style=\"height: 20.7969px;\">\n<td style=\"text-align: center; width: 33.2821%; height: 20.7969px;\"><strong>Mosquet\u00f3n de acero<\/strong><\/td>\n<td class=\"has-text-align-center\" style=\"text-align: center; width: 32.9746%; height: 20.7969px;\" data-align=\"center\"><strong>Mosquet\u00f3n de aluminio<\/strong><\/td>\n<td class=\"has-text-align-center\" style=\"text-align: center; width: 33.7433%; height: 20.7969px;\" data-align=\"center\"><strong>Eslab\u00f3n giratorio Adventure<\/strong><\/td>\n<\/tr>\n<tr style=\"height: 124.766px;\">\n<td style=\"text-align: center; width: 33.2821%; height: 124.766px;\">Nuestro conector est\u00e1ndar. Duradero y de larga duraci\u00f3n con protecci\u00f3n de bloqueo autom\u00e1tico de triple acci\u00f3n. <\/td>\n<td class=\"has-text-align-center\" style=\"text-align: center; width: 32.9746%; height: 124.766px;\" data-align=\"center\">M\u00e1s ligero que el acero e ideal para uso en exteriores y entornos corrosivos.<\/td>\n<td class=\"has-text-align-center\" style=\"text-align: center; width: 33.7433%; height: 124.766px;\" data-align=\"center\">Una soluci\u00f3n vers\u00e1til para instalaciones que requieren conectores secundarios y operaciones \u00fanicas.<\/td>\n<\/tr>\n<tr style=\"height: 20.7969px;\">\n<td style=\"text-align: center; width: 33.2821%; height: 20.7969px;\"><strong>Uso recomendado:<\/strong><\/td>\n<td class=\"has-text-align-center\" style=\"text-align: center; width: 32.9746%; height: 20.7969px;\" data-align=\"center\"><strong>Uso recomendado:<\/strong><\/td>\n<td class=\"has-text-align-center\" style=\"text-align: center; width: 33.7433%; height: 20.7969px;\" data-align=\"center\"><strong>Uso recomendado:<\/strong><\/td>\n<\/tr>\n<tr style=\"height: 41.5938px;\">\n<td style=\"text-align: center; width: 33.2821%; height: 41.5938px;\">Salas de Escalada y Centros Recreativos<\/td>\n<td class=\"has-text-align-center\" style=\"text-align: center; width: 32.9746%; height: 41.5938px;\" data-align=\"center\">Salas de Escalada, Centros Recreativos y Campamentos<\/td>\n<td class=\"has-text-align-center\" style=\"text-align: center; width: 33.7433%; height: 41.5938px;\" data-align=\"center\">Parques de Aventura<\/td>\n<\/tr>\n<\/tbody>\n<\/table>\n<table class=\"has-fixed-layout\" style=\"width: 66.4363%; height: 359.751px;\">\n<tbody>\n<tr style=\"height: 151.797px;\">\n<td class=\"has-text-align-center\" style=\"text-align: center; width: 49.9104%; height: 151.797px;\" data-align=\"center\"><img loading=\"lazy\" decoding=\"async\" class=\"wp-image-17104 aligncenter\" src=\"https:\/\/thrillsyndicate.com\/wp-content\/uploads\/2024\/10\/Open_Loop.png\" alt=\"Lazo abierto Punto de enganche de resistencia total dise\u00f1ado para alojar Conectores Antidesenganche homologados. Uso recomendado: Escaladas divertidas y FEC\" width=\"150\" height=\"150\" srcset=\"https:\/\/thrillsyndicate.com\/wp-content\/uploads\/2024\/10\/Open_Loop.png 250w, https:\/\/thrillsyndicate.com\/wp-content\/uploads\/2024\/10\/Open_Loop-100x100.png 100w, https:\/\/thrillsyndicate.com\/wp-content\/uploads\/2024\/10\/Open_Loop-150x150.png 150w\" sizes=\"auto, (max-width: 150px) 100vw, 150px\" \/><\/td>\n<td style=\"text-align: center; width: 50.0914%; height: 151.797px;\"><img decoding=\"async\" class=\"wp-image-17104 aligncenter\" src=\"https:\/\/thrillsyndicate.com\/wp-content\/uploads\/2022\/02\/tru-clip-02-ws.jpg\" width=\"150\"><\/td>\n<\/tr>\n<tr style=\"height: 20.7969px;\">\n<td class=\"has-text-align-center\" style=\"text-align: center; width: 49.9104%; height: 20.7969px;\" data-align=\"center\"><strong>Lazo abierto<\/strong><\/td>\n<td style=\"text-align: center; width: 50.0914%; height: 20.7969px;\"><strong>Conector TRU-CLIP<\/strong><\/td>\n<\/tr>\n<tr style=\"height: 124.766px;\">\n<td class=\"has-text-align-center\" style=\"text-align: center; width: 49.9104%; height: 124.766px;\" data-align=\"center\">Punto de enganche de resistencia total dise\u00f1ado para alojar conectores antidesenganche homologados.<\/td>\n<td style=\"text-align: center; width: 50.0914%; height: 124.766px;\">Elimina la posibilidad de enganches incorrectos utilizando una conexi\u00f3n secuenciada.<\/td>\n<\/tr>\n<tr style=\"height: 20.7969px;\">\n<td class=\"has-text-align-center\" style=\"text-align: center; width: 49.9104%; height: 20.7969px;\" data-align=\"center\"><strong>Uso recomendado:<\/strong><\/td>\n<td style=\"text-align: center; width: 50.0914%; height: 20.7969px;\"><strong>Uso recomendado:<\/strong><\/td>\n<\/tr>\n<tr style=\"height: 41.5938px;\">\n<td class=\"has-text-align-center\" style=\"text-align: center; width: 49.9104%; height: 41.5938px;\" data-align=\"center\">Escaladas divertidas y FEC<\/td>\n<td style=\"text-align: center; width: 50.0914%; height: 41.5938px;\">Salas de Escalada, Escaladas Divertidas y FECs<\/td>\n<\/tr>\n<\/tbody>\n<\/table>\n<p><strong>Nota:<\/strong> Al seleccionar el <strong><a href=\"https:\/\/thrillsyndicate.com\/shop\/tru-clip-connector\/\">TRU-CLIP Connector<\/a><\/strong> como tu conector de correas preferido, es posible que necesites <a href=\"https:\/\/thrillsyndicate.com\/shop\/tru-clip-key-links\/\">eslabones clave<\/a> adicionales para un funcionamiento \u00f3ptimo.<\/p>\n<p><strong>Tecnolog\u00eda avanzada<\/strong><\/p>\n<ul>\n<li>Descenso suave: el sistema de frenado autorregulador tiene una variaci\u00f3n m\u00ednima en la tasa de descenso en el rango de peso del usuario.<\/li>\n<li>Fiabilidad sin sacrificar piezas de desgaste: tecnolog\u00eda magn\u00e9tica sin contacto.<\/li>\n<li>Dise\u00f1ado para uso en interiores o exteriores.<\/li>\n<li>M\u00ednimo mantenimiento y bajo costo de propiedad.<\/li>\n<li>Disponible con cuatro tipos de conexi\u00f3n de correas para adaptarse a las necesidades de su instalaci\u00f3n.<\/li>\n<\/ul>\n<p><strong>Seguridad<\/strong><\/p>\n<ul>\n<li>Cumple con los est\u00e1ndares de seguridad internacionales: TRUBLUE est\u00e1 dise\u00f1ado para escaladores y dise\u00f1ado para la seguridad. Dise\u00f1amos TRUBLUE para cumplir con los est\u00e1ndares de seguridad internacionales para dispositivos de detenci\u00f3n de ca\u00eddas.<\/li>\n<li>Extensas pruebas de seguridad: Durante m\u00e1s de cuatro a\u00f1os, el sistema de seguridad autom\u00e1tico TRUBLUE ha sido sometido a extensas pruebas de seguridad por parte de una empresa acreditada ISO 17025 que se especializa en pruebas de productos.<\/li>\n<\/ul>\n<p><iframe loading=\"lazy\" title=\"TRUBLUE iQ Auto Belay Series - Next Generation Auto Belay\" width=\"980\" height=\"551\" src=\"https:\/\/www.youtube.com\/embed\/pTpy-9rKWwE?feature=oembed\" frameborder=\"0\" allow=\"accelerometer; autoplay; clipboard-write; encrypted-media; gyroscope; picture-in-picture\" allowfullscreen><\/iframe><\/p>\n<h2>ESPECIFICACIONES<\/h2>\n<p>Con el mismo frenado magn\u00e9tico que los escaladores aman y en el que conf\u00edan, \u00a1ahora m\u00e1s duradero y liviano que nunca!<\/p>\n<ul class=\"hrt-specs\">\n<li><strong>Dimensiones:<\/strong>\n<ul>\n<li>iQ: 370 x 280 x 198 mm (14,5 x 11 x 7,7 pulgadas)<\/li>\n<li>iQ+: 370 x 280 x 254 mm (14,5 x 11 x 10 pulgadas)<\/li>\n<\/ul>\n<\/li>\n<li><strong>Peso:<\/strong>\n<ul>\n<li>iQ LT: 15,9 kg (35 libras)<\/li>\n<li>iQ XL: 19 kg (41 libras)<\/li>\n<li>iQ+ LT: 19 kg (41,8 libras)<\/li>\n<li>iQ+ XL: 22,1 kg (48,7 libras)<\/li>\n<\/ul>\n<\/li>\n<li><strong>Rango de peso del escalador:<\/strong> 10-140 kg (22-309 lbs)<\/li>\n<li><strong>Velocidad m\u00e1xima de aterrizaje:<\/strong> 2,0 m\/s (6,5 pies\/s)<\/li>\n<li><strong>Altura m\u00e1xima de montaje:<\/strong>\n<ul>\n<li>LT: 12,5 m (41 pies)<\/li>\n<li>XL: 20 m (65,6 pies)<\/li>\n<\/ul>\n<\/li>\n<li><strong>Altura m\u00ednima de montaje:<\/strong>\n<ul>\n<li>LT: 4,5 m (14,8 pies)<\/li>\n<li>XL: 12 m (39,4 pies)<\/li>\n<\/ul>\n<\/li>\n<li>Rango de temperatura:\n<ul>\n<li>En funcionamiento: -4 \u00b0C a 60 \u00b0C (25 \u00b0F a 140 \u00b0F)<\/li>\n<li>En funcionamiento (seco): -10 \u00b0C a 60 \u00b0C (14 \u00b0F a 140 \u00b0F)<\/li>\n<\/ul>\n<\/li>\n<\/ul>\n<h2 class=\"product-title ecomproduct__product-title\">Servicio anual de Trublue iQ<\/h2>\n<p>Para mantener la garant\u00eda de tu TRUBLUE iQ y asegurar el cumplimiento de las normas de seguridad, todos los aparatos deben someterse a una <a href=\"https:\/\/thrillsyndicate.com\/shop\/trublue-iq-auto-belay-annual-service\/\">revisi\u00f3n anual<\/a>. El servicio es un proceso anual para asegurarte de que tu TRUBLUE iQ funciona correctamente y de que se sustituyen las piezas desgastadas, como las correas. El mantenimiento de tu TRUBLUE iQ a tiempo ayuda a mantener la garant\u00eda y a maximizar el rendimiento. El servicio anual tambi\u00e9n es obligatorio para garantizar el cumplimiento de las normas de seguridad como la CE y la ANSI. La cuota anual del servicio Trublue iQ es de 239,00 euros.<\/p>\n<h2>EST\u00c1NDARES DE SEGURIDAD<\/h2>\n<p>Todos los d\u00edas, los gimnasios, campamentos, parques de aventuras y m\u00e1s tienen que elegir cuando eligen un sistema de seguridad autom\u00e1tico para su negocio. Con vidas literalmente en juego, nos tomamos la seguridad muy en serio y creemos que t\u00fa tambi\u00e9n deber\u00edas hacerlo. Como l\u00edder mundial en la fabricaci\u00f3n de sistemas de seguridad para autom\u00f3viles, tenemos la enorme responsabilidad de tomar la iniciativa en cuanto a la regulaci\u00f3n y los requisitos de seguridad. Cada TRUBLUE se prueba con los m\u00e1s estrictos est\u00e1ndares de seguridad, que incluyen:<\/p>\n<ul>\n<li><strong>AS\/NZS 1891:<\/strong> Sistemas y dispositivos industriales de detenci\u00f3n de ca\u00eddas &#8211; Parte 3: Dispositivos de detenci\u00f3n de ca\u00eddas<\/li>\n<li><strong>CSA Z259.2.3-99:<\/strong> Dispositivos de control de descenso<\/li>\n<li><strong>EN 341: 2011 Clase 1A:<\/strong> Equipo de protecci\u00f3n personal contra ca\u00eddas desde una altura &#8211; Dispositivos de descenso\n<ul>\n<li><strong>RFU PPE-R\/11.128:2019:<\/strong> Recomendado para Uso en dispositivos de control de descenso utilizados en roc\u00f3dromos, circuitos de cuerda. 10x Clase A.<\/li>\n<\/ul>\n<\/li>\n<li><strong>ANSI\/ASSE Z359.4:<\/strong> Requisitos de seguridad para sistemas, subsistemas y componentes de rescate asistido y autorrescate<\/li>\n<li><strong>EN 360:2002:<\/strong> Equipos de protecci\u00f3n personal contra ca\u00eddas desde altura &#8211; Dispositivos antica\u00eddas de tipo retr\u00e1ctil. Secci\u00f3n 4.5: Fuerza m\u00e1xima&lt; 6kN para 150kg de capacidad<\/li>\n<li><a href=\"https:\/\/thrillsyndicate.com\/wp-content\/uploads\/2022\/02\/P5A-089530-0011-Rev.-00.pdf\">TRUBLUE iQ &#8211; Certificado CE<\/a><\/li>\n<li><a href=\"https:\/\/f.hubspotusercontent20.net\/hubfs\/5957371\/Website%20Docs\/manuals\/trublue%20iQ%20series\/EN%20-%20TBiQ%20-%20Operations%20Manual%20-%20LT%2c%20XL_WEB%202022-02-21.pdf\" target=\"_blank\" rel=\"noopener\">Manual TRUBLUE iQ<\/a><\/li>\n<\/ul>\n<p><img loading=\"lazy\" decoding=\"async\" class=\"alignnone wp-image-151 size-full\" src=\"https:\/\/thrillsyndicate.com\/wp-content\/uploads\/2022\/02\/TRUBLUE_Selection-Guide-rev_1-0.jpg\" alt=\"\" width=\"826\" height=\"1334\" srcset=\"https:\/\/thrillsyndicate.com\/wp-content\/uploads\/2022\/02\/TRUBLUE_Selection-Guide-rev_1-0.jpg 826w, https:\/\/thrillsyndicate.com\/wp-content\/uploads\/2022\/02\/TRUBLUE_Selection-Guide-rev_1-0-458x740.jpg 458w, https:\/\/thrillsyndicate.com\/wp-content\/uploads\/2022\/02\/TRUBLUE_Selection-Guide-rev_1-0-186x300.jpg 186w, https:\/\/thrillsyndicate.com\/wp-content\/uploads\/2022\/02\/TRUBLUE_Selection-Guide-rev_1-0-634x1024.jpg 634w, https:\/\/thrillsyndicate.com\/wp-content\/uploads\/2022\/02\/TRUBLUE_Selection-Guide-rev_1-0-768x1240.jpg 768w, https:\/\/thrillsyndicate.com\/wp-content\/uploads\/2022\/02\/TRUBLUE_Selection-Guide-rev_1-0-100x162.jpg 100w\" sizes=\"auto, (max-width: 826px) 100vw, 826px\" \/><\/p>\n","protected":false},"excerpt":{"rendered":"<p>El autoasegurador TRUBLUE iQ Next-Gen, en el que se conf\u00eda en todo el mundo, ofrece un sistema de frenado magn\u00e9tico autorregulable dise\u00f1ado para ofrecer seguridad y fiabilidad. Preparado para actualizaciones, es el futuro de la innovaci\u00f3n en escalada.<\/p>\n","protected":false},"featured_media":3853,"template":"","meta":{"_coblocks_attr":"","_coblocks_dimensions":"","_coblocks_responsive_height":"","_coblocks_accordion_ie_support":"","wds_primary_product_brand":0,"wds_primary_product_cat":0},"product_brand":[72],"product_cat":[23],"product_tag":[470],"class_list":{"0":"post-5354","1":"product","2":"type-product","3":"status-publish","4":"has-post-thumbnail","6":"product_brand-head-rush-technologies","7":"product_cat-vertical-auto-belay-systems","8":"product_tag-trublue-es","10":"first","11":"instock","12":"sale","13":"featured","14":"taxable","15":"shipping-taxable","16":"purchasable","17":"product-type-variable","18":"has-default-attributes"},"_links":{"self":[{"href":"https:\/\/thrillsyndicate.com\/es\/wp-json\/wp\/v2\/product\/5354","targetHints":{"allow":["GET"]}}],"collection":[{"href":"https:\/\/thrillsyndicate.com\/es\/wp-json\/wp\/v2\/product"}],"about":[{"href":"https:\/\/thrillsyndicate.com\/es\/wp-json\/wp\/v2\/types\/product"}],"wp:featuredmedia":[{"embeddable":true,"href":"https:\/\/thrillsyndicate.com\/es\/wp-json\/wp\/v2\/media\/3853"}],"wp:attachment":[{"href":"https:\/\/thrillsyndicate.com\/es\/wp-json\/wp\/v2\/media?parent=5354"}],"wp:term":[{"taxonomy":"product_brand","embeddable":true,"href":"https:\/\/thrillsyndicate.com\/es\/wp-json\/wp\/v2\/product_brand?post=5354"},{"taxonomy":"product_cat","embeddable":true,"href":"https:\/\/thrillsyndicate.com\/es\/wp-json\/wp\/v2\/product_cat?post=5354"},{"taxonomy":"product_tag","embeddable":true,"href":"https:\/\/thrillsyndicate.com\/es\/wp-json\/wp\/v2\/product_tag?post=5354"}],"curies":[{"name":"wp","href":"https:\/\/api.w.org\/{rel}","templated":true}]}}