{"id":5365,"date":"2022-02-25T16:05:36","date_gmt":"2022-02-25T15:05:36","guid":{"rendered":"https:\/\/thrillsyndicate.com\/shop\/montaje-tru-sistema-de-montaje-auto-belay\/"},"modified":"2025-11-03T13:37:00","modified_gmt":"2025-11-03T12:37:00","slug":"tru-montaje","status":"publish","type":"product","link":"https:\/\/thrillsyndicate.com\/es\/product\/tru-montaje\/","title":{"rendered":"Montaje TRU | Sistema de montaje Auto Belay"},"content":{"rendered":"<div class=\"hrt-product-description\">\n<p>El accesorio TRU-Mount para <a href=\"https:\/\/thrillsyndicate.com\/es\/categoria\/sistemas-de-autoaseguramiento-vertical\/\">TRUBLUE Auto Belay<\/a> est\u00e1 dise\u00f1ado para brindar la m\u00e1xima flexibilidad para cualquier escenario de montaje. Los usuarios instalan f\u00e1cilmente el TRU-Mount en cualquier pared de escalada est\u00e1ndar y permite un montaje TRUBLUE simple y adecuado sin eliminar la cuerda superior o los anclajes de escalada principales. El TRU-Mount est\u00e1 equipado con puntos de montaje primarios y secundarios para un Auto Belay TRUBLUE y m\u00faltiples puntos de conexi\u00f3n para conectar anclajes personales o sistemas de transporte mientras permite a los usuarios mantener los puntos de anclaje tradicionales. Aproveche al m\u00e1ximo su pared instalando un sistema de anclaje TRU-Mount.<\/p>\n<p>Consulte el <a href=\"https:\/\/cdn2.hubspot.net\/hubfs\/5957371\/magento-manuals\/mounts\/EN_tru-mount-installation-manual.pdf\" target=\"_blank\" rel=\"noopener\">Manual del operador<\/a> de TRU-Mount para conocer los requisitos de montaje.<\/p>\n<\/div>\n<div class=\"hrt-specs\">\n<h4>ESPECIFICACIONES<\/h4>\n<ul>\n<li>Orificio de montaje espaciado aproximado 90\u2013225 mm (3,5-9\u201d)<\/li>\n<li>Este soporte est\u00e1 dise\u00f1ado y probado para cumplir con EN 12572-1:2017<\/li>\n<li>Peso: 5,3 kg (12 lb.)<\/li>\n<\/ul>\n<p><iframe loading=\"lazy\" title=\"TRU-Mount Auto Belay mounting system\" width=\"980\" height=\"551\" src=\"https:\/\/www.youtube.com\/embed\/KTyF6hPR5xM?feature=oembed\" frameborder=\"0\" allow=\"accelerometer; autoplay; clipboard-write; encrypted-media; gyroscope; picture-in-picture\" allowfullscreen><\/iframe><\/p>\n<p>&nbsp;<\/p>\n<\/div>\n","protected":false},"excerpt":{"rendered":"<p>El sistema de montaje TRU-Mount Auto Belay es un m\u00e9todo elegante y rentable para agregar el Auto Belay TRUBLUE a la mayor\u00eda de las instalaciones de escalada.<\/p>\n","protected":false},"featured_media":3193,"template":"","meta":{"_coblocks_attr":"","_coblocks_dimensions":"","_coblocks_responsive_height":"","_coblocks_accordion_ie_support":"","wds_primary_product_brand":0,"wds_primary_product_cat":0},"product_brand":[72],"product_cat":[33],"product_tag":[470],"class_list":{"0":"post-5365","1":"product","2":"type-product","3":"status-publish","4":"has-post-thumbnail","6":"product_brand-head-rush-technologies","7":"product_cat-trublue-accessories","8":"product_tag-trublue-es","10":"first","11":"instock","12":"taxable","13":"shipping-taxable","14":"purchasable","15":"product-type-simple"},"_links":{"self":[{"href":"https:\/\/thrillsyndicate.com\/es\/wp-json\/wp\/v2\/product\/5365","targetHints":{"allow":["GET"]}}],"collection":[{"href":"https:\/\/thrillsyndicate.com\/es\/wp-json\/wp\/v2\/product"}],"about":[{"href":"https:\/\/thrillsyndicate.com\/es\/wp-json\/wp\/v2\/types\/product"}],"wp:featuredmedia":[{"embeddable":true,"href":"https:\/\/thrillsyndicate.com\/es\/wp-json\/wp\/v2\/media\/3193"}],"wp:attachment":[{"href":"https:\/\/thrillsyndicate.com\/es\/wp-json\/wp\/v2\/media?parent=5365"}],"wp:term":[{"taxonomy":"product_brand","embeddable":true,"href":"https:\/\/thrillsyndicate.com\/es\/wp-json\/wp\/v2\/product_brand?post=5365"},{"taxonomy":"product_cat","embeddable":true,"href":"https:\/\/thrillsyndicate.com\/es\/wp-json\/wp\/v2\/product_cat?post=5365"},{"taxonomy":"product_tag","embeddable":true,"href":"https:\/\/thrillsyndicate.com\/es\/wp-json\/wp\/v2\/product_tag?post=5365"}],"curies":[{"name":"wp","href":"https:\/\/api.w.org\/{rel}","templated":true}]}}