{"id":5367,"date":"2022-02-25T16:23:03","date_gmt":"2022-02-25T15:23:03","guid":{"rendered":"https:\/\/thrillsyndicate.com\/shop\/correa-de-repuesto-trublue-speed\/"},"modified":"2025-11-03T13:39:59","modified_gmt":"2025-11-03T12:39:59","slug":"trublue-speed-reemplazo-correa","status":"publish","type":"product","link":"https:\/\/thrillsyndicate.com\/es\/product\/trublue-speed-reemplazo-correa\/","title":{"rendered":"Correa de repuesto TRUBLUE SPEED"},"content":{"rendered":"<p>El TRUBLUE Speed Auto Belay est\u00e1 equipado con una correa que el propietario puede reemplazar en el campo utilizando este juego de correas de repuesto. Las correas desgastadas o da\u00f1adas deben reemplazarse de inmediato. Consulta la gu\u00eda de inspecci\u00f3n de correas para determinar si es necesario sustituirlas.<\/p>\n<p><b>Elija la longitud de cincha adecuada que corresponda a la altura de su pared de escalada:<\/b><\/p>\n<ul>\n<li>12,5 m (41 pies)<\/li>\n<li>16 m (52,8 pies)<\/li>\n<\/ul>\n<p><strong>Conectores de correas TRUBLUE SPEED:<\/strong><\/p>\n<table class=\"has-fixed-layout\" style=\"width: 100%; height: 359.751px;\">\n<tbody>\n<tr style=\"height: 151.797px;\">\n<td style=\"width: 33.2821%; height: 151.797px;\"><img loading=\"lazy\" decoding=\"async\" class=\"wp-image-17116 aligncenter\" style=\"display: block; margin-left: auto; margin-right: auto;\" src=\"https:\/\/thrillsyndicate.com\/wp-content\/uploads\/2024\/10\/Steel_Carabiner.png\" alt=\"Mosquet\u00f3n de acero: Nuestro conector est\u00e1ndar. Duradero y de larga duraci\u00f3n, con protecci\u00f3n de bloqueo autom\u00e1tico de triple acci\u00f3n. Uso recomendado: Salas de Escalada y Centros Recreativos\" width=\"150\" height=\"150\" srcset=\"https:\/\/thrillsyndicate.com\/wp-content\/uploads\/2024\/10\/Steel_Carabiner.png 250w, https:\/\/thrillsyndicate.com\/wp-content\/uploads\/2024\/10\/Steel_Carabiner-100x100.png 100w, https:\/\/thrillsyndicate.com\/wp-content\/uploads\/2024\/10\/Steel_Carabiner-150x150.png 150w\" sizes=\"auto, (max-width: 150px) 100vw, 150px\" \/><\/td>\n<td class=\"has-text-align-center\" style=\"text-align: center; width: 32.9746%; height: 151.797px;\" data-align=\"center\"><img loading=\"lazy\" decoding=\"async\" class=\"wp-image-17112 aligncenter\" src=\"https:\/\/thrillsyndicate.com\/wp-content\/uploads\/2024\/10\/Aluminum_Carabiner.png\" alt=\"Mosquet\u00f3n de aluminio: M\u00e1s ligero que el acero e ideal para uso en exteriores y entornos corrosivos. Uso recomendado: Salas de Escalada, Centros Recreativos y Campamentos\" width=\"150\" height=\"150\" srcset=\"https:\/\/thrillsyndicate.com\/wp-content\/uploads\/2024\/10\/Aluminum_Carabiner.png 250w, https:\/\/thrillsyndicate.com\/wp-content\/uploads\/2024\/10\/Aluminum_Carabiner-100x100.png 100w, https:\/\/thrillsyndicate.com\/wp-content\/uploads\/2024\/10\/Aluminum_Carabiner-150x150.png 150w\" sizes=\"auto, (max-width: 150px) 100vw, 150px\" \/><\/td>\n<td class=\"has-text-align-center\" style=\"text-align: center; width: 33.7433%; height: 151.797px;\" data-align=\"center\"><img loading=\"lazy\" decoding=\"async\" class=\"wp-image-17108 aligncenter\" src=\"https:\/\/thrillsyndicate.com\/wp-content\/uploads\/2024\/10\/Swivel.png\" alt=\"Aventura Giratoria: Una soluci\u00f3n vers\u00e1til para instalaciones que requieren conectores secundarios y operaciones \u00fanicas. Uso recomendado: Parques de Aventura\" width=\"150\" height=\"150\" srcset=\"https:\/\/thrillsyndicate.com\/wp-content\/uploads\/2024\/10\/Swivel.png 250w, https:\/\/thrillsyndicate.com\/wp-content\/uploads\/2024\/10\/Swivel-100x100.png 100w, https:\/\/thrillsyndicate.com\/wp-content\/uploads\/2024\/10\/Swivel-150x150.png 150w\" sizes=\"auto, (max-width: 150px) 100vw, 150px\" \/><\/td>\n<\/tr>\n<tr style=\"height: 20.7969px;\">\n<td style=\"text-align: center; width: 33.2821%; height: 20.7969px;\"><strong>Mosquet\u00f3n de acero<\/strong><\/td>\n<td class=\"has-text-align-center\" style=\"text-align: center; width: 32.9746%; height: 20.7969px;\" data-align=\"center\"><strong>Mosquet\u00f3n de aluminio<\/strong><\/td>\n<td class=\"has-text-align-center\" style=\"text-align: center; width: 33.7433%; height: 20.7969px;\" data-align=\"center\"><strong>Eslab\u00f3n giratorio Adventure<\/strong><\/td>\n<\/tr>\n<tr style=\"height: 124.766px;\">\n<td style=\"text-align: center; width: 33.2821%; height: 124.766px;\">Nuestro conector est\u00e1ndar. Duradero y de larga duraci\u00f3n con protecci\u00f3n de bloqueo autom\u00e1tico de triple acci\u00f3n. <\/td>\n<td class=\"has-text-align-center\" style=\"text-align: center; width: 32.9746%; height: 124.766px;\" data-align=\"center\">M\u00e1s ligero que el acero e ideal para uso en exteriores y entornos corrosivos.<\/td>\n<td class=\"has-text-align-center\" style=\"text-align: center; width: 33.7433%; height: 124.766px;\" data-align=\"center\">Una soluci\u00f3n vers\u00e1til para instalaciones que requieren conectores secundarios y operaciones \u00fanicas.<\/td>\n<\/tr>\n<tr style=\"height: 20.7969px;\">\n<td style=\"text-align: center; width: 33.2821%; height: 20.7969px;\"><strong>Uso recomendado:<\/strong><\/td>\n<td class=\"has-text-align-center\" style=\"text-align: center; width: 32.9746%; height: 20.7969px;\" data-align=\"center\"><strong>Uso recomendado:<\/strong><\/td>\n<td class=\"has-text-align-center\" style=\"text-align: center; width: 33.7433%; height: 20.7969px;\" data-align=\"center\"><strong>Uso recomendado:<\/strong><\/td>\n<\/tr>\n<tr style=\"height: 41.5938px;\">\n<td style=\"text-align: center; width: 33.2821%; height: 41.5938px;\">Salas de Escalada y Centros Recreativos<\/td>\n<td class=\"has-text-align-center\" style=\"text-align: center; width: 32.9746%; height: 41.5938px;\" data-align=\"center\">Salas de Escalada, Centros Recreativos y Campamentos<\/td>\n<td class=\"has-text-align-center\" style=\"text-align: center; width: 33.7433%; height: 41.5938px;\" data-align=\"center\">Parques de Aventura<\/td>\n<\/tr>\n<\/tbody>\n<\/table>\n<table class=\"has-fixed-layout\" style=\"width: 66.4363%; height: 359.751px;\">\n<tbody>\n<tr style=\"height: 151.797px;\">\n<td class=\"has-text-align-center\" style=\"text-align: center; width: 49.9104%; height: 151.797px;\" data-align=\"center\"><img loading=\"lazy\" decoding=\"async\" class=\"wp-image-17104 aligncenter\" src=\"https:\/\/thrillsyndicate.com\/wp-content\/uploads\/2024\/10\/Open_Loop.png\" alt=\"Lazo abierto Punto de enganche de resistencia total dise\u00f1ado para alojar Conectores Antidesenganche homologados. Uso recomendado: Escaladas divertidas y FEC\" width=\"150\" height=\"150\" srcset=\"https:\/\/thrillsyndicate.com\/wp-content\/uploads\/2024\/10\/Open_Loop.png 250w, https:\/\/thrillsyndicate.com\/wp-content\/uploads\/2024\/10\/Open_Loop-100x100.png 100w, https:\/\/thrillsyndicate.com\/wp-content\/uploads\/2024\/10\/Open_Loop-150x150.png 150w\" sizes=\"auto, (max-width: 150px) 100vw, 150px\" \/><\/td>\n<td style=\"text-align: center; width: 50.0914%; height: 151.797px;\"><img decoding=\"async\" class=\"wp-image-17104 aligncenter\" src=\"https:\/\/thrillsyndicate.com\/wp-content\/uploads\/2022\/02\/tru-clip-02-ws.jpg\" width=\"150\"><\/td>\n<\/tr>\n<tr style=\"height: 20.7969px;\">\n<td class=\"has-text-align-center\" style=\"text-align: center; width: 49.9104%; height: 20.7969px;\" data-align=\"center\"><strong>Lazo abierto<\/strong><\/td>\n<td style=\"text-align: center; width: 50.0914%; height: 20.7969px;\"><strong>Conector TRU-CLIP<\/strong><\/td>\n<\/tr>\n<tr style=\"height: 124.766px;\">\n<td class=\"has-text-align-center\" style=\"text-align: center; width: 49.9104%; height: 124.766px;\" data-align=\"center\">Punto de enganche de resistencia total dise\u00f1ado para alojar conectores antidesenganche homologados.<\/td>\n<td style=\"text-align: center; width: 50.0914%; height: 124.766px;\">Elimina la posibilidad de enganches incorrectos utilizando una conexi\u00f3n secuenciada.<\/td>\n<\/tr>\n<tr style=\"height: 20.7969px;\">\n<td class=\"has-text-align-center\" style=\"text-align: center; width: 49.9104%; height: 20.7969px;\" data-align=\"center\"><strong>Uso recomendado:<\/strong><\/td>\n<td style=\"text-align: center; width: 50.0914%; height: 20.7969px;\"><strong>Uso recomendado:<\/strong><\/td>\n<\/tr>\n<tr style=\"height: 41.5938px;\">\n<td class=\"has-text-align-center\" style=\"text-align: center; width: 49.9104%; height: 41.5938px;\" data-align=\"center\">Escaladas divertidas y FEC<\/td>\n<td style=\"text-align: center; width: 50.0914%; height: 41.5938px;\">Salas de Escalada, Escaladas Divertidas y FECs<\/td>\n<\/tr>\n<\/tbody>\n<\/table>\n<p><strong>Nota:<\/strong> Al seleccionar el <strong><a href=\"https:\/\/thrillsyndicate.com\/shop\/tru-clip-connector\/\">TRU-CLIP Connector<\/a><\/strong> como tu conector de correas preferido, es posible que necesites <a href=\"https:\/\/thrillsyndicate.com\/shop\/tru-clip-key-links\/\">eslabones clave<\/a> adicionales para un funcionamiento \u00f3ptimo.<\/p>\n<p><iframe loading=\"lazy\" title=\"How To Field Replace Your TRUBLUE Webbing\" width=\"980\" height=\"551\" src=\"https:\/\/www.youtube.com\/embed\/nT7PHlciNz0?feature=oembed\" frameborder=\"0\" allow=\"accelerometer; autoplay; clipboard-write; encrypted-media; gyroscope; picture-in-picture\" allowfullscreen><\/iframe><\/p>\n","protected":false},"excerpt":{"rendered":"<p>Este juego de correas est\u00e1 dise\u00f1ado para ser reemplazado en el campo para mantener su correa TRUBLUE Speed Auto Belay libre de muescas, cortes, enganches o da\u00f1os por el sol.<\/p>\n","protected":false},"featured_media":3547,"template":"","meta":{"_coblocks_attr":"","_coblocks_dimensions":"","_coblocks_responsive_height":"","_coblocks_accordion_ie_support":"","wds_primary_product_brand":0,"wds_primary_product_cat":0},"product_brand":[72],"product_cat":[32],"product_tag":[478,470],"class_list":{"0":"post-5367","1":"product","2":"type-product","3":"status-publish","4":"has-post-thumbnail","6":"product_brand-head-rush-technologies","7":"product_cat-trublue-replacement-webbing","8":"product_tag-correas-de-repuesto","9":"product_tag-trublue-es","11":"first","12":"instock","13":"taxable","14":"shipping-taxable","15":"purchasable","16":"product-type-variable","17":"has-default-attributes"},"_links":{"self":[{"href":"https:\/\/thrillsyndicate.com\/es\/wp-json\/wp\/v2\/product\/5367","targetHints":{"allow":["GET"]}}],"collection":[{"href":"https:\/\/thrillsyndicate.com\/es\/wp-json\/wp\/v2\/product"}],"about":[{"href":"https:\/\/thrillsyndicate.com\/es\/wp-json\/wp\/v2\/types\/product"}],"wp:featuredmedia":[{"embeddable":true,"href":"https:\/\/thrillsyndicate.com\/es\/wp-json\/wp\/v2\/media\/3547"}],"wp:attachment":[{"href":"https:\/\/thrillsyndicate.com\/es\/wp-json\/wp\/v2\/media?parent=5367"}],"wp:term":[{"taxonomy":"product_brand","embeddable":true,"href":"https:\/\/thrillsyndicate.com\/es\/wp-json\/wp\/v2\/product_brand?post=5367"},{"taxonomy":"product_cat","embeddable":true,"href":"https:\/\/thrillsyndicate.com\/es\/wp-json\/wp\/v2\/product_cat?post=5367"},{"taxonomy":"product_tag","embeddable":true,"href":"https:\/\/thrillsyndicate.com\/es\/wp-json\/wp\/v2\/product_tag?post=5367"}],"curies":[{"name":"wp","href":"https:\/\/api.w.org\/{rel}","templated":true}]}}