{"id":5371,"date":"2022-02-25T17:34:14","date_gmt":"2022-02-25T16:34:14","guid":{"rendered":"https:\/\/thrillsyndicate.com\/shop\/carro-de-clips-lightspeed-ez\/"},"modified":"2025-06-05T13:22:05","modified_gmt":"2025-06-05T11:22:05","slug":"lightspeed-ez-clip-trolley","status":"publish","type":"product","link":"https:\/\/thrillsyndicate.com\/es\/product\/lightspeed-ez-clip-trolley\/","title":{"rendered":"Polea de clips LightSpeed EZ"},"content":{"rendered":"<p>La instalaci\u00f3n con una sola mano en una fracci\u00f3n de segundo har\u00e1 felices a sus gu\u00edas y aumentar\u00e1 el rendimiento, y el accesorio de gatillo integrado elimina la preocupaci\u00f3n de dejar caer el Polea mientras lo instala en la l\u00ednea. Los materiales de alta calidad y los cojinetes de primera calidad aumentan la vida \u00fatil del Polea, y el EZ Clip es lo suficientemente resistente como para soportar el frenado por impacto sin un volumen innecesario.<\/p>\n<p><strong>Nota: Precio por volumen disponible en lotes de 25, 50, 100, 200 piezas en un pedido. <\/strong><\/p>\n<ul>\n<li>Fabricado en aleaci\u00f3n de aluminio templado de alta resistencia<\/li>\n<li>La instalaci\u00f3n activada por gatillo pendiente de patente brinda facilidad de uso y maximiza el rendimiento<\/li>\n<li>Cuatro <a href=\"https:\/\/thrillsyndicate.com\/es\/all-about-bearings-why-zip-line-bearings-matter\/\">rodamientos aut\u00f3nomos con clasificaci\u00f3n ABEC<\/a> hacen de estos Poleas compactos los m\u00e1s duraderos<\/li>\n<li>Clasificado para velocidades de hasta 121 kph (75 mph) y velocidades de impacto de 72 kph (45 mph)<\/li>\n<li>La superficie de impacto integrada est\u00e1 dise\u00f1ada para una mayor durabilidad en el frenado.<\/li>\n<li>El dise\u00f1o pendiente de patente pivota con el ciclista para mantener ambas poleas en el cable durante el frenado.<\/li>\n<li>El dise\u00f1o curvo de la ranura del mosquet\u00f3n de respaldo mantiene el mosquet\u00f3n de respaldo en su lugar durante el frenado (lo que reduce el desgaste de la l\u00ednea)<\/li>\n<li>El accesorio de captura opcional se integra con <a href=\"https:\/\/thrillsyndicate.com\/es\/shop\/carro-de-freno-zip-stop-con-mecanismo-de-enganche\/\">zipSTOP Brake Trolley<\/a> para ayudar en la recuperaci\u00f3n del ciclista.<\/li>\n<\/ul>\n<p><iframe loading=\"lazy\" title=\"LightSpeed EZ Clip Zip Line Trolley\" width=\"980\" height=\"551\" src=\"https:\/\/www.youtube.com\/embed\/s2OuKhxyFKs?feature=oembed\" frameborder=\"0\" allow=\"accelerometer; autoplay; clipboard-write; encrypted-media; gyroscope; picture-in-picture\" allowfullscreen><\/iframe><\/p>\n<h4>ESPECIFICACIONES<\/h4>\n<div class=\"hrt-specs\">\n<ul>\n<li>Dimensiones: 145 mm (5,7 pulgadas)<\/li>\n<li>Peso: 507 gramos (1,1 libras)<\/li>\n<li>Capacidad de trabajo nominal: 15-150 kg (33-330 libras)<\/li>\n<li>Di\u00e1metro de la l\u00ednea de cable: 9,5 mm \u2264 \u00f8 \u2264 13 mm (3\/8 pulg. \u2264 \u00f8 \u2264 1\/2 pulg.)<\/li>\n<li><a href=\"https:\/\/thrillsyndicate.com\/wp-content\/uploads\/2022\/02\/P5-17-08-89530-003-Lightspeed-EZ-Clip-certificate.pdf\">Polea LightSpeed EZ Clip &#8211; Certificado CE<\/a><\/li>\n<li><a href=\"https:\/\/cdn2.hubspot.net\/hubfs\/5957371\/website-docs\/manuals\/lightspeed\/EN-ez-clip-trolley-operation-manual-V2.pdf\" target=\"_blank\" rel=\"noopener\">Manual del Polea LightSpeed EZ Clip <\/a><\/li>\n<\/ul>\n<p>Nota. Utilice \u00fanicamente eslingas y arneses que cumplan con los est\u00e1ndares que se muestran en el manual del producto LightSpeed. Recomendamos encarecidamente el uso de elementos de amarre espec\u00edficos Head Rush Zipline, disponibles en cuatro longitudes diferentes, incluido un lazo de enganche de circunferencia dise\u00f1ado espec\u00edficamente.<\/p>\n<\/div>\n","protected":false},"excerpt":{"rendered":"<p>El LightSpeed EZ Clip Trolley es duradero y liviano, y se instala f\u00e1cilmente con una sola mano.<\/p>\n","protected":false},"featured_media":2479,"template":"","meta":{"_coblocks_attr":"","_coblocks_dimensions":"","_coblocks_responsive_height":"","_coblocks_accordion_ie_support":"","wds_primary_product_brand":0,"wds_primary_product_cat":0},"product_brand":[667],"product_cat":[479],"product_tag":[482,450],"class_list":{"0":"post-5371","1":"product","2":"type-product","3":"status-publish","4":"has-post-thumbnail","6":"product_brand-head-rush-technologies-es","7":"product_cat-poleas-de-tirolesa","8":"product_tag-polea-de-tirolesa","9":"product_tag-tirolesa","11":"first","12":"instock","13":"sale","14":"taxable","15":"shipping-taxable","16":"purchasable","17":"product-type-variable"},"_links":{"self":[{"href":"https:\/\/thrillsyndicate.com\/es\/wp-json\/wp\/v2\/product\/5371","targetHints":{"allow":["GET"]}}],"collection":[{"href":"https:\/\/thrillsyndicate.com\/es\/wp-json\/wp\/v2\/product"}],"about":[{"href":"https:\/\/thrillsyndicate.com\/es\/wp-json\/wp\/v2\/types\/product"}],"wp:featuredmedia":[{"embeddable":true,"href":"https:\/\/thrillsyndicate.com\/es\/wp-json\/wp\/v2\/media\/2479"}],"wp:attachment":[{"href":"https:\/\/thrillsyndicate.com\/es\/wp-json\/wp\/v2\/media?parent=5371"}],"wp:term":[{"taxonomy":"product_brand","embeddable":true,"href":"https:\/\/thrillsyndicate.com\/es\/wp-json\/wp\/v2\/product_brand?post=5371"},{"taxonomy":"product_cat","embeddable":true,"href":"https:\/\/thrillsyndicate.com\/es\/wp-json\/wp\/v2\/product_cat?post=5371"},{"taxonomy":"product_tag","embeddable":true,"href":"https:\/\/thrillsyndicate.com\/es\/wp-json\/wp\/v2\/product_tag?post=5371"}],"curies":[{"name":"wp","href":"https:\/\/api.w.org\/{rel}","templated":true}]}}