{"id":5401,"date":"2022-02-25T17:11:53","date_gmt":"2022-02-25T16:11:53","guid":{"rendered":"https:\/\/thrillsyndicate.com\/shop\/dispositivo-de-retraccion-zipback-zipline\/"},"modified":"2025-08-25T13:05:16","modified_gmt":"2025-08-25T11:05:16","slug":"zipback-zipline-dispositivo-de-retraccion","status":"publish","type":"product","link":"https:\/\/thrillsyndicate.com\/es\/product\/zipback-zipline-dispositivo-de-retraccion\/","title":{"rendered":"Dispositivo de retracci\u00f3n zipBACK zipline"},"content":{"rendered":"<div class=\"hrt-product-description\">\n<p><strong>Ten en cuenta<\/strong> que, debido a los actuales problemas arancelarios mundiales, el precio del <b>Dispositivo de Retracci\u00f3n de Tirolinas zipBACK<\/b> <b>aumentar\u00e1<\/b> a partir <b>del 1 de octubre de 2025<\/b>. Para recibir el precio actual, tu pedido debe realizarse antes del 1 de octubre de 2025 y la entrega debe estar prevista para el 30 de noviembre de 2025. <\/p>\n<p>Aumente el rendimiento y la confiabilidad de su mini zip con el dispositivo de retracci\u00f3n zipBACK. El zipBACK es una soluci\u00f3n simple, confiable y rentable para la recuperaci\u00f3n de carritos de mini zip line. Compatible con tirolesas de hasta 40 m (130 pies) de largo con un sistema de redirecci\u00f3n 2:1 externo simple suministrado e instalado por el usuario final. S\u00f3lo debe utilizarse en instalaciones de seguridad no vitales para recuperar Poleas los jinetes.<\/p>\n<p>El mecanismo de retracci\u00f3n autom\u00e1tica zipBACK devuelve r\u00e1pidamente el carro de la polea a la parte superior de la tirolina. Una vez que los pasajeros est\u00e1n desenganchados, el sistema de retracci\u00f3n autom\u00e1tica devuelve el carro a la parte superior de la l\u00ednea en solo un par de segundos, listo para el pr\u00f3ximo pasajero. Esto ayuda a mantener un alto nivel de rendimiento y garantiza que la operaci\u00f3n sea lo m\u00e1s fluida y f\u00e1cil posible para el personal. No hay que activar cabrestantes, ni retirar Poleas, ni preocuparse por los dispositivos de bajada, todo lo cual ralentiza el rendimiento.<\/p>\n<p><iframe loading=\"lazy\" title=\"The zipBACK - Zipline Retraction Device\" width=\"980\" height=\"551\" src=\"https:\/\/www.youtube.com\/embed\/T22u-dO2fJQ?feature=oembed\" frameborder=\"0\" allow=\"accelerometer; autoplay; clipboard-write; encrypted-media; gyroscope; picture-in-picture\" allowfullscreen><\/iframe><\/p>\n<h2>Ahorre tiempo y dinero y aumente el rendimiento<\/h2>\n<div>\n<ul>\n<li>Minimice la necesidad de personal para ayudar a los participantes con sistemas de recuperaci\u00f3n manual<\/li>\n<li>Un dispositivo que devuelve su carro al inicio de su tirolesa una y otra vez sin problemas<\/li>\n<li>Dise\u00f1ado para tirolinas cortas sin arn\u00e9s con aterrizajes suaves<\/li>\n<li>Elimine los complicados sistemas de redirecci\u00f3n que se retuercen, se enredan y se vuelven poco confiables con el tiempo<\/li>\n<li>La unidad rentable tiene piezas de desgaste reemplazables en el campo<\/li>\n<li>No se requiere recertificaci\u00f3n anual<\/li>\n<\/ul>\n<\/div>\n<h3>La Asamblea Incluye:<\/h3>\n<div class=\"hrt-specs\">\n<ul>\n<li>Dispositivo de retracci\u00f3n zipBACK<\/li>\n<li>Soporte de montaje, pasadores y tope de traqueteo<\/li>\n<\/ul>\n<\/div>\n<p><strong>NOTA: NO PROPORCIONA FRENO.<\/strong><\/p>\n<\/div>\n<h2>Especificaciones clave zipBACK:<\/h2>\n<ul>\n<li>Elimine los complicados sistemas de redirecci\u00f3n que se retuercen, se enredan y se vuelven poco confiables con el tiempo<\/li>\n<li>Dise\u00f1ado para tirolesas de hasta 40 m (130 pies) de longitud<\/li>\n<li>La unidad rentable tiene piezas de desgaste reemplazables en el campo<\/li>\n<li>Minimice la necesidad de personal para ayudar a los participantes con sistemas de recuperaci\u00f3n manual<\/li>\n<li>No se requiere recertificaci\u00f3n anual para dispositivos de seguridad que no sean de vida.<\/li>\n<li>La resistencia m\u00ednima durante la conducci\u00f3n permite incluso a los ciclistas m\u00e1s ligeros un recorrido completo<\/li>\n<li>Retracci\u00f3n controlada y fiable de la mayor\u00eda de los Poleas est\u00e1ndar<\/li>\n<li>Capaz de soportar ambientes al aire libre y trabajar consistentemente en cualquier condici\u00f3n.<\/li>\n<li>Dimensiones: 380 x 320 x 216 mm (15 x 12,6 x 8,5 pulgadas)<\/li>\n<li>Peso: 15 kg (33 libras)<\/li>\n<li><a href=\"https:\/\/cdn2.hubspot.net\/hubfs\/5957371\/magento-manuals\/zipback\/EN_20190702_zipBACKManual-Installation.pdf\" target=\"_blank\" rel=\"noopener\">zipBACK Manual de instalaci\u00f3n<\/a><\/li>\n<\/ul>\n<div class=\"hrt-specs\"><\/div>\n","protected":false},"excerpt":{"rendered":"<p>El mecanismo de retracci\u00f3n autom\u00e1tica zipBACK devuelve r\u00e1pidamente el carro de la polea a la parte superior de la tirolina. Una vez que los pasajeros est\u00e1n desenganchados, el sistema de retracci\u00f3n autom\u00e1tica devuelve el carro a la parte superior de la l\u00ednea en solo un par de segundos, listo para el pr\u00f3ximo pasajero.<\/p>\n","protected":false},"featured_media":2440,"template":"","meta":{"_coblocks_attr":"","_coblocks_dimensions":"","_coblocks_responsive_height":"","_coblocks_accordion_ie_support":"","wds_primary_product_brand":0,"wds_primary_product_cat":0},"product_brand":[72],"product_cat":[28],"product_tag":[36],"class_list":{"0":"post-5401","1":"product","2":"type-product","3":"status-publish","4":"has-post-thumbnail","6":"product_brand-head-rush-technologies","7":"product_cat-zipwire-braking-systems","8":"product_tag-zipline","10":"first","11":"instock","12":"taxable","13":"shipping-taxable","14":"purchasable","15":"product-type-simple"},"_links":{"self":[{"href":"https:\/\/thrillsyndicate.com\/es\/wp-json\/wp\/v2\/product\/5401","targetHints":{"allow":["GET"]}}],"collection":[{"href":"https:\/\/thrillsyndicate.com\/es\/wp-json\/wp\/v2\/product"}],"about":[{"href":"https:\/\/thrillsyndicate.com\/es\/wp-json\/wp\/v2\/types\/product"}],"wp:featuredmedia":[{"embeddable":true,"href":"https:\/\/thrillsyndicate.com\/es\/wp-json\/wp\/v2\/media\/2440"}],"wp:attachment":[{"href":"https:\/\/thrillsyndicate.com\/es\/wp-json\/wp\/v2\/media?parent=5401"}],"wp:term":[{"taxonomy":"product_brand","embeddable":true,"href":"https:\/\/thrillsyndicate.com\/es\/wp-json\/wp\/v2\/product_brand?post=5401"},{"taxonomy":"product_cat","embeddable":true,"href":"https:\/\/thrillsyndicate.com\/es\/wp-json\/wp\/v2\/product_cat?post=5401"},{"taxonomy":"product_tag","embeddable":true,"href":"https:\/\/thrillsyndicate.com\/es\/wp-json\/wp\/v2\/product_tag?post=5401"}],"curies":[{"name":"wp","href":"https:\/\/api.w.org\/{rel}","templated":true}]}}