{"id":5405,"date":"2022-02-25T16:10:48","date_gmt":"2022-02-25T15:10:48","guid":{"rendered":"https:\/\/thrillsyndicate.com\/shop\/opcion-de-autoaseguramiento-trublue\/"},"modified":"2025-11-03T13:41:53","modified_gmt":"2025-11-03T12:41:53","slug":"trublue-self-belay-option","status":"publish","type":"product","link":"https:\/\/thrillsyndicate.com\/es\/product\/trublue-self-belay-option\/","title":{"rendered":"Opci\u00f3n de autoaseguramiento TRUBLUE"},"content":{"rendered":"<div class=\"hrt-product-description\">  El Autoaseguramiento TRUBLUE es un accesorio de autoaseguramiento que elimina los desenganches accidentales de las cintas del escalador y elimina la dificultad de bajar las cintas para engancharse. Para los nuevos escaladores, ofrece una alternativa sencilla a los mosquetones de triple acci\u00f3n y minimiza la probabilidad de errores de clipping. Dise\u00f1ados originalmente para centros de entretenimiento familiar, los Self Belays funcionan bien para la gesti\u00f3n de muros de escalada en roc\u00f3dromos, centros de acondicionamiento f\u00edsico, muros de escalada port\u00e1tiles, cursos de aventura, parques de trampolines y cualquier operaci\u00f3n de alquiler de equipos de escalada como parte de su modelo de negocio. Los autoaseguradores vienen con dos conectores Quick Link Delta.  <\/div>\n<div class=\"hrt-specs\">\n<ul>\n<li>Como instalado\n<ul>\n<li>Ancho: 63mm<\/li>\n<li>Profundidad: 27 mm<\/li>\n<\/ul>\n<\/li>\n<li>Resistencia m\u00ednima a la rotura: carga axial de 20 kN<\/li>\n<li>El cuerpo principal cumple con los requisitos de EN 362:2004\/T<\/li>\n<li>Quick Link Delta cumple con los requisitos de EN 263:2004\/Q<\/li>\n<\/ul>\n<p><iframe loading=\"lazy\" title=\"TRUBLUE Self Belay option\" width=\"980\" height=\"551\" src=\"https:\/\/www.youtube.com\/embed\/Gatl-2ujVzo?feature=oembed\" frameborder=\"0\" allow=\"accelerometer; autoplay; clipboard-write; encrypted-media; gyroscope; picture-in-picture\" allowfullscreen><\/iframe>\n <\/div>\n","protected":false},"excerpt":{"rendered":"<p>El Self Belay es un accesorio de autoaseguramiento que elimina las liberaciones accidentales de las correas del escalador y elimina la dificultad de tirar de las correas para sujetarlas. Para los nuevos escaladores, ofrece una alternativa f\u00e1cil a los mosquetones de triple acci\u00f3n y mitiga la probabilidad de errores de clipping.<\/p>\n","protected":false},"featured_media":3163,"template":"","meta":{"_coblocks_attr":"","_coblocks_dimensions":"","_coblocks_responsive_height":"","_coblocks_accordion_ie_support":"","wds_primary_product_brand":0,"wds_primary_product_cat":0},"product_brand":[72],"product_cat":[33],"product_tag":[24],"class_list":{"0":"post-5405","1":"product","2":"type-product","3":"status-publish","4":"has-post-thumbnail","6":"product_brand-head-rush-technologies","7":"product_cat-trublue-accessories","8":"product_tag-trublue","10":"first","11":"instock","12":"taxable","13":"shipping-taxable","14":"purchasable","15":"product-type-simple"},"_links":{"self":[{"href":"https:\/\/thrillsyndicate.com\/es\/wp-json\/wp\/v2\/product\/5405","targetHints":{"allow":["GET"]}}],"collection":[{"href":"https:\/\/thrillsyndicate.com\/es\/wp-json\/wp\/v2\/product"}],"about":[{"href":"https:\/\/thrillsyndicate.com\/es\/wp-json\/wp\/v2\/types\/product"}],"wp:featuredmedia":[{"embeddable":true,"href":"https:\/\/thrillsyndicate.com\/es\/wp-json\/wp\/v2\/media\/3163"}],"wp:attachment":[{"href":"https:\/\/thrillsyndicate.com\/es\/wp-json\/wp\/v2\/media?parent=5405"}],"wp:term":[{"taxonomy":"product_brand","embeddable":true,"href":"https:\/\/thrillsyndicate.com\/es\/wp-json\/wp\/v2\/product_brand?post=5405"},{"taxonomy":"product_cat","embeddable":true,"href":"https:\/\/thrillsyndicate.com\/es\/wp-json\/wp\/v2\/product_cat?post=5405"},{"taxonomy":"product_tag","embeddable":true,"href":"https:\/\/thrillsyndicate.com\/es\/wp-json\/wp\/v2\/product_tag?post=5405"}],"curies":[{"name":"wp","href":"https:\/\/api.w.org\/{rel}","templated":true}]}}