{"id":5436,"date":"2022-02-25T15:49:45","date_gmt":"2022-02-25T14:49:45","guid":{"rendered":"https:\/\/thrillsyndicate.com\/shop\/aseguramiento-automatico-trublue-speed-75-16-metros\/"},"modified":"2025-11-03T13:37:54","modified_gmt":"2025-11-03T12:37:54","slug":"trublue-speed-auto-belay","status":"publish","type":"product","link":"https:\/\/thrillsyndicate.com\/es\/product\/trublue-speed-auto-belay\/","title":{"rendered":"Aseguramiento autom\u00e1tico TRUBLUE SPEED | 7,5 &#8211; 16 metros"},"content":{"rendered":"<p><strong>Nota<\/strong>: <strong>Solicite siempre un presupuesto<\/strong>, ya que los precios pueden variar debido a la fluctuaci\u00f3n de los tipos de cambio USD\/EUR y a los aranceles aplicables.<\/p>\n<p>El autoasegurador TRUBLUE SPEED se basa en nuestro TRUBLUE, el autoasegurador m\u00e1s utilizado y confiable del mundo. La velocidad de retracci\u00f3n es lo suficientemente r\u00e1pida como para superar incluso a los escaladores de velocidad de \u00e9lite del mundo, y nuestro frenado magn\u00e9tico proporciona el familiar y suave descenso de un TRUBLUE.<\/p>\n<p>El sistema de frenado magn\u00e9tico autorregulable de TRUBLUE es el resultado de a\u00f1os de investigaci\u00f3n, desarrollo y pruebas. Nuestro autoaseguramiento est\u00e1 dise\u00f1ado para escaladores y dise\u00f1ado para la seguridad. Los Auto Belays TRUBLUE est\u00e1n dise\u00f1ados para cumplir con los est\u00e1ndares de seguridad m\u00e1s estrictos, incluidas pruebas exhaustivas realizadas por uno de los organismos de certificaci\u00f3n l\u00edderes en el mundo, T\u00dcV\/S\u00dcD Product Service GmbH.<\/p>\n<p><strong>El TRUBLUE SPEED est\u00e1 disponible en dos longitudes de cinta:<\/strong><\/p>\n<ul>\n<li>12,5 metros (41 pies)<\/li>\n<li>16 metros (52,8 pies)<\/li>\n<\/ul>\n<p><strong>Conectores de correas TRUBLUE SPEED:<\/strong><\/p>\n<table class=\"has-fixed-layout\" style=\"width: 100%; height: 359.751px;\">\n<tbody>\n<tr style=\"height: 151.797px;\">\n<td style=\"width: 33.2821%; height: 151.797px;\"><img loading=\"lazy\" decoding=\"async\" class=\"wp-image-17116 aligncenter\" style=\"display: block; margin-left: auto; margin-right: auto;\" src=\"https:\/\/thrillsyndicate.com\/wp-content\/uploads\/2024\/10\/Steel_Carabiner.png\" alt=\"Mosquet\u00f3n de acero: Nuestro conector est\u00e1ndar. Duradero y de larga duraci\u00f3n, con protecci\u00f3n de bloqueo autom\u00e1tico de triple acci\u00f3n. Uso recomendado: Salas de Escalada y Centros Recreativos\" width=\"150\" height=\"150\" srcset=\"https:\/\/thrillsyndicate.com\/wp-content\/uploads\/2024\/10\/Steel_Carabiner.png 250w, https:\/\/thrillsyndicate.com\/wp-content\/uploads\/2024\/10\/Steel_Carabiner-100x100.png 100w, https:\/\/thrillsyndicate.com\/wp-content\/uploads\/2024\/10\/Steel_Carabiner-150x150.png 150w\" sizes=\"auto, (max-width: 150px) 100vw, 150px\" \/><\/td>\n<td class=\"has-text-align-center\" style=\"text-align: center; width: 32.9746%; height: 151.797px;\" data-align=\"center\"><img loading=\"lazy\" decoding=\"async\" class=\"wp-image-17112 aligncenter\" src=\"https:\/\/thrillsyndicate.com\/wp-content\/uploads\/2024\/10\/Aluminum_Carabiner.png\" alt=\"Mosquet\u00f3n de aluminio: M\u00e1s ligero que el acero e ideal para uso en exteriores y entornos corrosivos. Uso recomendado: Salas de Escalada, Centros Recreativos y Campamentos\" width=\"150\" height=\"150\" srcset=\"https:\/\/thrillsyndicate.com\/wp-content\/uploads\/2024\/10\/Aluminum_Carabiner.png 250w, https:\/\/thrillsyndicate.com\/wp-content\/uploads\/2024\/10\/Aluminum_Carabiner-100x100.png 100w, https:\/\/thrillsyndicate.com\/wp-content\/uploads\/2024\/10\/Aluminum_Carabiner-150x150.png 150w\" sizes=\"auto, (max-width: 150px) 100vw, 150px\" \/><\/td>\n<td class=\"has-text-align-center\" style=\"text-align: center; width: 33.7433%; height: 151.797px;\" data-align=\"center\"><img loading=\"lazy\" decoding=\"async\" class=\"wp-image-17108 aligncenter\" src=\"https:\/\/thrillsyndicate.com\/wp-content\/uploads\/2024\/10\/Swivel.png\" alt=\"Aventura Giratoria: Una soluci\u00f3n vers\u00e1til para instalaciones que requieren conectores secundarios y operaciones \u00fanicas. Uso recomendado: Parques de Aventura\" width=\"150\" height=\"150\" srcset=\"https:\/\/thrillsyndicate.com\/wp-content\/uploads\/2024\/10\/Swivel.png 250w, https:\/\/thrillsyndicate.com\/wp-content\/uploads\/2024\/10\/Swivel-100x100.png 100w, https:\/\/thrillsyndicate.com\/wp-content\/uploads\/2024\/10\/Swivel-150x150.png 150w\" sizes=\"auto, (max-width: 150px) 100vw, 150px\" \/><\/td>\n<\/tr>\n<tr style=\"height: 20.7969px;\">\n<td style=\"text-align: center; width: 33.2821%; height: 20.7969px;\"><strong>Mosquet\u00f3n de acero<\/strong><\/td>\n<td class=\"has-text-align-center\" style=\"text-align: center; width: 32.9746%; height: 20.7969px;\" data-align=\"center\"><strong>Mosquet\u00f3n de aluminio<\/strong><\/td>\n<td class=\"has-text-align-center\" style=\"text-align: center; width: 33.7433%; height: 20.7969px;\" data-align=\"center\"><strong>Eslab\u00f3n giratorio Adventure<\/strong><\/td>\n<\/tr>\n<tr style=\"height: 124.766px;\">\n<td style=\"text-align: center; width: 33.2821%; height: 124.766px;\">Nuestro conector est\u00e1ndar. Duradero y de larga duraci\u00f3n con protecci\u00f3n de bloqueo autom\u00e1tico de triple acci\u00f3n. <\/td>\n<td class=\"has-text-align-center\" style=\"text-align: center; width: 32.9746%; height: 124.766px;\" data-align=\"center\">M\u00e1s ligero que el acero e ideal para uso en exteriores y entornos corrosivos.<\/td>\n<td class=\"has-text-align-center\" style=\"text-align: center; width: 33.7433%; height: 124.766px;\" data-align=\"center\">Una soluci\u00f3n vers\u00e1til para instalaciones que requieren conectores secundarios y operaciones \u00fanicas.<\/td>\n<\/tr>\n<tr style=\"height: 20.7969px;\">\n<td style=\"text-align: center; width: 33.2821%; height: 20.7969px;\"><strong>Uso recomendado:<\/strong><\/td>\n<td class=\"has-text-align-center\" style=\"text-align: center; width: 32.9746%; height: 20.7969px;\" data-align=\"center\"><strong>Uso recomendado:<\/strong><\/td>\n<td class=\"has-text-align-center\" style=\"text-align: center; width: 33.7433%; height: 20.7969px;\" data-align=\"center\"><strong>Uso recomendado:<\/strong><\/td>\n<\/tr>\n<tr style=\"height: 41.5938px;\">\n<td style=\"text-align: center; width: 33.2821%; height: 41.5938px;\">Salas de Escalada y Centros Recreativos<\/td>\n<td class=\"has-text-align-center\" style=\"text-align: center; width: 32.9746%; height: 41.5938px;\" data-align=\"center\">Salas de Escalada, Centros Recreativos y Campamentos<\/td>\n<td class=\"has-text-align-center\" style=\"text-align: center; width: 33.7433%; height: 41.5938px;\" data-align=\"center\">Parques de Aventura<\/td>\n<\/tr>\n<\/tbody>\n<\/table>\n<table class=\"has-fixed-layout\" style=\"width: 66.4363%; height: 359.751px;\">\n<tbody>\n<tr style=\"height: 151.797px;\">\n<td class=\"has-text-align-center\" style=\"text-align: center; width: 49.9104%; height: 151.797px;\" data-align=\"center\"><img loading=\"lazy\" decoding=\"async\" class=\"wp-image-17104 aligncenter\" src=\"https:\/\/thrillsyndicate.com\/wp-content\/uploads\/2024\/10\/Open_Loop.png\" alt=\"Lazo abierto Punto de enganche de resistencia total dise\u00f1ado para alojar Conectores Antidesenganche homologados. Uso recomendado: Escaladas divertidas y FEC\" width=\"150\" height=\"150\" srcset=\"https:\/\/thrillsyndicate.com\/wp-content\/uploads\/2024\/10\/Open_Loop.png 250w, https:\/\/thrillsyndicate.com\/wp-content\/uploads\/2024\/10\/Open_Loop-100x100.png 100w, https:\/\/thrillsyndicate.com\/wp-content\/uploads\/2024\/10\/Open_Loop-150x150.png 150w\" sizes=\"auto, (max-width: 150px) 100vw, 150px\" \/><\/td>\n<td style=\"text-align: center; width: 50.0914%; height: 151.797px;\"><img decoding=\"async\" class=\"wp-image-17104 aligncenter\" src=\"https:\/\/thrillsyndicate.com\/wp-content\/uploads\/2022\/02\/tru-clip-02-ws.jpg\" width=\"150\"><\/td>\n<\/tr>\n<tr style=\"height: 20.7969px;\">\n<td class=\"has-text-align-center\" style=\"text-align: center; width: 49.9104%; height: 20.7969px;\" data-align=\"center\"><strong>Lazo abierto<\/strong><\/td>\n<td style=\"text-align: center; width: 50.0914%; height: 20.7969px;\"><strong>Conector TRU-CLIP<\/strong><\/td>\n<\/tr>\n<tr style=\"height: 124.766px;\">\n<td class=\"has-text-align-center\" style=\"text-align: center; width: 49.9104%; height: 124.766px;\" data-align=\"center\">Punto de enganche de resistencia total dise\u00f1ado para alojar conectores antidesenganche homologados.<\/td>\n<td style=\"text-align: center; width: 50.0914%; height: 124.766px;\">Elimina la posibilidad de enganches incorrectos utilizando una conexi\u00f3n secuenciada.<\/td>\n<\/tr>\n<tr style=\"height: 20.7969px;\">\n<td class=\"has-text-align-center\" style=\"text-align: center; width: 49.9104%; height: 20.7969px;\" data-align=\"center\"><strong>Uso recomendado:<\/strong><\/td>\n<td style=\"text-align: center; width: 50.0914%; height: 20.7969px;\"><strong>Uso recomendado:<\/strong><\/td>\n<\/tr>\n<tr style=\"height: 41.5938px;\">\n<td class=\"has-text-align-center\" style=\"text-align: center; width: 49.9104%; height: 41.5938px;\" data-align=\"center\">Escaladas divertidas y FEC<\/td>\n<td style=\"text-align: center; width: 50.0914%; height: 41.5938px;\">Salas de Escalada, Escaladas Divertidas y FECs<\/td>\n<\/tr>\n<\/tbody>\n<\/table>\n<p><strong>Nota:<\/strong> Al seleccionar el <strong><a href=\"https:\/\/thrillsyndicate.com\/shop\/tru-clip-connector\/\">TRU-CLIP Connector<\/a><\/strong> como tu conector de correas preferido, es posible que necesites <a href=\"https:\/\/thrillsyndicate.com\/shop\/tru-clip-key-links\/\">eslabones clave<\/a> adicionales para un funcionamiento \u00f3ptimo.<\/p>\n<p><strong>Beneficios<\/strong><\/p>\n<ul>\n<li>Mismo frenado magn\u00e9tico: es el mismo <a href=\"https:\/\/thrillsyndicate.com\/blog\/the-science-of-eddy-current-magnetic-braking\/\">frenado de corriente de Foucault magn\u00e9tico<\/a> patentado que los escaladores han llegado a amar debido al suave descenso.<\/li>\n<li>Misma confiabilidad y bajo mantenimiento: el frenado magn\u00e9tico de corriente de Foucault no tiene fricci\u00f3n y no tiene piezas de desgaste sacrificatorias en el sistema de frenado, por lo que nuestros dispositivos son extremadamente confiables y de bajo mantenimiento.<\/li>\n<li>Velocidad de retracci\u00f3n: el autoasegurador TRUBLUE SPEED se retrae en 2,7 segundos para una pared de 10 m y 3,5 s para una pared de 15 metros, lo que superar\u00e1 los est\u00e1ndares de la IFSC y es lo suficientemente r\u00e1pido para batir los r\u00e9cords mundiales actuales y futuros.<\/li>\n<li>Fuerza de tracci\u00f3n: seg\u00fan los est\u00e1ndares de la IFSC, TRUBLUE Speed Auto Belay ejerce una fuerza m\u00ednima sobre un escalador, por lo que los resultados son todos suyos.<\/li>\n<\/ul>\n<p><iframe loading=\"lazy\" title=\"TRUBLUE SPEED Auto Belay\" width=\"980\" height=\"551\" src=\"https:\/\/www.youtube.com\/embed\/pJBvGkoWopg?feature=oembed\" frameborder=\"0\" allow=\"accelerometer; autoplay; clipboard-write; encrypted-media; gyroscope; picture-in-picture; web-share\" referrerpolicy=\"strict-origin-when-cross-origin\" allowfullscreen><\/iframe><\/p>\n<h2>ESPECIFICACIONES<\/h2>\n<ul class=\"hrt-specs\">\n<li>Peso corporal nominal: 10 a 136 kg (22 a 300 lbs)<\/li>\n<li>Peso del dispositivo: 18,5 kg (41 libras)<\/li>\n<li>Altura m\u00e1xima de montaje: 16 m (52,8 pies)<\/li>\n<li>Altura m\u00ednima de montaje: 7,5 m (24,6 pies)<\/li>\n<li>Tasa m\u00e1xima de descenso: 2,0 m\/s (6,6 pies\/s)<\/li>\n<li>Rango de temperatura:\n<ul>\n<li>En funcionamiento: -4 \u00b0C a 60 \u00b0C (25 \u00b0F a 140 \u00b0F)<\/li>\n<li>En funcionamiento (seco): -10 \u00b0C a 60 \u00b0C (14 \u00b0F a 140 \u00b0F)<\/li>\n<\/ul>\n<\/li>\n<\/ul>\n<h2 class=\"product-title ecomproduct__product-title\">Servicio anual de Trublue SPEED<\/h2>\n<p>Para mantener la garant\u00eda de tu autoasegurador TRUBLUE SPEED y asegurar el cumplimiento de las normas de seguridad, todos los aparatos deben someterse a una revisi\u00f3n anual. El servicio es un proceso anual para asegurarse de que tu TRUBLUE SPEED funciona correctamente y se sustituyen las piezas desgastadas, como las correas. El mantenimiento de tu TRUBLUE SPEED a tiempo ayuda a mantener la garant\u00eda y a maximizar el rendimiento. El servicio anual tambi\u00e9n es obligatorio para garantizar el cumplimiento de las normas de seguridad como la CE y la ANSI. Servicio anual de Trublue SPEED 239,00 \u20ac.<\/p>\n<h2>EST\u00c1NDARES DE SEGURIDAD<\/h2>\n<p>Los Autoaseguradores TRUBLUE, TRUBLUE XL y TRUBLUE SPEED son conformes al Reglamento (UE) 2016\/425 y cumplen con las siguientes normas de Seguridad vigentes:<\/p>\n<ul>\n<li><strong>AS\/NZS 1891:<\/strong> Sistemas y dispositivos industriales de detenci\u00f3n de ca\u00eddas &#8211; Parte 3: Dispositivos de detenci\u00f3n de ca\u00eddas<\/li>\n<li><strong>CSA Z259.2.3-99:<\/strong> Dispositivos de control de descenso<\/li>\n<li><strong>EN 341: 2011 Clase 1A:<\/strong> Equipo de protecci\u00f3n personal contra ca\u00eddas desde una altura &#8211; Dispositivos de descenso<\/li>\n<li><strong>ANSI\/ASSE Z359.4:<\/strong> Requisitos de seguridad para sistemas, subsistemas y componentes de rescate asistido y autorrescate<\/li>\n<li><strong>EN 360:2002:<\/strong> Equipos de protecci\u00f3n personal contra ca\u00eddas desde una altura &#8211; Dispositivos de detenci\u00f3n de ca\u00eddas de tipo retr\u00e1ctil\n<ul>\n<li>Secci\u00f3n 4.5: Fuerza m\u00e1xima&lt; 6kN para 150kg de capacidad<\/li>\n<\/ul>\n<\/li>\n<li><a href=\"https:\/\/cdn2.hubspot.net\/hubfs\/5957371\/magento-manuals\/trublue\/EN_trublue-speed-operation-manual.pdf\" target=\"_blank\" rel=\"noopener\">Manual de VELOCIDAD TRUBLUE<\/a><\/li>\n<\/ul>\n<p><img loading=\"lazy\" decoding=\"async\" class=\"alignnone wp-image-151 size-full\" src=\"https:\/\/thrillsyndicate.com\/wp-content\/uploads\/2022\/02\/TRUBLUE_Selection-Guide-rev_1-0.jpg\" alt=\"\" width=\"826\" height=\"1334\" srcset=\"https:\/\/thrillsyndicate.com\/wp-content\/uploads\/2022\/02\/TRUBLUE_Selection-Guide-rev_1-0.jpg 826w, https:\/\/thrillsyndicate.com\/wp-content\/uploads\/2022\/02\/TRUBLUE_Selection-Guide-rev_1-0-458x740.jpg 458w, https:\/\/thrillsyndicate.com\/wp-content\/uploads\/2022\/02\/TRUBLUE_Selection-Guide-rev_1-0-186x300.jpg 186w, https:\/\/thrillsyndicate.com\/wp-content\/uploads\/2022\/02\/TRUBLUE_Selection-Guide-rev_1-0-634x1024.jpg 634w, https:\/\/thrillsyndicate.com\/wp-content\/uploads\/2022\/02\/TRUBLUE_Selection-Guide-rev_1-0-768x1240.jpg 768w, https:\/\/thrillsyndicate.com\/wp-content\/uploads\/2022\/02\/TRUBLUE_Selection-Guide-rev_1-0-100x162.jpg 100w\" sizes=\"auto, (max-width: 826px) 100vw, 826px\" \/><\/p>\n","protected":false},"excerpt":{"rendered":"<p>El autoasegurador TruBlue Speed est\u00e1 dise\u00f1ado para escaladores de alto nivel, ya que ofrece la mayor velocidad de retracci\u00f3n y frenado magn\u00e9tico por corrientes de Foucault. Explora el dispositivo de aseguramiento m\u00e1s fiable del mundo.<\/p>\n","protected":false},"featured_media":3217,"template":"","meta":{"_coblocks_attr":"","_coblocks_dimensions":"","_coblocks_responsive_height":"","_coblocks_accordion_ie_support":"","wds_primary_product_brand":0,"wds_primary_product_cat":0},"product_brand":[667],"product_cat":[469],"product_tag":[470],"class_list":{"0":"post-5436","1":"product","2":"type-product","3":"status-publish","4":"has-post-thumbnail","6":"product_brand-head-rush-technologies-es","7":"product_cat-sistemas-de-autoaseguramiento-vertical","8":"product_tag-trublue-es","10":"first","11":"instock","12":"sale","13":"taxable","14":"shipping-taxable","15":"purchasable","16":"product-type-variable","17":"has-default-attributes"},"_links":{"self":[{"href":"https:\/\/thrillsyndicate.com\/es\/wp-json\/wp\/v2\/product\/5436","targetHints":{"allow":["GET"]}}],"collection":[{"href":"https:\/\/thrillsyndicate.com\/es\/wp-json\/wp\/v2\/product"}],"about":[{"href":"https:\/\/thrillsyndicate.com\/es\/wp-json\/wp\/v2\/types\/product"}],"wp:featuredmedia":[{"embeddable":true,"href":"https:\/\/thrillsyndicate.com\/es\/wp-json\/wp\/v2\/media\/3217"}],"wp:attachment":[{"href":"https:\/\/thrillsyndicate.com\/es\/wp-json\/wp\/v2\/media?parent=5436"}],"wp:term":[{"taxonomy":"product_brand","embeddable":true,"href":"https:\/\/thrillsyndicate.com\/es\/wp-json\/wp\/v2\/product_brand?post=5436"},{"taxonomy":"product_cat","embeddable":true,"href":"https:\/\/thrillsyndicate.com\/es\/wp-json\/wp\/v2\/product_cat?post=5436"},{"taxonomy":"product_tag","embeddable":true,"href":"https:\/\/thrillsyndicate.com\/es\/wp-json\/wp\/v2\/product_tag?post=5436"}],"curies":[{"name":"wp","href":"https:\/\/api.w.org\/{rel}","templated":true}]}}