{"id":5450,"date":"2022-02-25T17:29:03","date_gmt":"2022-02-25T16:29:03","guid":{"rendered":"https:\/\/thrillsyndicate.com\/shop\/microcarrito-lightspeed\/"},"modified":"2025-08-16T13:05:02","modified_gmt":"2025-08-16T11:05:02","slug":"micro-polea-de-velocidad-de-la-luz","status":"publish","type":"product","link":"https:\/\/thrillsyndicate.com\/es\/product\/micro-polea-de-velocidad-de-la-luz\/","title":{"rendered":"Micro Polea LightSpeed"},"content":{"rendered":"<p>Puede que sea peque\u00f1o, pero no subestimes el LightSpeed Micro Trolley. Este polea de tirolesa es compacto, duradero y liviano. Los materiales de alta calidad y los cojinetes premium utilizados en el Micro aumentar\u00e1n la vida \u00fatil del polea. Es una opci\u00f3n asequible para los operadores de tirolinas que buscan ofrecer un recorrido r\u00e1pido y suave, y es lo bastante robusto como para soportar el frenado por impacto sin ning\u00fan bulto innecesario.  <strong>Nota: Precio por volumen disponible en lotes de 25, 50, 100, 200 piezas en un pedido. <\/strong><\/p>\n<ul>\n<li>Fabricado en aleaci\u00f3n de aluminio templado de alta resistencia<\/li>\n<li>Cuatro <a href=\"https:\/\/thrillsyndicate.com\/es\/all-about-bearings-why-zip-line-bearings-matter\/\">rodamientos aut\u00f3nomos con clasificaci\u00f3n ABEC<\/a> hacen de estos los poleas compactos m\u00e1s duraderos disponibles<\/li>\n<li>Clasificado para velocidades de hasta 121 kph (75 mph) y velocidades de impacto de 72 kph (45 mph)<\/li>\n<li>El dise\u00f1o delantero pendiente de patente mantiene ambas poleas en el cable durante el frenado para una experiencia m\u00e1s suave del conductor<\/li>\n<li>La superficie de impacto integrada est\u00e1 dise\u00f1ada para una mayor durabilidad en el frenado.<\/li>\n<li>El dise\u00f1o curvo de la ranura del mosquet\u00f3n de respaldo mantiene el mosquet\u00f3n de respaldo en su lugar durante el frenado (lo que reduce el desgaste de la l\u00ednea)<\/li>\n<li>El accesorio de captura opcional se integra con <a href=\"https:\/\/thrillsyndicate.com\/es\/shop\/carro-de-freno-zip-stop-con-mecanismo-de-enganche\/\">zipSTOP Brake Trolley<\/a> para ayudar en la recuperaci\u00f3n del ciclista.<\/li>\n<\/ul>\n<p><iframe loading=\"lazy\" title=\"LightSpeed Micro Zip Line Trolley\" width=\"980\" height=\"551\" src=\"https:\/\/www.youtube.com\/embed\/GGbyfX4YUws?feature=oembed\" frameborder=\"0\" allow=\"accelerometer; autoplay; clipboard-write; encrypted-media; gyroscope; picture-in-picture\" allowfullscreen><\/iframe><\/p>\n<h4>ESPECIFICACIONES<\/h4>\n<div class=\"hrt-specs\">\n<ul>\n<li>Dimensiones: 123 mm (4,8 pulgadas)<\/li>\n<li>Peso: 364 gramos (0,8 libras)<\/li>\n<li>Capacidad de trabajo nominal: 15-150 kg (33-330 libras)<\/li>\n<li>Di\u00e1metro de la l\u00ednea de cable: 9,5 mm \u2264 \u00f8 \u2264 13 mm (3\/8 pulg. \u2264 \u00f8 \u2264 1\/2 pulg.)<\/li>\n<li><a href=\"https:\/\/thrillsyndicate.com\/wp-content\/uploads\/2022\/02\/P5-17-08-89530-004-Lightspeed-Micro-certificate.pdf\">Micropolea LightSpeed &#8211; Certificado CE<\/a><\/li>\n<li><a href=\"https:\/\/cdn2.hubspot.net\/hubfs\/5957371\/website-docs\/manuals\/lightspeed\/EN-micro-trolley-operation-manual-V2.pdf\" target=\"_blank\" rel=\"noopener\">Manual del Micro Trolley LightSpeed<\/a><\/li>\n<\/ul>\n<\/div>\n","protected":false},"excerpt":{"rendered":"<p>El LightSpeed Micro es un Polea de tirolesa compacto y liviano dise\u00f1ado para durar. Su dise\u00f1o pendiente de patente coloca el peso del ciclista hacia adelante durante el frenado de impacto, manteniendo las poleas en la l\u00ednea y manteniendo el mosquet\u00f3n de respaldo en su lugar (lo que significa menos desgaste en la l\u00ednea).<\/p>\n","protected":false},"featured_media":2461,"template":"","meta":{"_coblocks_attr":"","_coblocks_dimensions":"","_coblocks_responsive_height":"","_coblocks_accordion_ie_support":"","wds_primary_product_brand":0,"wds_primary_product_cat":0},"product_brand":[72],"product_cat":[479],"product_tag":[37,36],"class_list":{"0":"post-5450","1":"product","2":"type-product","3":"status-publish","4":"has-post-thumbnail","6":"product_brand-head-rush-technologies","7":"product_cat-poleas-de-tirolesa","8":"product_tag-zipline-trolley","9":"product_tag-zipline","11":"first","12":"instock","13":"sale","14":"taxable","15":"shipping-taxable","16":"purchasable","17":"product-type-variable","18":"has-default-attributes"},"_links":{"self":[{"href":"https:\/\/thrillsyndicate.com\/es\/wp-json\/wp\/v2\/product\/5450","targetHints":{"allow":["GET"]}}],"collection":[{"href":"https:\/\/thrillsyndicate.com\/es\/wp-json\/wp\/v2\/product"}],"about":[{"href":"https:\/\/thrillsyndicate.com\/es\/wp-json\/wp\/v2\/types\/product"}],"wp:featuredmedia":[{"embeddable":true,"href":"https:\/\/thrillsyndicate.com\/es\/wp-json\/wp\/v2\/media\/2461"}],"wp:attachment":[{"href":"https:\/\/thrillsyndicate.com\/es\/wp-json\/wp\/v2\/media?parent=5450"}],"wp:term":[{"taxonomy":"product_brand","embeddable":true,"href":"https:\/\/thrillsyndicate.com\/es\/wp-json\/wp\/v2\/product_brand?post=5450"},{"taxonomy":"product_cat","embeddable":true,"href":"https:\/\/thrillsyndicate.com\/es\/wp-json\/wp\/v2\/product_cat?post=5450"},{"taxonomy":"product_tag","embeddable":true,"href":"https:\/\/thrillsyndicate.com\/es\/wp-json\/wp\/v2\/product_tag?post=5450"}],"curies":[{"name":"wp","href":"https:\/\/api.w.org\/{rel}","templated":true}]}}