{"id":5485,"date":"2022-02-25T17:39:54","date_gmt":"2022-02-25T16:39:54","guid":{"rendered":"https:\/\/thrillsyndicate.com\/shop\/cuerda-de-gorila-cuerda-dyneema-de-alta-resistencia-para-tirolinas\/"},"modified":"2025-08-16T15:03:48","modified_gmt":"2025-08-16T13:03:48","slug":"cuerda-de-gorila","status":"publish","type":"product","link":"https:\/\/thrillsyndicate.com\/es\/product\/cuerda-de-gorila\/","title":{"rendered":"Cuerda de gorila | Cuerda Dyneema de alta resistencia para tirolinas"},"content":{"rendered":"<div class=\"hrt-product-description\">  La Cuerda Gorila est\u00e1 especialmente dise\u00f1ada para funcionar como l\u00ednea de redireccionamiento o reducci\u00f3n para <a href=\"https:\/\/thrillsyndicate.com\/es\/categoria\/soluciones-de-seguridad-para-tirolesas\/sistemas-de-frenado-zipwire\/\">los frenos de tirolina zipSTOP<\/a> y aporta gran resistencia, una larga vida \u00fatil y un estiramiento m\u00ednimo a tu sistema de frenos de tirolina. Tambi\u00e9n es resistente a la abrasi\u00f3n, resistente a los rayos UV e hidrof\u00f3bico, lo que lo hace ideal para una amplia variedad de actividades al aire libre. La cuerda Gorila tambi\u00e9n es adecuada para escalada, acampada, excursionismo con mochila, navegaci\u00f3n y cualquier otra actividad de aventura o industrial que requiera durabilidad, resistencia y m\u00e1ximo rendimiento.  <strong>Disponible en bobinas de 100 y 200 metros.<\/strong>  Caracter\u00edsticas:  <\/p>\n<ul>\n<li>Alta relaci\u00f3n resistencia-peso debido al n\u00facleo especialmente dise\u00f1ado<\/li>\n<li>El revestimiento resistente a la abrasi\u00f3n mantiene la integridad bajo fricci\u00f3n<\/li>\n<li>La construcci\u00f3n resistente al estiramiento maximiza el rendimiento del freno de tirolesa<\/li>\n<li>El dise\u00f1o flexible y equilibrado funciona sin problemas sobre las poleas bajo carga y a altas velocidades<\/li>\n<li>Revestimiento exterior antideslizante dise\u00f1ado para disminuir el deslizamiento del nudo<\/li>\n<li>N\u00facleo resistente al agua y revestimiento exterior \u00f3ptimo para uso en exteriores<\/li>\n<li>Los materiales resistentes a la decoloraci\u00f3n mantienen los colores vibrantes bajo el sol y la lluvia, luciendo mejor por m\u00e1s tiempo<\/li>\n<li>Construcci\u00f3n ligera<\/li>\n<li>Compatible con la <a href=\"https:\/\/thrillsyndicate.com\/es\/shop\/precision-pulley\/\">polea de precisi\u00f3n<\/a><\/li>\n<\/ul>\n<p><strong>Nota: Gorilla Rope se desgastar\u00e1 con el tiempo. La frecuencia de reemplazo depender\u00e1 del uso. Cualquier componente que parezca da\u00f1ado o muestre signos de desgaste debe reemplazarse de inmediato. Los da\u00f1os pueden incluir (entre otros): muescas o cortes, desgaste excesivo, pelusas, decoloraci\u00f3n por el sol, costuras sueltas o quemaduras. <\/strong><\/p>\n<\/div>\n<div class=\"hrt-specs\">\n<ul>\n<li>Di\u00e1metro: 6 mm<\/li>\n<li>Resistencia m\u00ednima a la rotura: 18,7 kN (4200 lbs)<\/li>\n<li>Peso: 2,4 kg\/100 metros (1,5 libras por 100 pies)<\/li>\n<li><a href=\"https:\/\/cdn2.hubspot.net\/hubfs\/5957371\/magento-manuals\/zipstop\/EN_gorilla-rope-operation-manual.pdf\" target=\"_blank\" rel=\"noopener\">manual de cuerda de gorila<\/a><\/li>\n<\/ul>\n<\/div>\n","protected":false},"excerpt":{"rendered":"<p>Gorilla Rope est\u00e1 especialmente dise\u00f1ado para funcionar como una l\u00ednea de redirecci\u00f3n o reducci\u00f3n para los frenos de tirolesa zipSTOP y brinda alta resistencia, una larga vida \u00fatil y un estiramiento m\u00ednimo a su sistema de frenos de tirolesa.<\/p>\n","protected":false},"featured_media":2938,"template":"","meta":{"_coblocks_attr":"","_coblocks_dimensions":"","_coblocks_responsive_height":"","_coblocks_accordion_ie_support":"","wds_primary_product_brand":0,"wds_primary_product_cat":0},"product_brand":[72],"product_cat":[39],"product_tag":[30,29],"class_list":{"0":"post-5485","1":"product","2":"type-product","3":"status-publish","4":"has-post-thumbnail","6":"product_brand-head-rush-technologies","7":"product_cat-zipstop-accessories","8":"product_tag-zipline-brake","9":"product_tag-zipstop","11":"first","12":"instock","13":"taxable","14":"shipping-taxable","15":"purchasable","16":"product-type-variable"},"_links":{"self":[{"href":"https:\/\/thrillsyndicate.com\/es\/wp-json\/wp\/v2\/product\/5485","targetHints":{"allow":["GET"]}}],"collection":[{"href":"https:\/\/thrillsyndicate.com\/es\/wp-json\/wp\/v2\/product"}],"about":[{"href":"https:\/\/thrillsyndicate.com\/es\/wp-json\/wp\/v2\/types\/product"}],"wp:featuredmedia":[{"embeddable":true,"href":"https:\/\/thrillsyndicate.com\/es\/wp-json\/wp\/v2\/media\/2938"}],"wp:attachment":[{"href":"https:\/\/thrillsyndicate.com\/es\/wp-json\/wp\/v2\/media?parent=5485"}],"wp:term":[{"taxonomy":"product_brand","embeddable":true,"href":"https:\/\/thrillsyndicate.com\/es\/wp-json\/wp\/v2\/product_brand?post=5485"},{"taxonomy":"product_cat","embeddable":true,"href":"https:\/\/thrillsyndicate.com\/es\/wp-json\/wp\/v2\/product_cat?post=5485"},{"taxonomy":"product_tag","embeddable":true,"href":"https:\/\/thrillsyndicate.com\/es\/wp-json\/wp\/v2\/product_tag?post=5485"}],"curies":[{"name":"wp","href":"https:\/\/api.w.org\/{rel}","templated":true}]}}