{"id":5512,"date":"2022-02-25T17:25:48","date_gmt":"2022-02-25T16:25:48","guid":{"rendered":"https:\/\/thrillsyndicate.com\/shop\/carro-para-tirolesa-lightspeed-impact\/"},"modified":"2025-12-01T10:37:23","modified_gmt":"2025-12-01T09:37:23","slug":"lightspeed-impac-tirolesa-carro","status":"publish","type":"product","link":"https:\/\/thrillsyndicate.com\/es\/product\/lightspeed-impac-tirolesa-carro\/","title":{"rendered":"Polea para tirolesa LightSpeed Impact"},"content":{"rendered":"<p>El Polea LightSpeed Impact Zip Line fue dise\u00f1ado espec\u00edficamente para tirolinas y est\u00e1 dise\u00f1ado teniendo en cuenta el frenado de impacto. Es el Polea m\u00e1s vers\u00e1til porque se puede usar en l\u00edneas de di\u00e1metro peque\u00f1o y grande, y viene con m\u00faltiples opciones de accesorios para crear la mejor experiencia para el conductor y un mayor rendimiento.<\/p>\n<ul>\n<li>\u00danico Polea dise\u00f1ado para frenado de impacto<\/li>\n<li>Clasificado para velocidades m\u00e1s altas, hasta 70 mph (112,65 km\/h)<\/li>\n<li>El montaje sencillo en un solo paso maximiza el rendimiento<\/li>\n<li>Mayor rendimiento con un costo comparable al de otros Poleas<\/li>\n<li>El aluminio anodizado aumenta la fuerza mientras es resistente a la corrosi\u00f3n.<\/li>\n<li>Potencial de ahorro de costos a trav\u00e9s de reemplazos menos frecuentes de cables, Polea y piezas de freno<\/li>\n<li>Una vida m\u00e1s larga<\/li>\n<li>Dise\u00f1o ligero<\/li>\n<li>M\u00faltiples puntos de enganche para mayor seguridad<\/li>\n<\/ul>\n<p><iframe loading=\"lazy\" title=\"LightSpeed Zip Line Trolleys\" width=\"980\" height=\"551\" src=\"https:\/\/www.youtube.com\/embed\/mIO2LM8P__4?feature=oembed\" frameborder=\"0\" allow=\"accelerometer; autoplay; clipboard-write; encrypted-media; gyroscope; picture-in-picture\" allowfullscreen><\/iframe><\/p>\n<h4>ESPECIFICACIONES<\/h4>\n<div class=\"hrt-specs\">\n<ul>\n<li style=\"list-style-type: none;\">\n<ul>\n<li>Modelo IT-100 (el Impact Trolley est\u00e1ndar)<\/li>\n<li>Dimensiones: 7,1 x 4,4 x 1,3 pulgadas (180 x 111 x 33 mm)<\/li>\n<li>Peso neto: 1,2 libras (544 gramos)<\/li>\n<li>Temperaturas de trabajo: M\u00ednimo: -40\u00b0C\/-40\u00b0 F<\/li>\n<li>M\u00e1ximo: 80 \u00b0C\/176 \u00b0F<\/li>\n<li>Velocidad m\u00e1xima de funcionamiento: 75 mph (120 kph)<\/li>\n<li>Materiales: Carcasa: Aluminio anodizado Poleas: Acero inoxidable<\/li>\n<li>Superficie de impacto: Pl\u00e1stico ABS<\/li>\n<li>Capacidad de trabajo nominal: 33-330 lb (15-150 kg)<\/li>\n<li>Clasificaci\u00f3n de carga m\u00e1xima: 17 kN (3822 lbf)<\/li>\n<li>Di\u00e1metro m\u00ednimo\/m\u00e1ximo del cable: 9,5 \u2264 Dia \u2264 19 mm (3\/8\u201d \u2264 Dia \u2264 3\/4\u201d)<\/li>\n<li><a href=\"https:\/\/thrillsyndicate.com\/wp-content\/uploads\/2022\/02\/Lightspeed-Impact-Trolley-certificate.pdf\">Polea de impacto LightSpeed &#8211; Certificado EN<\/a><\/li>\n<li><a href=\"https:\/\/cdn2.hubspot.net\/hubfs\/5957371\/magento-manuals\/lightspeed\/EN_impact-trolley-operation-manual.pdf\" target=\"_blank\" rel=\"noopener\">Manual del Polea de impacto LightSpeed<\/a><\/li>\n<\/ul>\n<\/li>\n<\/ul>\n<ul>\n<li style=\"list-style-type: none;\">\n<\/li>\n<\/ul>\n<\/div>\n","protected":false},"excerpt":{"rendered":"<p>Ultimate Zipline Trolley, dise\u00f1ado para la mejor experiencia de viaje del cliente y un frenado de impacto suave con el <a href=\"https:\/\/thrillsyndicate.com\/product-category\/zipline-safety-solutions\/zipwire-braking-systems\/\">freno zipSTOP Zip Line<\/a> . Los operadores siempre pueden agregar funciones (accesorio de captura, manija en T, etc.) a medida que evolucionan sus necesidades.<\/p>\n","protected":false},"featured_media":2476,"template":"","meta":{"_coblocks_attr":"","_coblocks_dimensions":"","_coblocks_responsive_height":"","_coblocks_accordion_ie_support":"","wds_primary_product_brand":0,"wds_primary_product_cat":0},"product_brand":[667],"product_cat":[479],"product_tag":[482,450],"class_list":{"0":"post-5512","1":"product","2":"type-product","3":"status-publish","4":"has-post-thumbnail","6":"product_brand-head-rush-technologies-es","7":"product_cat-poleas-de-tirolesa","8":"product_tag-polea-de-tirolesa","9":"product_tag-tirolesa","11":"first","12":"instock","13":"sale","14":"taxable","15":"shipping-taxable","16":"purchasable","17":"product-type-variable"},"_links":{"self":[{"href":"https:\/\/thrillsyndicate.com\/es\/wp-json\/wp\/v2\/product\/5512","targetHints":{"allow":["GET"]}}],"collection":[{"href":"https:\/\/thrillsyndicate.com\/es\/wp-json\/wp\/v2\/product"}],"about":[{"href":"https:\/\/thrillsyndicate.com\/es\/wp-json\/wp\/v2\/types\/product"}],"wp:featuredmedia":[{"embeddable":true,"href":"https:\/\/thrillsyndicate.com\/es\/wp-json\/wp\/v2\/media\/2476"}],"wp:attachment":[{"href":"https:\/\/thrillsyndicate.com\/es\/wp-json\/wp\/v2\/media?parent=5512"}],"wp:term":[{"taxonomy":"product_brand","embeddable":true,"href":"https:\/\/thrillsyndicate.com\/es\/wp-json\/wp\/v2\/product_brand?post=5512"},{"taxonomy":"product_cat","embeddable":true,"href":"https:\/\/thrillsyndicate.com\/es\/wp-json\/wp\/v2\/product_cat?post=5512"},{"taxonomy":"product_tag","embeddable":true,"href":"https:\/\/thrillsyndicate.com\/es\/wp-json\/wp\/v2\/product_tag?post=5512"}],"curies":[{"name":"wp","href":"https:\/\/api.w.org\/{rel}","templated":true}]}}