{"id":5551,"date":"2022-02-25T15:35:42","date_gmt":"2022-02-25T14:35:42","guid":{"rendered":"https:\/\/thrillsyndicate.com\/shop\/zipstop-speed-freno-de-tirolesa-50-72-km-h\/"},"modified":"2025-08-25T13:05:09","modified_gmt":"2025-08-25T11:05:09","slug":"zipstop-speed-zip-line-freno","status":"publish","type":"product","link":"https:\/\/thrillsyndicate.com\/es\/product\/zipstop-speed-zip-line-freno\/","title":{"rendered":"zipSTOP SPEED Freno de tirolesa | 50 &#8211; 72 km\/h"},"content":{"rendered":"<p><b>Ten en cuenta<\/b> que, debido a los actuales problemas arancelarios mundiales, el precio del <b>freno para tirolinas zipSTOP SPEED<\/b> <b>aumentar\u00e1<\/b> a partir <b>del 1 de octubre de 2025<\/b>. Para recibir el precio actual, tu pedido debe realizarse antes del 1 de octubre de 2025 y la entrega debe estar prevista para el 30 de noviembre de 2025. <\/p>\n<p>El dispositivo de frenado zipSTOP cambiar\u00e1 el negocio de los circuitos de desaf\u00edo para mejor. El zipSTOP utiliza una tecnolog\u00eda de frenado magn\u00e9tico autorregulable para detener de forma segura y suave a los usuarios de la tirolesa. El zipSTOP cumplir\u00e1 con un requisito vital para los operadores de tirolesas al permitir que los pasajeros frenen de manera segura a altas velocidades.<\/p>\n<p>El zipSTOP SPEED es el m\u00e1s adecuado para velocidades de llegada de usuarios m\u00e1s r\u00e1pidas de hasta 72 kph (45 mph): El zipSTOP Zip Line Brake es el mejor freno para su tirolesa. Emplea tecnolog\u00eda de frenado magn\u00e9tico de corriente de Foucault autorregulable para detener a los ciclistas de tirolesa de manera suave, c\u00f3moda y consistente.<\/p>\n<h2>Qu\u00e9 hace que la velocidad zipSTOP sea diferente:<\/h2>\n<p>El zipSTOP SPEED utiliz\u00f3 una reducci\u00f3n interna adem\u00e1s de un sistema de reducci\u00f3n externo 2:1 para detener suavemente a los ciclistas a las velocidades de llegada m\u00e1s altas de cualquier freno zipSTOP. Este dispositivo debe usarse con una <a href=\"https:\/\/thrillsyndicate.com\/blog\/zip-line-installation-give-them-the-best-ride\/\">configuraci\u00f3n de l\u00ednea de reducci\u00f3n 2:1<\/a> externa. Los beneficios de SPEED incluyen velocidades de llegada m\u00e1s altas, reinicio autom\u00e1tico mejorado y una experiencia de frenado suave.<\/p>\n<h2>El montaje incluye:<\/h2>\n<ul>\n<li>Dispositivo de freno zipSTOP Zip Line<\/li>\n<li>Polea de freno (seg\u00fan selecci\u00f3n)<\/li>\n<li>Soporte de montaje y hardware<\/li>\n<\/ul>\n<h2>Beneficios clave de la velocidad de zipSTOP:<\/h2>\n<ul>\n<li>La tecnolog\u00eda de frenado por corrientes de Foucault se ajusta autom\u00e1ticamente para garantizar una desaceleraci\u00f3n suave del ciclista.<\/li>\n<li>Permite una amplia variedad de pesos y velocidades del ciclista.<\/li>\n<li>Se restablece autom\u00e1ticamente despu\u00e9s de cada ciclista, lo que minimiza el error humano.<\/li>\n<li>Ayuda a mitigar el riesgo al eliminar el error humano del ciclista o los gu\u00edas.<\/li>\n<li>Bajo costo de propiedad.<\/li>\n<li>Capaz de soportar ambientes al aire libre y trabajar consistentemente en cualquier condici\u00f3n.<\/li>\n<\/ul>\n<h2>Especificaciones<\/h2>\n<div class=\"hrt-specs\">\n<ul>\n<li>Capacidad de trabajo nominal: 15 a 150 kg (33 a 330 lbs)<\/li>\n<li>Peso del dispositivo: 23,5 kg (52 libras)<\/li>\n<li>N\u00famero de modelo: ZSSD150-20A<\/li>\n<li>Velocidad nominal de trabajo: 0 a 72 kph (0 a 45 mph) utilizando una reducci\u00f3n de 2:1*<\/li>\n<li><a href=\"https:\/\/f.hubspotusercontent20.net\/hubfs\/5957371\/Website%20Docs\/manuals\/zipstop\/EN-zipstop-installation-manual-V2.pdf\" target=\"_blank\" rel=\"noopener\">Manual de instalaci\u00f3n de zipSTOP (abril de 2021)<\/a><\/li>\n<li><a href=\"https:\/\/f.hubspotusercontent20.net\/hubfs\/5957371\/Website%20Docs\/manuals\/zipstop\/EN_zipSTOP-Operations-Manual.pdf\" target=\"_blank\" rel=\"noopener\"><i class=\"icon-line-download\"><\/i>Manual de funcionamiento y mantenimiento de zipSTOP (abril de 2021)<\/a><\/li>\n<\/ul>\n<p>*Este dispositivo debe usarse con reducci\u00f3n externa 2:1.<\/p>\n<h2>Especificaciones de la l\u00ednea<\/h2>\n<ul>\n<li>Extensi\u00f3n M\u00e1xima de L\u00ednea: 20m<\/li>\n<\/ul>\n<h2 class=\"product-title ecomproduct__product-title\">Servicio anual Zipstop SPEED<\/h2>\n<p>Para mantener la garant\u00eda de tu freno de tirolina zipSTOP SPEED y asegurar el cumplimiento de las normas de seguridad, todos los dispositivos deben someterse a una revisi\u00f3n anual. El servicio es un proceso anual para asegurarse de que tu zipSTOP SPEED funciona correctamente y se sustituyen las piezas desgastadas, como las correas. El mantenimiento de tu zipSTOP SPEED a tiempo ayuda a mantener la garant\u00eda y a maximizar el rendimiento. El servicio anual tambi\u00e9n es obligatorio para garantizar el cumplimiento de las normas de seguridad como la CE y la ANSI. La cuota de servicio anual de zipSTOP SPEED es de 450,00 euros.<\/p>\n<h2>C\u00f3mo seleccionar el dispositivo zipSTOP adecuado para tu instalaci\u00f3n de tirolesa <\/h2>\n<p>Selecciona el modelo de dispositivo\/relaci\u00f3n de reducci\u00f3n que tenga una velocidad m\u00e1xima del dispositivo superior a la velocidad m\u00e1xima de llegada en todas las condiciones. La velocidad m\u00e1xima del dispositivo debe ser suficientemente superior a la velocidad m\u00e1xima de llegada para tener en cuenta la variabilidad y otros factores.<\/p>\n<ul>\n<li>Velocidad m\u00e1xima de llegada &lt; 36 kph [22 mph] -&gt; <a href=\"https:\/\/thrillsyndicate.com\/es\/shop\/zipstop-zip-line-freno\/\">zipSTOP<\/a> 1:1<\/li>\n<li>Velocidad m\u00e1xima de llegada &lt; 60 kph [37 mph] -&gt; <a href=\"https:\/\/thrillsyndicate.com\/es\/shop\/zipstop-ir-zip-line-freno\/\">zipSTOP IR<\/a>, <a href=\"https:\/\/thrillsyndicate.com\/es\/shop\/zipstop-zip-line-freno\/\">zipSTOP<\/a> 2:1<\/li>\n<li>Velocidad m\u00e1xima de llegada &lt; 72 kph [45 mph] -&gt; <a href=\"https:\/\/thrillsyndicate.com\/es\/shop\/zipstop-speed-zip-line-freno\/\">zipSTOP SPEED<\/a> 2:1<\/li>\n<\/ul>\n<\/div>\n<div class=\"hrt-specs\">\n<p><img loading=\"lazy\" decoding=\"async\" class=\"alignnone wp-image-162 size-full\" src=\"https:\/\/thrillsyndicate.com\/wp-content\/uploads\/2022\/02\/zipSTOP-SelectionGuide_9.24.18.jpg\" alt=\"\" width=\"800\" height=\"1038\" srcset=\"https:\/\/thrillsyndicate.com\/wp-content\/uploads\/2022\/02\/zipSTOP-SelectionGuide_9.24.18.jpg 800w, https:\/\/thrillsyndicate.com\/wp-content\/uploads\/2022\/02\/zipSTOP-SelectionGuide_9.24.18-458x594.jpg 458w, https:\/\/thrillsyndicate.com\/wp-content\/uploads\/2022\/02\/zipSTOP-SelectionGuide_9.24.18-231x300.jpg 231w, https:\/\/thrillsyndicate.com\/wp-content\/uploads\/2022\/02\/zipSTOP-SelectionGuide_9.24.18-789x1024.jpg 789w, https:\/\/thrillsyndicate.com\/wp-content\/uploads\/2022\/02\/zipSTOP-SelectionGuide_9.24.18-768x996.jpg 768w, https:\/\/thrillsyndicate.com\/wp-content\/uploads\/2022\/02\/zipSTOP-SelectionGuide_9.24.18-100x130.jpg 100w\" sizes=\"auto, (max-width: 800px) 100vw, 800px\" \/><\/p>\n<h2>Informaci\u00f3n adicional de expertos sobre la tecnolog\u00eda Zipline<\/h2>\n<p>\u00bfEst\u00e1 interesado en leer m\u00e1s sobre la tecnolog\u00eda Zipline y las opiniones de los expertos?<\/p>\n<ul>\n<li><a href=\"https:\/\/thrillsyndicate.com\/es\/zip-line-design-components-for-a-complete-system\/\">Dise\u00f1o de tirolesas: componentes para un sistema completo<\/a><\/li>\n<li><a href=\"https:\/\/thrillsyndicate.com\/es\/los-errores-que-no-saben-que-estan-haciendo\/\">9 errores de tirolesa que no sabes que est\u00e1s cometiendo<\/a><\/li>\n<li><a href=\"https:\/\/thrillsyndicate.com\/es\/ventajas-y-desventajas-de-los-diferentes-frenos-de-linea-de-cierre\/\">Pros y contras de los diferentes frenos de tirolesa<\/a><\/li>\n<li><a href=\"https:\/\/thrillsyndicate.com\/es\/expert-tips-for-zip-line-brake-installations\/\">Consejos de expertos para instalaciones de frenos de tirolesas<\/a><\/li>\n<li><a href=\"https:\/\/thrillsyndicate.com\/blog\/white-paper-on-zipline-emergency-arrest-devices-ead\/\">Libro blanco sobre los dispositivos de detenci\u00f3n de emergencia (EAD) de Zipline<\/a><\/li>\n<li><a href=\"https:\/\/thrillsyndicate.com\/blog\/does-your-zip-line-need-an-emergency-arrest-device\/\">\u00bfTu tirolina necesita un dispositivo de detenci\u00f3n de emergencia?<\/a><\/li>\n<li><a href=\"https:\/\/thrillsyndicate.com\/the-magnetic-self-braking-zipline-pulley\/\">MAG Brake Trolley, la polea Zipline Autofrenante Magn\u00e9tica<\/a><\/li>\n<li><a href=\"https:\/\/thrillsyndicate.com\/blog\/the-science-of-eddy-current-magnetic-braking\/\">La ciencia del frenado magn\u00e9tico por corrientes de Foucault<\/a><\/li>\n<li><a href=\"https:\/\/thrillsyndicate.com\/blog\/all-about-bearings-why-zip-line-trolley-bearings-matter\/\">\u00bfPor qu\u00e9 son importantes los rodamientos del Polea Zip Line?<\/a><\/li>\n<li><a href=\"https:\/\/thrillsyndicate.com\/es\/whitepaper-zipline-braking-dynamics\/\">Whitepaper: Din\u00e1mica de frenado de tirolesa<\/a><\/li>\n<li><a href=\"https:\/\/thrillsyndicate.com\/blog\/zip-line-installation-give-them-the-best-ride\/\">Instalaci\u00f3n de tirolesa: br\u00edndeles el mejor viaje<\/a><\/li>\n<\/ul>\n<\/div>\n","protected":false},"excerpt":{"rendered":"<p>El freno de tirolina zipSTOP Speed revoluciona tu experiencia de tirolina con su tecnolog\u00eda de frenado magn\u00e9tico autorregulado por corrientes de Foucault. Perfecto para las llegadas a gran velocidad, garantiza un frenado suave y consistente para ciclistas de todos los pesos y velocidades.<\/p>\n","protected":false},"featured_media":2449,"template":"","meta":{"_coblocks_attr":"","_coblocks_dimensions":"","_coblocks_responsive_height":"","_coblocks_accordion_ie_support":"","wds_primary_product_brand":0,"wds_primary_product_cat":0},"product_brand":[72],"product_cat":[28],"product_tag":[30,36,29],"class_list":{"0":"post-5551","1":"product","2":"type-product","3":"status-publish","4":"has-post-thumbnail","6":"product_brand-head-rush-technologies","7":"product_cat-zipwire-braking-systems","8":"product_tag-zipline-brake","9":"product_tag-zipline","10":"product_tag-zipstop","12":"first","13":"instock","14":"sale","15":"taxable","16":"shipping-taxable","17":"purchasable","18":"product-type-variable"},"_links":{"self":[{"href":"https:\/\/thrillsyndicate.com\/es\/wp-json\/wp\/v2\/product\/5551","targetHints":{"allow":["GET"]}}],"collection":[{"href":"https:\/\/thrillsyndicate.com\/es\/wp-json\/wp\/v2\/product"}],"about":[{"href":"https:\/\/thrillsyndicate.com\/es\/wp-json\/wp\/v2\/types\/product"}],"wp:featuredmedia":[{"embeddable":true,"href":"https:\/\/thrillsyndicate.com\/es\/wp-json\/wp\/v2\/media\/2449"}],"wp:attachment":[{"href":"https:\/\/thrillsyndicate.com\/es\/wp-json\/wp\/v2\/media?parent=5551"}],"wp:term":[{"taxonomy":"product_brand","embeddable":true,"href":"https:\/\/thrillsyndicate.com\/es\/wp-json\/wp\/v2\/product_brand?post=5551"},{"taxonomy":"product_cat","embeddable":true,"href":"https:\/\/thrillsyndicate.com\/es\/wp-json\/wp\/v2\/product_cat?post=5551"},{"taxonomy":"product_tag","embeddable":true,"href":"https:\/\/thrillsyndicate.com\/es\/wp-json\/wp\/v2\/product_tag?post=5551"}],"curies":[{"name":"wp","href":"https:\/\/api.w.org\/{rel}","templated":true}]}}