{"id":5615,"date":"2022-02-25T19:39:21","date_gmt":"2022-02-25T18:39:21","guid":{"rendered":"https:\/\/thrillsyndicate.com\/shop\/correa-superior-de-repuesto-flightline-red-line\/"},"modified":"2025-06-05T09:16:26","modified_gmt":"2025-06-05T07:16:26","slug":"linea-de-vuelo-reemplazo-correa-superior-linea-roja","status":"publish","type":"product","link":"https:\/\/thrillsyndicate.com\/es\/product\/linea-de-vuelo-reemplazo-correa-superior-linea-roja\/","title":{"rendered":"Correa superior de repuesto FlightLine &#8211; Red Line"},"content":{"rendered":"<p>Este producto es la l\u00ednea de cincha superior de repuesto roja para los dispositivos FlightLine. Consulta el <a href=\"https:\/\/cdn2.hubspot.net\/hubfs\/5957371\/magento-manuals\/flightline\/EN-flightline-installation-and-operation-manual.pdf\" target=\"_blank\" rel=\"noopener\">Manual de Operaciones de FlightLine<\/a> para obtener instrucciones completas. <b>Nota: Las cinchas desgastadas o da\u00f1adas deben sustituirse inmediatamente.<\/b> Los da\u00f1os incluyen, entre otros, desgaste excesivo, pelusas, decoloraci\u00f3n por el sol, cortes, nudos, costuras sueltas o brillos causados por la fricci\u00f3n.<\/p>\n","protected":false},"excerpt":{"rendered":"<p>El <a href=\"https:\/\/thrillsyndicate.com\/es\/shop\/dispositivo-de-caida-libre-redundante-de-linea-de-vuelo\/\">FlightLine Free Fall Ride<\/a> est\u00e1 equipado con correas que requieren inspecci\u00f3n y reemplazo de rutina. Si est\u00e1 desgastada o da\u00f1ada, la correa se puede reemplazar en el campo usando este juego de dos correas superiores de repuesto.<\/p>\n","protected":false},"featured_media":3433,"template":"","meta":{"_coblocks_attr":"","_coblocks_dimensions":"","_coblocks_responsive_height":"","_coblocks_accordion_ie_support":"","wds_primary_product_brand":0,"wds_primary_product_cat":0},"product_brand":[72],"product_cat":[47],"product_tag":[44,45,46,42],"class_list":{"0":"post-5615","1":"product","2":"type-product","3":"status-publish","4":"has-post-thumbnail","6":"product_brand-head-rush-technologies","7":"product_cat-free-fall-replacement-webbing","8":"product_tag-free-fall","9":"product_tag-flightline-free-fall","10":"product_tag-quickflight-free-fall","11":"product_tag-replacement-webbing","13":"first","14":"instock","15":"taxable","16":"shipping-taxable","17":"purchasable","18":"product-type-simple"},"_links":{"self":[{"href":"https:\/\/thrillsyndicate.com\/es\/wp-json\/wp\/v2\/product\/5615","targetHints":{"allow":["GET"]}}],"collection":[{"href":"https:\/\/thrillsyndicate.com\/es\/wp-json\/wp\/v2\/product"}],"about":[{"href":"https:\/\/thrillsyndicate.com\/es\/wp-json\/wp\/v2\/types\/product"}],"wp:featuredmedia":[{"embeddable":true,"href":"https:\/\/thrillsyndicate.com\/es\/wp-json\/wp\/v2\/media\/3433"}],"wp:attachment":[{"href":"https:\/\/thrillsyndicate.com\/es\/wp-json\/wp\/v2\/media?parent=5615"}],"wp:term":[{"taxonomy":"product_brand","embeddable":true,"href":"https:\/\/thrillsyndicate.com\/es\/wp-json\/wp\/v2\/product_brand?post=5615"},{"taxonomy":"product_cat","embeddable":true,"href":"https:\/\/thrillsyndicate.com\/es\/wp-json\/wp\/v2\/product_cat?post=5615"},{"taxonomy":"product_tag","embeddable":true,"href":"https:\/\/thrillsyndicate.com\/es\/wp-json\/wp\/v2\/product_tag?post=5615"}],"curies":[{"name":"wp","href":"https:\/\/api.w.org\/{rel}","templated":true}]}}