{"id":5621,"date":"2022-02-25T17:51:01","date_gmt":"2022-02-25T16:51:01","guid":{"rendered":"https:\/\/thrillsyndicate.com\/shop\/carro-de-freno-zipstop-con-mecanismo-de-captura\/"},"modified":"2025-08-16T15:02:21","modified_gmt":"2025-08-16T13:02:21","slug":"carro-de-freno-zip-stop-con-mecanismo-de-enganche","status":"publish","type":"product","link":"https:\/\/thrillsyndicate.com\/es\/product\/carro-de-freno-zip-stop-con-mecanismo-de-enganche\/","title":{"rendered":"Polea de freno zipSTOP con mecanismo de captura"},"content":{"rendered":"<div class=\"hrt-product-description\">  El carro de freno zipSTOP con mecanismo de enganche es un sustituto del carro de freno que ven\u00eda con tu <a href=\"https:\/\/thrillsyndicate.com\/es\/categoria\/soluciones-de-seguridad-para-tirolesas\/sistemas-de-frenado-zipwire\/\">tirolina zipSTOP<\/a> e incluye el accesorio de enganche para utilizarlo con <a href=\"https:\/\/thrillsyndicate.com\/es\/categoria\/soluciones-de-seguridad-para-tirolesas\/poleas-de-tirolesa\/\">los carros LightSpeed<\/a> con gancho instalado. Consulta el Manual de instalaci\u00f3n, funcionamiento y mantenimiento de zipSTOP para obtener informaci\u00f3n detallada sobre la inspecci\u00f3n y sustituci\u00f3n de las l\u00edneas.  <\/div>\n<h4>ESPECIFICACIONES<\/h4>\n<div class=\"hrt-specs\">\n<ul>\n<li>Dimensiones: 320 x 100 x 115 mm (12,5 x 4 x 4,5 pulgadas)<\/li>\n<li>Peso neto: 1,3 kg (2,8 libras)<\/li>\n<li>Carcasa: aleaci\u00f3n de aluminio<\/li>\n<li>Ruedas: Acero<\/li>\n<li>Tope de tope: caucho EPDM<\/li>\n<li>Velocidad m\u00e1xima: 72 km\/h (45 mph)<\/li>\n<li>Peso m\u00ednimo del ciclista: 15 kg (33 libras)<\/li>\n<li>Peso m\u00e1ximo del ciclista: 150 kg (330 libras)<\/li>\n<\/ul>\n<\/div>\n","protected":false},"excerpt":{"rendered":"<p>Este <em>Polea<\/em> zipSTOP Brake est\u00e1 equipado con un <em>mecanismo de captura<\/em> para mejorar la recuperaci\u00f3n del ciclista en caso de que un ciclista liviano se detenga antes de llegar a la plataforma de aterrizaje.<\/p>\n","protected":false},"featured_media":2953,"template":"","meta":{"_coblocks_attr":"","_coblocks_dimensions":"","_coblocks_responsive_height":"","_coblocks_accordion_ie_support":"","wds_primary_product_brand":0,"wds_primary_product_cat":0},"product_brand":[667],"product_cat":[502],"product_tag":[450,448],"class_list":{"0":"post-5621","1":"product","2":"type-product","3":"status-publish","4":"has-post-thumbnail","6":"product_brand-head-rush-technologies-es","7":"product_cat-accesorios-zipstop","8":"product_tag-tirolesa","9":"product_tag-zipstop-es","11":"first","12":"instock","13":"taxable","14":"shipping-taxable","15":"purchasable","16":"product-type-variable"},"_links":{"self":[{"href":"https:\/\/thrillsyndicate.com\/es\/wp-json\/wp\/v2\/product\/5621","targetHints":{"allow":["GET"]}}],"collection":[{"href":"https:\/\/thrillsyndicate.com\/es\/wp-json\/wp\/v2\/product"}],"about":[{"href":"https:\/\/thrillsyndicate.com\/es\/wp-json\/wp\/v2\/types\/product"}],"wp:featuredmedia":[{"embeddable":true,"href":"https:\/\/thrillsyndicate.com\/es\/wp-json\/wp\/v2\/media\/2953"}],"wp:attachment":[{"href":"https:\/\/thrillsyndicate.com\/es\/wp-json\/wp\/v2\/media?parent=5621"}],"wp:term":[{"taxonomy":"product_brand","embeddable":true,"href":"https:\/\/thrillsyndicate.com\/es\/wp-json\/wp\/v2\/product_brand?post=5621"},{"taxonomy":"product_cat","embeddable":true,"href":"https:\/\/thrillsyndicate.com\/es\/wp-json\/wp\/v2\/product_cat?post=5621"},{"taxonomy":"product_tag","embeddable":true,"href":"https:\/\/thrillsyndicate.com\/es\/wp-json\/wp\/v2\/product_tag?post=5621"}],"curies":[{"name":"wp","href":"https:\/\/api.w.org\/{rel}","templated":true}]}}