{"id":5624,"date":"2022-02-25T19:15:52","date_gmt":"2022-02-25T18:15:52","guid":{"rendered":"https:\/\/thrillsyndicate.com\/shop\/dispositivo-de-caida-libre-quickflight-xl-12-23-metros\/"},"modified":"2025-08-25T13:24:41","modified_gmt":"2025-08-25T11:24:41","slug":"quickflight-xl-free-fall-dispositivo","status":"publish","type":"product","link":"https:\/\/thrillsyndicate.com\/es\/product\/quickflight-xl-free-fall-dispositivo\/","title":{"rendered":"Dispositivo de ca\u00edda libre QuickFlight XL | 12 &#8211; 23 metros"},"content":{"rendered":"<p><b>Ten en cuenta<\/b> que, debido a los actuales problemas arancelarios mundiales, el precio del <b>Dispositivo de Ca\u00edda Libre QuickFlight<\/b> XL <b>aumentar\u00e1<\/b> a partir <b>del 1 de octubre de 2025<\/b>. Para recibir el precio actual, tu pedido debe realizarse antes del 1 de octubre de 2025 y la entrega debe estar prevista para el 30 de noviembre de 2025. <\/p>\n<p>El dispositivo de ca\u00edda libre QuickFlight utiliza la tecnolog\u00eda de frenado magn\u00e9tico de corrientes par\u00e1sitas para brindar una emocionante experiencia de ca\u00edda libre. QuickFlight se puede usar en una variedad de aplicaciones, incluida la salida de la plataforma y un &#8220;acto de fe&#8221;. O\u2026 simplemente \u00a1SALTA!<\/p>\n<p><strong>Lleve la ca\u00edda libre a su negocio con QuickFlight XL, \u00a1una emoci\u00f3n de ca\u00edda libre emocionante y de alto rendimiento para todas las edades!<\/strong><\/p>\n<h2>Caracter\u00edsticas:<\/h2>\n<ul>\n<li><strong>Ca\u00edda libre verdadera<\/strong> : nuestra tecnolog\u00eda de frenado magn\u00e9tico permite que QuickFlight XL ofrezca una &#8220;ca\u00edda libre verdadera&#8221; sin restricciones de hasta 4 m (13 pies). La verdadera ca\u00edda libre combinada con un alto factor de GPA (conocimiento de la proximidad del suelo) da como resultado una experiencia de ca\u00edda libre completa verdaderamente diferente a cualquier cosa en la industria.<\/li>\n<li><strong>Sistema de doble l\u00ednea<\/strong> . El sistema de doble l\u00ednea redundante y los conjuntos de protecci\u00f3n contra sobrecarga (OPA) incorporados sirven para maximizar la comodidad del conductor y la tranquilidad del operador.<\/li>\n<li><strong>Compatibilidad Operacional<\/strong> . Monte el QuickFlight XL en interiores o exteriores hasta 23 m (75 pies). Una amplia gama de pesos (20-130 kg\/44-285 lb) y opciones de montaje permiten una experiencia de ca\u00edda libre personalizada que es compatible con la altura de sus estructuras y los niveles de comodidad de su clientela.<\/li>\n<li><a href=\"https:\/\/thrillsyndicate.com\/blog\/the-science-of-eddy-current-magnetic-braking\/\"><strong>Tecnolog\u00eda de frenado magn\u00e9tico por corrientes de Foucault<\/strong><\/a><strong>.<\/strong> Los imanes permiten un dise\u00f1o compacto f\u00e1cil de instalar, transportar y mantener, lo que lo hace perfecto para un anclaje superior en una torre o plataforma existente. El frenado magn\u00e9tico de corriente de Foucault utilizado en ca\u00edda libre ofrece una captura suave y un descenso suave, ciclo tras ciclo.<\/li>\n<li><strong>Alto rendimiento<\/strong> : QuickFlight XL se retrae de forma r\u00e1pida y segura, lo que permite un mayor rendimiento que otros dispositivos de ca\u00edda libre. La f\u00e1cil instalaci\u00f3n, la portabilidad y las piezas reemplazables en el campo significan que ahorrar\u00e1 m\u00e1s con el tiempo, \u00a1observando la ca\u00edda libre de sus clientes mientras sus ganancias se disparan!<\/li>\n<\/ul>\n<p><strong>Nota<\/strong> : La principal diferencia entre QuickFlight y QuickFlight XL es la altura de montaje.<\/p>\n<p>Cada QuickFlight XL viene con una correa superior unida a una opci\u00f3n RipCord y dos mosquetones (con protectores de cord\u00f3n) en la l\u00ednea de la correa. Necesitar\u00e1 equipo de montaje por separado para montar el dispositivo QuickFlight XL, NO INCLUIDO. Recomendamos comprar el <a href=\"https:\/\/thrillsyndicate.com\/es\/shop\/kit-de-montaje-para-quickflight-quickflight-xl\/\">kit de montaje QuickFlight<\/a> .<\/p>\n<h2 class=\"product-title ecomproduct__product-title\">Servicio anual QuickFlight XL<\/h2>\n<p>Para mantener la garant\u00eda de tus dispositivos de ca\u00edda libre QuickFlight XL y asegurar el cumplimiento de las normas de seguridad, todos los dispositivos deben someterse a una revisi\u00f3n anual. El servicio es un proceso anual para asegurarse de que tu QuickFlight XL funciona correctamente y se sustituyen las piezas desgastadas, como las correas. El mantenimiento de tu QuickFlight XL a tiempo ayuda a mantener la garant\u00eda y a maximizar el rendimiento. El servicio anual tambi\u00e9n es obligatorio para garantizar el cumplimiento de las normas de seguridad como la CE y la ANSI. La cuota de servicio anual de QuickFlight XL es de 299,00 euros.<\/p>\n<h2>ESPECIFICACIONES<\/h2>\n<div class=\"hrt-specs\">\n<ul>\n<li style=\"list-style-type: none;\">\n<ul>\n<li>Capacidad nominal de trabajo: 20 a 130 kg (44 a 285 lbs)<\/li>\n<li>Dimensiones: 80 x 320 x 216 mm (15 x 12,6 x 8,5 pulgadas)<\/li>\n<li>Peso del dispositivo: QuickFlight XL: 25 kg (55 libras)<\/li>\n<li>Garant\u00eda (todos los dispositivos): 2 a\u00f1os<\/li>\n<li>ASTM F2291-11: Pr\u00e1ctica est\u00e1ndar para el dise\u00f1o de juegos mec\u00e1nicos y dispositivos<\/li>\n<li><a href=\"https:\/\/thrillsyndicate.com\/wp-content\/uploads\/2022\/02\/QuickFlight-CE-certificate.pdf\">Certificado CE QuickFlight<\/a><\/li>\n<li><a href=\"https:\/\/cdn2.hubspot.net\/hubfs\/5957371\/website-docs\/manuals\/quickflight\/EN_quickflight-quickflight-xl-operation-manual_V2.pdf\" target=\"_blank\" rel=\"noopener\">Manual de QuickFlight \/ QuickFlight XL<\/a><\/li>\n<\/ul>\n<\/li>\n<\/ul>\n<ul>\n<li><strong>QuickFlight XL 1 metro RipCord<\/strong><br \/>\nAltura m\u00ednima de montaje: 12 m<br \/>\nAltura m\u00e1xima de montaje: 21,8 m<\/li>\n<li><strong>QuickFlight XL 2 metros RipCord<\/strong><br \/>\nAltura m\u00ednima de montaje: 13 m<br \/>\nAltura m\u00e1xima de montaje: 23,0 m<\/li>\n<\/ul>\n<p><img loading=\"lazy\" decoding=\"async\" class=\"alignnone wp-image-253 size-full\" src=\"https:\/\/thrillsyndicate.com\/wp-content\/uploads\/2022\/02\/quickjump-quickflight-free-fall-selection-guide.jpg\" alt=\"\" width=\"800\" height=\"975\" srcset=\"https:\/\/thrillsyndicate.com\/wp-content\/uploads\/2022\/02\/quickjump-quickflight-free-fall-selection-guide.jpg 800w, https:\/\/thrillsyndicate.com\/wp-content\/uploads\/2022\/02\/quickjump-quickflight-free-fall-selection-guide-458x558.jpg 458w, https:\/\/thrillsyndicate.com\/wp-content\/uploads\/2022\/02\/quickjump-quickflight-free-fall-selection-guide-246x300.jpg 246w, https:\/\/thrillsyndicate.com\/wp-content\/uploads\/2022\/02\/quickjump-quickflight-free-fall-selection-guide-768x936.jpg 768w, https:\/\/thrillsyndicate.com\/wp-content\/uploads\/2022\/02\/quickjump-quickflight-free-fall-selection-guide-100x122.jpg 100w\" sizes=\"auto, (max-width: 800px) 100vw, 800px\" \/><\/p>\n<p><iframe loading=\"lazy\" title=\"QuickFlight Free Fall Device\" width=\"980\" height=\"551\" src=\"https:\/\/www.youtube.com\/embed\/jmAL_YdePl0?feature=oembed\" frameborder=\"0\" allow=\"accelerometer; autoplay; clipboard-write; encrypted-media; gyroscope; picture-in-picture\" allowfullscreen><\/iframe><\/p>\n<\/div>\n","protected":false},"excerpt":{"rendered":"<p>El QuickFlight XL proporciona una experiencia de ca\u00edda libre inigualable utilizando una tecnolog\u00eda de frenado magn\u00e9tico de vanguardia. Perfecto para curso de cuerdas forestales, torres de tirolinas y mucho m\u00e1s, ofrece un alto rendimiento y bajos costes operativos.<\/p>\n","protected":false},"featured_media":3499,"template":"","meta":{"_coblocks_attr":"","_coblocks_dimensions":"","_coblocks_responsive_height":"","_coblocks_accordion_ie_support":"","wds_primary_product_brand":0,"wds_primary_product_cat":0},"product_brand":[72],"product_cat":[43],"product_tag":[507,510],"class_list":{"0":"post-5624","1":"product","2":"type-product","3":"status-publish","4":"has-post-thumbnail","6":"product_brand-head-rush-technologies","7":"product_cat-free-fall-devices","8":"product_tag-caida-libre","9":"product_tag-caida-libre-quickflight","11":"first","12":"instock","13":"sale","14":"taxable","15":"shipping-taxable","16":"purchasable","17":"product-type-variable"},"_links":{"self":[{"href":"https:\/\/thrillsyndicate.com\/es\/wp-json\/wp\/v2\/product\/5624","targetHints":{"allow":["GET"]}}],"collection":[{"href":"https:\/\/thrillsyndicate.com\/es\/wp-json\/wp\/v2\/product"}],"about":[{"href":"https:\/\/thrillsyndicate.com\/es\/wp-json\/wp\/v2\/types\/product"}],"wp:featuredmedia":[{"embeddable":true,"href":"https:\/\/thrillsyndicate.com\/es\/wp-json\/wp\/v2\/media\/3499"}],"wp:attachment":[{"href":"https:\/\/thrillsyndicate.com\/es\/wp-json\/wp\/v2\/media?parent=5624"}],"wp:term":[{"taxonomy":"product_brand","embeddable":true,"href":"https:\/\/thrillsyndicate.com\/es\/wp-json\/wp\/v2\/product_brand?post=5624"},{"taxonomy":"product_cat","embeddable":true,"href":"https:\/\/thrillsyndicate.com\/es\/wp-json\/wp\/v2\/product_cat?post=5624"},{"taxonomy":"product_tag","embeddable":true,"href":"https:\/\/thrillsyndicate.com\/es\/wp-json\/wp\/v2\/product_tag?post=5624"}],"curies":[{"name":"wp","href":"https:\/\/api.w.org\/{rel}","templated":true}]}}