{"id":5636,"date":"2022-02-25T17:55:59","date_gmt":"2022-02-25T16:55:59","guid":{"rendered":"https:\/\/thrillsyndicate.com\/shop\/linea-de-freno-de-repuesto-zipstop\/"},"modified":"2025-08-16T14:59:57","modified_gmt":"2025-08-16T12:59:57","slug":"zipstop-sustitucion-linea-de-frenado","status":"publish","type":"product","link":"https:\/\/thrillsyndicate.com\/es\/product\/zipstop-sustitucion-linea-de-frenado\/","title":{"rendered":"L\u00ednea de freno de repuesto zipSTOP"},"content":{"rendered":"<p>El <a href=\"https:\/\/thrillsyndicate.com\/es\/categoria\/soluciones-de-seguridad-para-tirolesas\/sistemas-de-frenado-zipwire\/\">zipSTOP Zip Line Brake<\/a> est\u00e1 equipado con una l\u00ednea de frenado que el propietario puede reemplazar en el campo utilizando la l\u00ednea de frenado de repuesto. Las correas desgastadas o da\u00f1adas deben reemplazarse de inmediato. Los da\u00f1os incluyen, pero no se limitan a, desgaste excesivo, pelusas, decoloraci\u00f3n por el sol, cortes, muescas, costuras sueltas o quemaduras. La l\u00ednea de frenado debe reemplazarse al menos en intervalos de 12 meses, independientemente del desgaste. Esta l\u00ednea de frenado reemplaza la l\u00ednea de 12,5 m (41 pies) que se extiende durante la activaci\u00f3n de zipSTOP. La frecuencia de reemplazo de la l\u00ednea de frenado depende del uso. Consulta el Manual del operador del freno de tirolina zipSTOP para obtener m\u00e1s informaci\u00f3n.  <strong>Nota: No para uso con zipSTOP IR o zipSTOP SPEED.<\/strong><\/p>\n","protected":false},"excerpt":{"rendered":"<p>El zipSTOP Zip Line Brake est\u00e1 equipado con una l\u00ednea de frenado que el propietario puede reemplazar en el campo utilizando la l\u00ednea de frenado de repuesto.<\/p>\n","protected":false},"featured_media":2974,"template":"","meta":{"_coblocks_attr":"","_coblocks_dimensions":"","_coblocks_responsive_height":"","_coblocks_accordion_ie_support":"","wds_primary_product_brand":0,"wds_primary_product_cat":0},"product_brand":[72],"product_cat":[41],"product_tag":[42,36,29],"class_list":{"0":"post-5636","1":"product","2":"type-product","3":"status-publish","4":"has-post-thumbnail","6":"product_brand-head-rush-technologies","7":"product_cat-zipstop-replacement-webbing","8":"product_tag-replacement-webbing","9":"product_tag-zipline","10":"product_tag-zipstop","12":"first","13":"instock","14":"taxable","15":"shipping-taxable","16":"purchasable","17":"product-type-simple"},"_links":{"self":[{"href":"https:\/\/thrillsyndicate.com\/es\/wp-json\/wp\/v2\/product\/5636","targetHints":{"allow":["GET"]}}],"collection":[{"href":"https:\/\/thrillsyndicate.com\/es\/wp-json\/wp\/v2\/product"}],"about":[{"href":"https:\/\/thrillsyndicate.com\/es\/wp-json\/wp\/v2\/types\/product"}],"wp:featuredmedia":[{"embeddable":true,"href":"https:\/\/thrillsyndicate.com\/es\/wp-json\/wp\/v2\/media\/2974"}],"wp:attachment":[{"href":"https:\/\/thrillsyndicate.com\/es\/wp-json\/wp\/v2\/media?parent=5636"}],"wp:term":[{"taxonomy":"product_brand","embeddable":true,"href":"https:\/\/thrillsyndicate.com\/es\/wp-json\/wp\/v2\/product_brand?post=5636"},{"taxonomy":"product_cat","embeddable":true,"href":"https:\/\/thrillsyndicate.com\/es\/wp-json\/wp\/v2\/product_cat?post=5636"},{"taxonomy":"product_tag","embeddable":true,"href":"https:\/\/thrillsyndicate.com\/es\/wp-json\/wp\/v2\/product_tag?post=5636"}],"curies":[{"name":"wp","href":"https:\/\/api.w.org\/{rel}","templated":true}]}}