{"id":5640,"date":"2022-02-25T17:42:29","date_gmt":"2022-02-25T16:42:29","guid":{"rendered":"https:\/\/thrillsyndicate.com\/shop\/polea-de-precision-polea-de-linea-de-redireccion\/"},"modified":"2025-08-16T15:03:46","modified_gmt":"2025-08-16T13:03:46","slug":"precision-pulley","status":"publish","type":"product","link":"https:\/\/thrillsyndicate.com\/es\/product\/precision-pulley\/","title":{"rendered":"Polea de Precisi\u00f3n | Polea de L\u00ednea de Redirecci\u00f3n"},"content":{"rendered":"<div class=\"hrt-product-description\">\n<p>La Polea de Precisi\u00f3n es la primera polea de su clase para el sector de las tirolinas; ligera, resistente a la corrosi\u00f3n y especialmente dise\u00f1ada para eliminar los enganches de la cuerda.<\/p>\n<p>La Polea de Precisi\u00f3n se dise\u00f1\u00f3 para utilizarse en la configuraci\u00f3n de la l\u00ednea de redireccionamiento o reducci\u00f3n de tu <a href=\"https:\/\/thrillsyndicate.com\/product-category\/zipline-safety-solutions\/zipwire-braking-systems\/\">freno de tirolina zipSTOP<\/a> y se adapta perfectamente a <a href=\"https:\/\/thrillsyndicate.com\/es\/product\/cuerda-de-gorila\/\">la cuerda Gorilla<\/a>, aunque la polea puede utilizarse en cualquier momento que trabajes con una cuerda de 7 mm o inferior.<\/p>\n<h4>CARACTER\u00cdSTICAS<\/h4>\n<ul>\n<li><a href=\"https:\/\/thrillsyndicate.com\/blog\/all-about-bearings-why-zip-line-trolley-bearings-matter\/\">Rodamientos premium<\/a> temporada tras temporada<\/li>\n<li>Las placas laterales empotradas cubren los bordes de las poleas, lo que hace pr\u00e1cticamente imposible que el cable se enganche<\/li>\n<li>La polea de aluminio con acabado liso reduce la corrosi\u00f3n y el desgaste del cable<\/li>\n<li>El dise\u00f1o redondeado no tiene bordes afilados, lo que mantiene la cuerda intacta, reduce el desgaste y elimina las superficies peligrosas<\/li>\n<li>Especialmente dise\u00f1ado para usar con Gorilla Rope en un sistema de redirecci\u00f3n zipSTOP<\/li>\n<li>Ligero y simple, pero muy funcional.<\/li>\n<li>Las placas laterales de aluminio anodizado aumentan la resistencia y son resistentes a la corrosi\u00f3n<\/li>\n<li>Se adapta a la mayor\u00eda de los mosquetones.<\/li>\n<li>Dimensiones: 51 mm de largo x 86 mm de alto x 21 mm de ancho (2 pulgadas de largo x 3,4 pulgadas de alto x 0,8 pulgadas de ancho)<\/li>\n<li>Resistencia nominal m\u00ednima: 18 kN (4046 lb)<\/li>\n<li>Peso: 139 gramos (4,9 onzas)<\/li>\n<li>Certificado CE seg\u00fan EN 12278<\/li>\n<li><a href=\"https:\/\/thrillsyndicate.com\/wp-content\/uploads\/2022\/02\/redirection-pulley-ce-certificate-2019.pdf\">Polea de reenv\u00edo &#8211; Certificado CE<\/a><\/li>\n<li><a href=\"https:\/\/cdn2.hubspot.net\/hubfs\/5957371\/magento-manuals\/zipstop\/EN_zipstop-redirection-pulley-operation-manual.pdf\" target=\"_blank\" rel=\"noopener\">Polea de reenv\u00edo manual<\/a><\/li>\n<\/ul>\n<\/div>\n<div class=\"hrt-specs\"><\/div>\n","protected":false},"excerpt":{"rendered":"<p>La Polea de Precisi\u00f3n se ha dise\u00f1ado especialmente para ser utilizada en la configuraci\u00f3n de la l\u00ednea de redireccionamiento o reducci\u00f3n de tu freno de tirolina zipSTOP y se adapta perfectamente a la Cuerda Gorila.<\/p>\n","protected":false},"featured_media":2944,"template":"","meta":{"_coblocks_attr":"","_coblocks_dimensions":"","_coblocks_responsive_height":"","_coblocks_accordion_ie_support":"","wds_primary_product_brand":0,"wds_primary_product_cat":0},"product_brand":[72],"product_cat":[39],"product_tag":[36,29],"class_list":{"0":"post-5640","1":"product","2":"type-product","3":"status-publish","4":"has-post-thumbnail","6":"product_brand-head-rush-technologies","7":"product_cat-zipstop-accessories","8":"product_tag-zipline","9":"product_tag-zipstop","11":"first","12":"instock","13":"taxable","14":"shipping-taxable","15":"purchasable","16":"product-type-simple"},"_links":{"self":[{"href":"https:\/\/thrillsyndicate.com\/es\/wp-json\/wp\/v2\/product\/5640","targetHints":{"allow":["GET"]}}],"collection":[{"href":"https:\/\/thrillsyndicate.com\/es\/wp-json\/wp\/v2\/product"}],"about":[{"href":"https:\/\/thrillsyndicate.com\/es\/wp-json\/wp\/v2\/types\/product"}],"wp:featuredmedia":[{"embeddable":true,"href":"https:\/\/thrillsyndicate.com\/es\/wp-json\/wp\/v2\/media\/2944"}],"wp:attachment":[{"href":"https:\/\/thrillsyndicate.com\/es\/wp-json\/wp\/v2\/media?parent=5640"}],"wp:term":[{"taxonomy":"product_brand","embeddable":true,"href":"https:\/\/thrillsyndicate.com\/es\/wp-json\/wp\/v2\/product_brand?post=5640"},{"taxonomy":"product_cat","embeddable":true,"href":"https:\/\/thrillsyndicate.com\/es\/wp-json\/wp\/v2\/product_cat?post=5640"},{"taxonomy":"product_tag","embeddable":true,"href":"https:\/\/thrillsyndicate.com\/es\/wp-json\/wp\/v2\/product_tag?post=5640"}],"curies":[{"name":"wp","href":"https:\/\/api.w.org\/{rel}","templated":true}]}}