{"id":5643,"date":"2022-02-25T19:30:31","date_gmt":"2022-02-25T18:30:31","guid":{"rendered":"https:\/\/thrillsyndicate.com\/shop\/reemplazo-de-quickflight-quickflight-xl-ripcord\/"},"modified":"2025-06-05T11:48:16","modified_gmt":"2025-06-05T09:48:16","slug":"quickflight-quickflight-xl-ripcord-replacement","status":"publish","type":"product","link":"https:\/\/thrillsyndicate.com\/es\/product\/quickflight-quickflight-xl-ripcord-replacement\/","title":{"rendered":"Reemplazo de QuickFlight\/QuickFlight XL RipCord"},"content":{"rendered":"<p>Ajuste la sensaci\u00f3n de ca\u00edda libre de su <a href=\"https:\/\/thrillsyndicate.com\/es\/free-fall-devices-2\/\">dispositivo de ca\u00edda libre QuickFlight o QuickFlight XL<\/a> con el accesorio RipCord deseado. Al realizar el pedido, aseg\u00farese de obtener la longitud adecuada para su dispositivo. Nota: El QuickFlight RipCord de 2 metros no se puede utilizar con la correa superior de montaje bajo QuickFlight. El montaje bajo solo es compatible con un RipCord de 1 m.<\/p>\n","protected":false},"excerpt":{"rendered":"<p>Extienda la sensaci\u00f3n de ca\u00edda libre de su dispositivo de ca\u00edda libre QuickFlight o QuickFlight XL con el accesorio opcional RipCord.<\/p>\n","protected":false},"featured_media":3442,"template":"","meta":{"_coblocks_attr":"","_coblocks_dimensions":"","_coblocks_responsive_height":"","_coblocks_accordion_ie_support":"","wds_primary_product_brand":0,"wds_primary_product_cat":0},"product_brand":[72],"product_cat":[47],"product_tag":[44,45,46,95],"class_list":{"0":"post-5643","1":"product","2":"type-product","3":"status-publish","4":"has-post-thumbnail","6":"product_brand-head-rush-technologies","7":"product_cat-free-fall-replacement-webbing","8":"product_tag-free-fall","9":"product_tag-flightline-free-fall","10":"product_tag-quickflight-free-fall","11":"product_tag-ripcord-replacement","13":"first","14":"instock","15":"taxable","16":"shipping-taxable","17":"purchasable","18":"product-type-variable"},"_links":{"self":[{"href":"https:\/\/thrillsyndicate.com\/es\/wp-json\/wp\/v2\/product\/5643","targetHints":{"allow":["GET"]}}],"collection":[{"href":"https:\/\/thrillsyndicate.com\/es\/wp-json\/wp\/v2\/product"}],"about":[{"href":"https:\/\/thrillsyndicate.com\/es\/wp-json\/wp\/v2\/types\/product"}],"wp:featuredmedia":[{"embeddable":true,"href":"https:\/\/thrillsyndicate.com\/es\/wp-json\/wp\/v2\/media\/3442"}],"wp:attachment":[{"href":"https:\/\/thrillsyndicate.com\/es\/wp-json\/wp\/v2\/media?parent=5643"}],"wp:term":[{"taxonomy":"product_brand","embeddable":true,"href":"https:\/\/thrillsyndicate.com\/es\/wp-json\/wp\/v2\/product_brand?post=5643"},{"taxonomy":"product_cat","embeddable":true,"href":"https:\/\/thrillsyndicate.com\/es\/wp-json\/wp\/v2\/product_cat?post=5643"},{"taxonomy":"product_tag","embeddable":true,"href":"https:\/\/thrillsyndicate.com\/es\/wp-json\/wp\/v2\/product_tag?post=5643"}],"curies":[{"name":"wp","href":"https:\/\/api.w.org\/{rel}","templated":true}]}}