{"id":5644,"date":"2022-02-25T19:43:03","date_gmt":"2022-02-25T18:43:03","guid":{"rendered":"https:\/\/thrillsyndicate.com\/shop\/ripcord-de-repuesto-para-flightline\/"},"modified":"2025-06-05T09:15:00","modified_gmt":"2025-06-05T07:15:00","slug":"reemplazo-ripcord-for-flightline","status":"publish","type":"product","link":"https:\/\/thrillsyndicate.com\/es\/product\/reemplazo-ripcord-for-flightline\/","title":{"rendered":"RipCord de repuesto para FlightLine"},"content":{"rendered":"<p>El RipCord de 4,5 m proporciona una ca\u00edda libre de aproximadamente 4,5 m (15 pies) para su <a href=\"https:\/\/thrillsyndicate.com\/es\/shop\/dispositivo-de-caida-libre-redundante-de-linea-de-vuelo\/\">dispositivo FlightLine Ride<\/a> . El RipCord de 6,0 m proporciona una ca\u00edda libre de aproximadamente 8 m (26 pies) para su dispositivo FlightLine Ride. Verifique que est\u00e9 solicitando una pieza compatible para la altura de montaje de su dispositivo.<\/p>\n","protected":false},"excerpt":{"rendered":"<p>Extienda la sensaci\u00f3n de ca\u00edda libre de su dispositivo de ca\u00edda libre FlightLine con un nuevo reemplazo de RipCord. Reemplace su FlightLine RipCord da\u00f1ado o desgastado con un nuevo RipCord de 4,5 m o 6,0 m.<\/p>\n","protected":false},"featured_media":3427,"template":"","meta":{"_coblocks_attr":"","_coblocks_dimensions":"","_coblocks_responsive_height":"","_coblocks_accordion_ie_support":"","wds_primary_product_brand":0,"wds_primary_product_cat":0},"product_brand":[72],"product_cat":[47],"product_tag":[44,45,46,42],"class_list":{"0":"post-5644","1":"product","2":"type-product","3":"status-publish","4":"has-post-thumbnail","6":"product_brand-head-rush-technologies","7":"product_cat-free-fall-replacement-webbing","8":"product_tag-free-fall","9":"product_tag-flightline-free-fall","10":"product_tag-quickflight-free-fall","11":"product_tag-replacement-webbing","13":"first","14":"instock","15":"taxable","16":"shipping-taxable","17":"purchasable","18":"product-type-variable"},"_links":{"self":[{"href":"https:\/\/thrillsyndicate.com\/es\/wp-json\/wp\/v2\/product\/5644","targetHints":{"allow":["GET"]}}],"collection":[{"href":"https:\/\/thrillsyndicate.com\/es\/wp-json\/wp\/v2\/product"}],"about":[{"href":"https:\/\/thrillsyndicate.com\/es\/wp-json\/wp\/v2\/types\/product"}],"wp:featuredmedia":[{"embeddable":true,"href":"https:\/\/thrillsyndicate.com\/es\/wp-json\/wp\/v2\/media\/3427"}],"wp:attachment":[{"href":"https:\/\/thrillsyndicate.com\/es\/wp-json\/wp\/v2\/media?parent=5644"}],"wp:term":[{"taxonomy":"product_brand","embeddable":true,"href":"https:\/\/thrillsyndicate.com\/es\/wp-json\/wp\/v2\/product_brand?post=5644"},{"taxonomy":"product_cat","embeddable":true,"href":"https:\/\/thrillsyndicate.com\/es\/wp-json\/wp\/v2\/product_cat?post=5644"},{"taxonomy":"product_tag","embeddable":true,"href":"https:\/\/thrillsyndicate.com\/es\/wp-json\/wp\/v2\/product_tag?post=5644"}],"curies":[{"name":"wp","href":"https:\/\/api.w.org\/{rel}","templated":true}]}}