{"id":5663,"date":"2022-02-25T17:46:16","date_gmt":"2022-02-25T16:46:16","guid":{"rendered":"https:\/\/thrillsyndicate.com\/shop\/carro-de-freno-zipstop-con-freno-de-doble-cara\/"},"modified":"2025-08-16T15:02:27","modified_gmt":"2025-08-16T13:02:27","slug":"zipstop-brake-carro-con-freno-de-doble-cara","status":"publish","type":"product","link":"https:\/\/thrillsyndicate.com\/es\/product\/zipstop-brake-carro-con-freno-de-doble-cara\/","title":{"rendered":"Polea de freno zipSTOP con freno de doble cara"},"content":{"rendered":"<div class=\"hrt-product-description\">\n<p>El Polea de freno de doble cara es una actualizaci\u00f3n del Polea de freno que viene con su <a href=\"https:\/\/thrillsyndicate.com\/es\/categoria\/soluciones-de-seguridad-para-tirolesas\/sistemas-de-frenado-zipwire\/\">zipSTOP Zip Line Brake<\/a> . La superficie del parachoques trasero reemplazable est\u00e1 dise\u00f1ada para proporcionar una interfaz compatible entre el Polea de freno y un <a href=\"https:\/\/thrillsyndicate.com\/blog\/does-your-zip-line-need-an-emergency-arrest-device\/\" target=\"_blank\" rel=\"noopener\">EAD<\/a> , un freno secundario u otros componentes del sistema de cremallera con los que pueda entrar en contacto durante el uso. El Polea con freno de doble cara tambi\u00e9n tiene una cuarta polea para ayudar a estabilizar el Polea y maximizar la vida \u00fatil.<\/p>\n<p>Disponible con o sin accesorio de captura para tirolesas de hasta 3\/4&#8243;(19 mm)<\/p>\n<p>Consulte el Manual de instalaci\u00f3n, operaci\u00f3n y mantenimiento de zipSTOP para obtener detalles sobre la inspecci\u00f3n y el reemplazo de la l\u00ednea.<\/p>\n<\/div>\n<h4>ESPECIFICACIONES<\/h4>\n<div class=\"hrt-specs\">\n<ul>\n<li>Dimensiones: 274 x 100 x 115 mm (10,8 x 3,9 x 5,9 pulgadas)<\/li>\n<li>Peso neto: 2,1 kg (4,6 libras)<\/li>\n<li>Carcasa: aleaci\u00f3n de aluminio<\/li>\n<li>Ruedas: Acero<\/li>\n<li>Tope de tope: caucho EPDM<\/li>\n<li>Velocidad m\u00e1xima: 72 km\/h (45 mph)<\/li>\n<li>Peso m\u00ednimo del ciclista: 15 kg (33 libras)<\/li>\n<li>Peso m\u00e1ximo del ciclista: 150 kg (330 libras)<\/li>\n<\/ul>\n<\/div>\n","protected":false},"excerpt":{"rendered":"<p>El Polea de freno de doble cara es una actualizaci\u00f3n del Polea de freno que viene con su freno zipSTOP Zip Line.<\/p>\n","protected":false},"featured_media":2956,"template":"","meta":{"_coblocks_attr":"","_coblocks_dimensions":"","_coblocks_responsive_height":"","_coblocks_accordion_ie_support":"","wds_primary_product_brand":0,"wds_primary_product_cat":0},"product_brand":[72],"product_cat":[39],"product_tag":[464,462],"class_list":{"0":"post-5663","1":"product","2":"type-product","3":"status-publish","4":"has-post-thumbnail","6":"product_brand-head-rush-technologies","7":"product_cat-zipstop-accessories","8":"product_tag-tokkelbaan","9":"product_tag-zipstop-nl","11":"first","12":"instock","13":"taxable","14":"shipping-taxable","15":"purchasable","16":"product-type-variable"},"_links":{"self":[{"href":"https:\/\/thrillsyndicate.com\/es\/wp-json\/wp\/v2\/product\/5663","targetHints":{"allow":["GET"]}}],"collection":[{"href":"https:\/\/thrillsyndicate.com\/es\/wp-json\/wp\/v2\/product"}],"about":[{"href":"https:\/\/thrillsyndicate.com\/es\/wp-json\/wp\/v2\/types\/product"}],"wp:featuredmedia":[{"embeddable":true,"href":"https:\/\/thrillsyndicate.com\/es\/wp-json\/wp\/v2\/media\/2956"}],"wp:attachment":[{"href":"https:\/\/thrillsyndicate.com\/es\/wp-json\/wp\/v2\/media?parent=5663"}],"wp:term":[{"taxonomy":"product_brand","embeddable":true,"href":"https:\/\/thrillsyndicate.com\/es\/wp-json\/wp\/v2\/product_brand?post=5663"},{"taxonomy":"product_cat","embeddable":true,"href":"https:\/\/thrillsyndicate.com\/es\/wp-json\/wp\/v2\/product_cat?post=5663"},{"taxonomy":"product_tag","embeddable":true,"href":"https:\/\/thrillsyndicate.com\/es\/wp-json\/wp\/v2\/product_tag?post=5663"}],"curies":[{"name":"wp","href":"https:\/\/api.w.org\/{rel}","templated":true}]}}