{"id":5669,"date":"2022-02-25T19:38:18","date_gmt":"2022-02-25T18:38:18","guid":{"rendered":"https:\/\/thrillsyndicate.com\/shop\/juego-de-correas-superiores-de-repuesto-flightline\/"},"modified":"2025-06-05T11:48:36","modified_gmt":"2025-06-05T09:48:36","slug":"conjunto-de-correas-superiores-de-reemplazo-de-la-linea-de-vuelo","status":"publish","type":"product","link":"https:\/\/thrillsyndicate.com\/es\/product\/conjunto-de-correas-superiores-de-reemplazo-de-la-linea-de-vuelo\/","title":{"rendered":"Juego de correas superiores de repuesto FlightLine"},"content":{"rendered":"<p>Este conjunto de correas incluye las l\u00edneas de correas superiores de repuesto tanto <a href=\"https:\/\/thrillsyndicate.com\/es\/shop\/linea-de-vuelo-reemplazo-correa-superior-linea-roja\/\">rojas<\/a> como <a href=\"https:\/\/thrillsyndicate.com\/es\/shop\/linea-de-vuelo-reemplazo-cincha-superior-linea-azul\/\">azules<\/a> . Consulta el Manual de Operaciones de FlightLine para obtener instrucciones completas.  <b>Nota: Las correas desgastadas o da\u00f1adas deben reemplazarse de inmediato.<\/b> Los da\u00f1os incluyen, pero no se limitan a, desgaste excesivo, pelusa, decoloraci\u00f3n por el sol, cortes, muescas, costuras sueltas o brillo causado por la fricci\u00f3n.<\/p>\n","protected":false},"excerpt":{"rendered":"<p>El <a href=\"https:\/\/thrillsyndicate.com\/es\/shop\/dispositivo-de-caida-libre-redundante-de-linea-de-vuelo\/\">FlightLine Free Fall Ride<\/a> est\u00e1 equipado con correas que requieren inspecci\u00f3n y reemplazo de rutina. Si est\u00e1 desgastada o da\u00f1ada, la correa se puede reemplazar en el campo usando este juego de dos correas superiores de repuesto.<\/p>\n","protected":false},"featured_media":3436,"template":"","meta":{"_coblocks_attr":"","_coblocks_dimensions":"","_coblocks_responsive_height":"","_coblocks_accordion_ie_support":"","wds_primary_product_brand":0,"wds_primary_product_cat":0},"product_brand":[72],"product_cat":[47],"product_tag":[44,45,42],"class_list":{"0":"post-5669","1":"product","2":"type-product","3":"status-publish","4":"has-post-thumbnail","6":"product_brand-head-rush-technologies","7":"product_cat-free-fall-replacement-webbing","8":"product_tag-free-fall","9":"product_tag-flightline-free-fall","10":"product_tag-replacement-webbing","12":"first","13":"instock","14":"taxable","15":"shipping-taxable","16":"purchasable","17":"product-type-simple"},"_links":{"self":[{"href":"https:\/\/thrillsyndicate.com\/es\/wp-json\/wp\/v2\/product\/5669","targetHints":{"allow":["GET"]}}],"collection":[{"href":"https:\/\/thrillsyndicate.com\/es\/wp-json\/wp\/v2\/product"}],"about":[{"href":"https:\/\/thrillsyndicate.com\/es\/wp-json\/wp\/v2\/types\/product"}],"wp:featuredmedia":[{"embeddable":true,"href":"https:\/\/thrillsyndicate.com\/es\/wp-json\/wp\/v2\/media\/3436"}],"wp:attachment":[{"href":"https:\/\/thrillsyndicate.com\/es\/wp-json\/wp\/v2\/media?parent=5669"}],"wp:term":[{"taxonomy":"product_brand","embeddable":true,"href":"https:\/\/thrillsyndicate.com\/es\/wp-json\/wp\/v2\/product_brand?post=5669"},{"taxonomy":"product_cat","embeddable":true,"href":"https:\/\/thrillsyndicate.com\/es\/wp-json\/wp\/v2\/product_cat?post=5669"},{"taxonomy":"product_tag","embeddable":true,"href":"https:\/\/thrillsyndicate.com\/es\/wp-json\/wp\/v2\/product_tag?post=5669"}],"curies":[{"name":"wp","href":"https:\/\/api.w.org\/{rel}","templated":true}]}}