{"id":5672,"date":"2022-02-25T19:09:36","date_gmt":"2022-02-25T18:09:36","guid":{"rendered":"https:\/\/thrillsyndicate.com\/shop\/dispositivo-de-caida-libre-quickflight-6-153-metros\/"},"modified":"2025-08-25T13:26:11","modified_gmt":"2025-08-25T11:26:11","slug":"quickflight-free-fall-dispositivo","status":"publish","type":"product","link":"https:\/\/thrillsyndicate.com\/es\/product\/quickflight-free-fall-dispositivo\/","title":{"rendered":"Dispositivo de ca\u00edda libre QuickFlight | 6 &#8211; 15,3 metros"},"content":{"rendered":"<p><b>Ten en cuenta<\/b> que, debido a los actuales problemas arancelarios mundiales, el precio <b>del Dispositivo de Ca\u00edda Libre QuickFlight<\/b> <b>aumentar\u00e1<\/b> a partir <b>del 1 de octubre de 2025<\/b>. Para recibir el precio actual, tu pedido debe realizarse antes del 1 de octubre de 2025 y la entrega debe estar prevista para el 30 de noviembre de 2025. <\/p>\n<p>Presentamos el Dispositivo de Ca\u00edda Libre QuickFlight: un cambio de juego en la industria de la aventura y el ocio. Este dispositivo de \u00faltima generaci\u00f3n, sucesor del popular QUICKjump, ofrece a los amantes de las emociones fuertes de todas las edades la experiencia trepidante de la ca\u00edda libre. Con su innovadora tecnolog\u00eda de frenado magn\u00e9tico por corrientes de Foucault y su sistema de l\u00edneas gemelas, QuickFlight ofrece una experiencia de ca\u00edda libre inigualable, segura y suave. No es s\u00f3lo un dispositivo, sino un billete a una aventura inolvidable, f\u00e1cil de instalar en estructuras existentes y dise\u00f1ado para cautivar a tu clientela. \u00a1Prep\u00e1rate para un salto extraordinario con QuickFlight!<\/p>\n<p><strong>Desatando el Poder del Magnetismo<\/strong>: El Dispositivo de Ca\u00edda Libre QuickFlight utiliza la avanzada <a href=\"https:\/\/thrillsyndicate.com\/es\/la-ciencia-del-freno-magnetico-de-corriente-de-fusa\/\">Tecnolog\u00eda de Frenado Magn\u00e9tico por Corrientes de Foucault<\/a>, una primicia en las industrias de la escalada, la aventura y los dispositivos de ca\u00edda libre. Garantiza un agarre suave y un descenso suave tras una ca\u00edda libre sin restricciones, ofreciendo un alto factor de &#8220;efecto suelo&#8221; que realmente lo distingue.<\/p>\n<p><strong>Experimenta la ca\u00edda libre para todos<\/strong>: QuickFlight ofrece una estimulante experiencia de ca\u00edda libre a personas de todas las edades. Su sistema de doble l\u00ednea aumenta la comodidad del piloto y la tranquilidad del operador. Tanto si se instala en una torre, puente o saliente existentes, QuickFlight promete una emoci\u00f3n \u00fanica o una salida memorable del recorrido de aventura.<\/p>\n<p><strong>M\u00e1xima compatibilidad operativa<\/strong>: QuickFlight est\u00e1 dise\u00f1ado para adaptarse a una amplia gama de pesos de motoristas y alturas de montaje. F\u00e1cilmente adaptable a torres de aventura, postes de servicios p\u00fablicos, curso de cuerdas forestales, puentes y plataformas elevadas, QuickFlight es compatible con operaciones en interiores y exteriores, ofreciendo una experiencia de ca\u00edda libre personalizable para adaptarse a la altura de tus estructuras y a los niveles de comodidad de tu clientela.<\/p>\n<p>Tecnolog\u00eda de frenado magn\u00e9tico <strong>por corrientes de Foucault<\/strong>: QuickFlight aprovecha la tecnolog\u00eda de frenado magn\u00e9tico, un gran avance en la industria de los dispositivos de ca\u00edda libre. Es la misma tecnolog\u00eda que se utiliza en trenes, ascensores y monta\u00f1as rusas, lo que permite un dise\u00f1o compacto f\u00e1cil de instalar y mantener. Ofrece un alto rendimiento en todos los entornos, garantizando una captura suave y un descenso suave, ciclo tras ciclo.<\/p>\n<p><strong>Emocionante experiencia<\/strong> de ca\u00edda libre: El Dispositivo de Ca\u00edda Libre QuickFlight proporciona una &#8220;verdadera ca\u00edda libre&#8221; sin restricciones. Viene con un sistema redundante de doble l\u00ednea y RipCords personalizados con conjunto de protecci\u00f3n contra sobrecargas (OPA) incorporado, que maximizan la comodidad del piloto y la tranquilidad del operador. Su versatilidad hace que QuickFlight sea un complemento f\u00e1cil para cualquier estructura existente o una emoci\u00f3n independiente para tus clientes.<\/p>\n<p><strong>Facilidad de inspecci\u00f3n y mantenimiento<\/strong>: QuickFlight est\u00e1 dise\u00f1ado con procesos de inspecci\u00f3n f\u00e1ciles de seguir y piezas sustituibles in situ, que ayudan a mantener al m\u00ednimo el tiempo de inactividad y los costes. Su f\u00e1cil instalaci\u00f3n, su portabilidad y la posibilidad de sustituir las piezas sobre el terreno prometen unos costes de propiedad m\u00ednimos, lo que te permitir\u00e1 ver c\u00f3mo tus clientes disfrutan en ca\u00edda libre mientras tus beneficios se disparan.<\/p>\n<p>Cada QuickFlight viene con una correa superior unida a una opci\u00f3n RipCord y dos mosquetones (con protectores de cord\u00f3n) en la l\u00ednea de la correa. Necesitar\u00e1 equipo de montaje por separado para montar el dispositivo QuickFlight (NO INCLUIDO). Recomendamos comprar el <a href=\"https:\/\/thrillsyndicate.com\/es\/product\/kit-de-montaje-para-quickflight-quickflight-xl\/\">kit de montaje QuickFlight<\/a> .<\/p>\n<h2 class=\"product-title ecomproduct__product-title\">Servicio anual QuickFlight<\/h2>\n<p>Para mantener la garant\u00eda de tus dispositivos de ca\u00edda libre QuickFlight y asegurar el cumplimiento de las normas de seguridad, todos los dispositivos deben someterse a una revisi\u00f3n anual. El servicio es un proceso anual para asegurarse de que tu QuickFlight funciona correctamente y se sustituyen las piezas desgastadas, como las correas. El mantenimiento de tu QuickFlight a tiempo ayuda a mantener la garant\u00eda y a maximizar el rendimiento. El servicio anual tambi\u00e9n es obligatorio para garantizar el cumplimiento de las normas de seguridad como la CE y la ANSI. La cuota de servicio anual de QuickFlight es de 299,00 euros.<\/p>\n<h2>ESPECIFICACIONES<\/h2>\n<div class=\"hrt-specs\">\n<ul>\n<li style=\"list-style-type: none;\">\n<ul>\n<li>Capacidad nominal de trabajo: 20 a 130 kg (44 a 285 lbs)<\/li>\n<li>Dimensiones: 80 x 320 x 216 mm (15 x 12,6 x 8,5 pulgadas)<\/li>\n<li>Peso del dispositivo: QuickFlight: 25 kg (55 libras)<\/li>\n<li>Garant\u00eda (todos los dispositivos): 2 a\u00f1os<\/li>\n<li>ASTM F2291-11: Pr\u00e1ctica est\u00e1ndar para el dise\u00f1o de juegos mec\u00e1nicos y dispositivos<\/li>\n<li><a href=\"https:\/\/thrillsyndicate.com\/wp-content\/uploads\/2022\/02\/QuickFlight-CE-certificate.pdf\">Certificado CE QuickFlight<\/a><\/li>\n<li><a href=\"https:\/\/cdn2.hubspot.net\/hubfs\/5957371\/website-docs\/manuals\/quickflight\/EN_quickflight-quickflight-xl-operation-manual_V2.pdf\" target=\"_blank\" rel=\"noopener\">Manual de QuickFlight \/ QuickFlight XL<\/a><\/li>\n<\/ul>\n<\/li>\n<\/ul>\n<ul>\n<li><strong>Montaje bajo QuickFlight (Ca\u00edda libre suave)<\/strong><br \/>\nAltura m\u00ednima de montaje &#8211; 6,0 m (19,7 pies)<br \/>\nAltura m\u00e1xima de montaje &#8211; 8,3 m (27,2 pies)<\/li>\n<li><strong>QuickFlight 1 m RipCord<\/strong><br \/>\nAltura m\u00ednima de montaje: 8 m<br \/>\nAltura m\u00e1xima de montaje: 14,3 m<\/li>\n<li><strong>QuickFlight 2 m RipCord<\/strong><br \/>\nAltura m\u00ednima de montaje: 9 m<br \/>\nAltura m\u00e1xima de montaje: 15,3 m<\/li>\n<\/ul>\n<p><img loading=\"lazy\" decoding=\"async\" class=\"alignnone wp-image-253 size-full\" src=\"https:\/\/thrillsyndicate.com\/wp-content\/uploads\/2022\/02\/quickjump-quickflight-free-fall-selection-guide.jpg\" alt=\"\" width=\"800\" height=\"975\" srcset=\"https:\/\/thrillsyndicate.com\/wp-content\/uploads\/2022\/02\/quickjump-quickflight-free-fall-selection-guide.jpg 800w, https:\/\/thrillsyndicate.com\/wp-content\/uploads\/2022\/02\/quickjump-quickflight-free-fall-selection-guide-458x558.jpg 458w, https:\/\/thrillsyndicate.com\/wp-content\/uploads\/2022\/02\/quickjump-quickflight-free-fall-selection-guide-246x300.jpg 246w, https:\/\/thrillsyndicate.com\/wp-content\/uploads\/2022\/02\/quickjump-quickflight-free-fall-selection-guide-768x936.jpg 768w, https:\/\/thrillsyndicate.com\/wp-content\/uploads\/2022\/02\/quickjump-quickflight-free-fall-selection-guide-100x122.jpg 100w\" sizes=\"auto, (max-width: 800px) 100vw, 800px\" \/><\/p>\n<p><iframe loading=\"lazy\" title=\"QuickFlight Free Fall Device\" width=\"980\" height=\"551\" src=\"https:\/\/www.youtube.com\/embed\/jmAL_YdePl0?feature=oembed\" frameborder=\"0\" allow=\"accelerometer; autoplay; clipboard-write; encrypted-media; gyroscope; picture-in-picture\" allowfullscreen><\/iframe><\/p>\n<\/div>\n","protected":false},"excerpt":{"rendered":"<p>El Dispositivo de Ca\u00edda Libre QuickFlight ofrece una estimulante experiencia de ca\u00edda libre para todas las edades. Su sistema de doble l\u00ednea garantiza la seguridad, mientras que su f\u00e1cil instalaci\u00f3n en estructuras existentes garantiza una llamativa emoci\u00f3n o una asombrosa salida de curso de aventura.<\/p>\n","protected":false},"featured_media":3529,"template":"","meta":{"_coblocks_attr":"","_coblocks_dimensions":"","_coblocks_responsive_height":"","_coblocks_accordion_ie_support":"","wds_primary_product_brand":0,"wds_primary_product_cat":0},"product_brand":[667],"product_cat":[521],"product_tag":[507,510],"class_list":{"0":"post-5672","1":"product","2":"type-product","3":"status-publish","4":"has-post-thumbnail","6":"product_brand-head-rush-technologies-es","7":"product_cat-dispositivos-de-caida-libre","8":"product_tag-caida-libre","9":"product_tag-caida-libre-quickflight","11":"first","12":"instock","13":"sale","14":"featured","15":"taxable","16":"shipping-taxable","17":"purchasable","18":"product-type-variable"},"_links":{"self":[{"href":"https:\/\/thrillsyndicate.com\/es\/wp-json\/wp\/v2\/product\/5672","targetHints":{"allow":["GET"]}}],"collection":[{"href":"https:\/\/thrillsyndicate.com\/es\/wp-json\/wp\/v2\/product"}],"about":[{"href":"https:\/\/thrillsyndicate.com\/es\/wp-json\/wp\/v2\/types\/product"}],"wp:featuredmedia":[{"embeddable":true,"href":"https:\/\/thrillsyndicate.com\/es\/wp-json\/wp\/v2\/media\/3529"}],"wp:attachment":[{"href":"https:\/\/thrillsyndicate.com\/es\/wp-json\/wp\/v2\/media?parent=5672"}],"wp:term":[{"taxonomy":"product_brand","embeddable":true,"href":"https:\/\/thrillsyndicate.com\/es\/wp-json\/wp\/v2\/product_brand?post=5672"},{"taxonomy":"product_cat","embeddable":true,"href":"https:\/\/thrillsyndicate.com\/es\/wp-json\/wp\/v2\/product_cat?post=5672"},{"taxonomy":"product_tag","embeddable":true,"href":"https:\/\/thrillsyndicate.com\/es\/wp-json\/wp\/v2\/product_tag?post=5672"}],"curies":[{"name":"wp","href":"https:\/\/api.w.org\/{rel}","templated":true}]}}