{"id":5681,"date":"2022-02-25T17:52:32","date_gmt":"2022-02-25T16:52:32","guid":{"rendered":"https:\/\/thrillsyndicate.com\/shop\/actualizacion-del-kit-de-accesorios-zipstop-brake-trolley-catch\/"},"modified":"2025-08-16T15:01:36","modified_gmt":"2025-08-16T13:01:36","slug":"zipstop-freno-trolley-captura-kit-accesorio-actualizacion","status":"publish","type":"product","link":"https:\/\/thrillsyndicate.com\/es\/product\/zipstop-freno-trolley-captura-kit-accesorio-actualizacion\/","title":{"rendered":"Actualizaci\u00f3n del kit de accesorios zipSTOP Brake Trolley Catch"},"content":{"rendered":"<div class=\"hrt-product-description\">  Pide el Kit de accesorios de sujeci\u00f3n para actualizar tu <a href=\"https:\/\/thrillsyndicate.com\/es\/categoria\/soluciones-de-seguridad-para-tirolesas\/sistemas-de-frenado-zipwire\/\">Polea de freno zipSTOP<\/a> e incluir el accesorio de sujeci\u00f3n. El accesorio de captura est\u00e1 dise\u00f1ado para mantener nuestro Polea magn\u00e9tico autofrenante Zipline, LightSpeed Impact, EZ Clip o Micro Trolley y zipSTOP Brake Trolley conectados despu\u00e9s del frenado de impacto, lo que facilita la recuperaci\u00f3n del ciclista. Este kit de actualizaci\u00f3n es reemplazable en campo e incluye todo lo que necesita para actualizar su Polea de freno zipSTOP. Este kit tambi\u00e9n se puede comprar para sustituir el accesorio de sujeci\u00f3n existente para el carro con freno zipSTOP en caso de que se desgaste.<strong>Nota:<\/strong> <strong>S\u00f3lo se puede utilizar con el carro con freno zipSTOP.<\/strong><strong>Nota: El accesorio de enganche debe utilizarse junto con un <a href=\"https:\/\/thrillsyndicate.com\/product-category\/zipline-safety-solutions\/zipline-trolleys\/\">carro para tirolinas<\/a> con enganche de gancho.<\/strong><\/p>\n<\/div>\n<div class=\"hrt-specs\">\n<ul>\n<li>Dimensiones: 6,7 pulgadas x 3,9 pulgadas x 4,7 pulgadas (170 mm x 100 mm x 120 mm)<\/li>\n<li>Peso: 1,32 libras (600 gramos)<\/li>\n<li>Material: el alambre de captura es de acero inoxidable.<\/li>\n<li><a href=\"https:\/\/cdn2.hubspot.net\/hubfs\/5957371\/magento-manuals\/zipstop\/EN_zipstop-brake-trolley-catch-accessory-operation-manual.pdf\" target=\"_blank\" rel=\"noopener\">Manual del accesorio de captura del Polea de freno<\/a><\/li>\n<\/ul>\n<\/div>\n","protected":false},"excerpt":{"rendered":"<p>Solicite el kit de accesorios de captura para actualizar su Polea de freno zipSTOP e incluir el accesorio de captura para recuperarlo m\u00e1s f\u00e1cilmente. El <em>Polea de freno zipSTOP<\/em> se puede equipar con este <em>accesorio de captura<\/em> para mejorar la recuperaci\u00f3n del usuario de la tirolesa para que los usuarios livianos no se queden varados.<\/p>\n","protected":false},"featured_media":2950,"template":"","meta":{"_coblocks_attr":"","_coblocks_dimensions":"","_coblocks_responsive_height":"","_coblocks_accordion_ie_support":"","wds_primary_product_brand":0,"wds_primary_product_cat":0},"product_brand":[72],"product_cat":[39],"product_tag":[36,29],"class_list":{"0":"post-5681","1":"product","2":"type-product","3":"status-publish","4":"has-post-thumbnail","6":"product_brand-head-rush-technologies","7":"product_cat-zipstop-accessories","8":"product_tag-zipline","9":"product_tag-zipstop","11":"first","12":"instock","13":"taxable","14":"shipping-taxable","15":"purchasable","16":"product-type-simple"},"_links":{"self":[{"href":"https:\/\/thrillsyndicate.com\/es\/wp-json\/wp\/v2\/product\/5681","targetHints":{"allow":["GET"]}}],"collection":[{"href":"https:\/\/thrillsyndicate.com\/es\/wp-json\/wp\/v2\/product"}],"about":[{"href":"https:\/\/thrillsyndicate.com\/es\/wp-json\/wp\/v2\/types\/product"}],"wp:featuredmedia":[{"embeddable":true,"href":"https:\/\/thrillsyndicate.com\/es\/wp-json\/wp\/v2\/media\/2950"}],"wp:attachment":[{"href":"https:\/\/thrillsyndicate.com\/es\/wp-json\/wp\/v2\/media?parent=5681"}],"wp:term":[{"taxonomy":"product_brand","embeddable":true,"href":"https:\/\/thrillsyndicate.com\/es\/wp-json\/wp\/v2\/product_brand?post=5681"},{"taxonomy":"product_cat","embeddable":true,"href":"https:\/\/thrillsyndicate.com\/es\/wp-json\/wp\/v2\/product_cat?post=5681"},{"taxonomy":"product_tag","embeddable":true,"href":"https:\/\/thrillsyndicate.com\/es\/wp-json\/wp\/v2\/product_tag?post=5681"}],"curies":[{"name":"wp","href":"https:\/\/api.w.org\/{rel}","templated":true}]}}