{"id":5687,"date":"2022-02-25T17:57:51","date_gmt":"2022-02-25T16:57:51","guid":{"rendered":"https:\/\/thrillsyndicate.com\/shop\/zipstop-ir-speed-y-zipback-linea-de-frenado-de-repuesto\/"},"modified":"2025-08-16T14:59:50","modified_gmt":"2025-08-16T12:59:50","slug":"zipstop-ir-speed-and-zipback-replacement-braking-line","status":"publish","type":"product","link":"https:\/\/thrillsyndicate.com\/es\/product\/zipstop-ir-speed-and-zipback-replacement-braking-line\/","title":{"rendered":"zipSTOP IR\/Speed y zipBACK L\u00ednea de frenado de repuesto"},"content":{"rendered":"<p>Los <a href=\"https:\/\/thrillsyndicate.com\/es\/shop\/zipstop-ir-zip-line-freno\/\">frenos zipSTOP IR<\/a> y <a href=\"https:\/\/thrillsyndicate.com\/es\/shop\/zipstop-speed-zip-line-freno\/\">zipSTOP SPEED Zip Line<\/a> est\u00e1n equipados con una l\u00ednea de frenado que el propietario puede reemplazar en el campo utilizando la l\u00ednea de frenado de repuesto. Las correas desgastadas o da\u00f1adas deben reemplazarse de inmediato. Los da\u00f1os incluyen, pero no se limitan a, desgaste excesivo, pelusas, decoloraci\u00f3n por el sol, cortes, muescas, costuras sueltas o quemaduras. La l\u00ednea de frenado debe reemplazarse al menos en intervalos de 12 meses, independientemente del desgaste. La frecuencia de reemplazo de la l\u00ednea de frenado depende del uso. Consulte el Manual del operador para obtener m\u00e1s informaci\u00f3n. * Este producto tambi\u00e9n es la cinta de recambio para el <a href=\"https:\/\/thrillsyndicate.com\/es\/shop\/zipback-zipline-dispositivo-de-retraccion\/\">Dispositivo de Retracci\u00f3n zipBACK<\/a>. <strong>Nota: No debe utilizarse con el zipSTOP est\u00e1ndar.<\/strong><\/p>\n","protected":false},"excerpt":{"rendered":"<p>Los frenos zipSTOP IR y zipSTOP SPEED Zip Line est\u00e1n equipados con una l\u00ednea de frenado que el propietario puede reemplazar en el campo utilizando la l\u00ednea de frenado de repuesto. Este producto tambi\u00e9n es la correa de repuesto para el dispositivo de retracci\u00f3n zipBACK.<\/p>\n","protected":false},"featured_media":2935,"template":"","meta":{"_coblocks_attr":"","_coblocks_dimensions":"","_coblocks_responsive_height":"","_coblocks_accordion_ie_support":"","wds_primary_product_brand":0,"wds_primary_product_cat":0},"product_brand":[72],"product_cat":[41],"product_tag":[42,36,29],"class_list":{"0":"post-5687","1":"product","2":"type-product","3":"status-publish","4":"has-post-thumbnail","6":"product_brand-head-rush-technologies","7":"product_cat-zipstop-replacement-webbing","8":"product_tag-replacement-webbing","9":"product_tag-zipline","10":"product_tag-zipstop","12":"first","13":"instock","14":"taxable","15":"shipping-taxable","16":"purchasable","17":"product-type-simple"},"_links":{"self":[{"href":"https:\/\/thrillsyndicate.com\/es\/wp-json\/wp\/v2\/product\/5687","targetHints":{"allow":["GET"]}}],"collection":[{"href":"https:\/\/thrillsyndicate.com\/es\/wp-json\/wp\/v2\/product"}],"about":[{"href":"https:\/\/thrillsyndicate.com\/es\/wp-json\/wp\/v2\/types\/product"}],"wp:featuredmedia":[{"embeddable":true,"href":"https:\/\/thrillsyndicate.com\/es\/wp-json\/wp\/v2\/media\/2935"}],"wp:attachment":[{"href":"https:\/\/thrillsyndicate.com\/es\/wp-json\/wp\/v2\/media?parent=5687"}],"wp:term":[{"taxonomy":"product_brand","embeddable":true,"href":"https:\/\/thrillsyndicate.com\/es\/wp-json\/wp\/v2\/product_brand?post=5687"},{"taxonomy":"product_cat","embeddable":true,"href":"https:\/\/thrillsyndicate.com\/es\/wp-json\/wp\/v2\/product_cat?post=5687"},{"taxonomy":"product_tag","embeddable":true,"href":"https:\/\/thrillsyndicate.com\/es\/wp-json\/wp\/v2\/product_tag?post=5687"}],"curies":[{"name":"wp","href":"https:\/\/api.w.org\/{rel}","templated":true}]}}