{"id":5692,"date":"2022-02-25T17:43:50","date_gmt":"2022-02-25T16:43:50","guid":{"rendered":"https:\/\/thrillsyndicate.com\/shop\/soporte-de-pivote-zipstop-simplifique-la-instalacion-de-su-tirolesa\/"},"modified":"2025-08-16T15:03:43","modified_gmt":"2025-08-16T13:03:43","slug":"zipstop-pivot-mount","status":"publish","type":"product","link":"https:\/\/thrillsyndicate.com\/es\/product\/zipstop-pivot-mount\/","title":{"rendered":"Soporte de pivote zipSTOP | Simplifique la instalaci\u00f3n de su tirolesa"},"content":{"rendered":"<div class=\"hrt-product-description\">\n<p>El soporte de pivote zipSTOP ampl\u00eda las posibilidades de montaje de su <a href=\"https:\/\/thrillsyndicate.com\/product-category\/zipline-safety-solutions\/zipwire-braking-systems\/\">zipSTOP<\/a> o <a href=\"https:\/\/thrillsyndicate.com\/es\/product\/zipstop-ir-zip-line-freno\/\">zipSTOP IR Zip Line Brake<\/a> . El Pivot Mount se puede instalar en una estructura o l\u00ednea a\u00e9rea y simplifica la instalaci\u00f3n al minimizar los componentes del sistema de redirecci\u00f3n.<\/p>\n<p>Nota: zipSTOP no incluido.<\/p>\n<h4>CARACTER\u00cdSTICAS<\/h4>\n<ul>\n<li>Simplifica la <a href=\"https:\/\/thrillsyndicate.com\/blog\/zip-line-installation-give-them-the-best-ride\/\">instalaci\u00f3n<\/a> y la retracci\u00f3n.<\/li>\n<li>Solo compatible con frenos de tirolesa zipSTOP y zipSTOP IR<\/li>\n<li>Permite una amplia gama de opciones de montaje zipSTOP<\/li>\n<li>Capaz de soportar entornos hostiles<\/li>\n<li>Hecho de materiales resistentes a la corrosi\u00f3n<\/li>\n<li>Dise\u00f1o fuerte y liviano<\/li>\n<li>Dimensiones: 206,6 mm de largo x 198 mm de alto x 86 mm de ancho (8,13 pulgadas de largo x 7,8 pulgadas de alto x 3,39 pulgadas en el punto m\u00e1s grueso)<\/li>\n<li>Resistencia nominal m\u00ednima: 22 kN (4946 lbf)<\/li>\n<li>Peso: 2,77 kg (6,1 libras)<\/li>\n<li><a href=\"https:\/\/cdn2.hubspot.net\/hubfs\/5957371\/magento-manuals\/mounts\/EN_zipstop-pivot-mount-operation-manual.pdf\" target=\"_blank\" rel=\"noopener\">Manual de montaje de pivote (julio de 2016)<\/a><\/li>\n<\/ul>\n<\/div>\n<div class=\"hrt-specs\"><\/div>\n","protected":false},"excerpt":{"rendered":"<p>zipSTOP Pivot Mount simplifica la instalaci\u00f3n de zipSTOP o zipSTOP IR al eliminar los sistemas de redirecci\u00f3n.<\/p>\n","protected":false},"featured_media":2959,"template":"","meta":{"_coblocks_attr":"","_coblocks_dimensions":"","_coblocks_responsive_height":"","_coblocks_accordion_ie_support":"","wds_primary_product_brand":0,"wds_primary_product_cat":0},"product_brand":[72],"product_cat":[39],"product_tag":[36,29],"class_list":{"0":"post-5692","1":"product","2":"type-product","3":"status-publish","4":"has-post-thumbnail","6":"product_brand-head-rush-technologies","7":"product_cat-zipstop-accessories","8":"product_tag-zipline","9":"product_tag-zipstop","11":"first","12":"instock","13":"taxable","14":"shipping-taxable","15":"purchasable","16":"product-type-simple"},"_links":{"self":[{"href":"https:\/\/thrillsyndicate.com\/es\/wp-json\/wp\/v2\/product\/5692","targetHints":{"allow":["GET"]}}],"collection":[{"href":"https:\/\/thrillsyndicate.com\/es\/wp-json\/wp\/v2\/product"}],"about":[{"href":"https:\/\/thrillsyndicate.com\/es\/wp-json\/wp\/v2\/types\/product"}],"wp:featuredmedia":[{"embeddable":true,"href":"https:\/\/thrillsyndicate.com\/es\/wp-json\/wp\/v2\/media\/2959"}],"wp:attachment":[{"href":"https:\/\/thrillsyndicate.com\/es\/wp-json\/wp\/v2\/media?parent=5692"}],"wp:term":[{"taxonomy":"product_brand","embeddable":true,"href":"https:\/\/thrillsyndicate.com\/es\/wp-json\/wp\/v2\/product_brand?post=5692"},{"taxonomy":"product_cat","embeddable":true,"href":"https:\/\/thrillsyndicate.com\/es\/wp-json\/wp\/v2\/product_cat?post=5692"},{"taxonomy":"product_tag","embeddable":true,"href":"https:\/\/thrillsyndicate.com\/es\/wp-json\/wp\/v2\/product_tag?post=5692"}],"curies":[{"name":"wp","href":"https:\/\/api.w.org\/{rel}","templated":true}]}}