{"id":5704,"date":"2022-02-26T10:24:20","date_gmt":"2022-02-26T09:24:20","guid":{"rendered":"https:\/\/thrillsyndicate.com\/shop\/kit-de-montaje-para-quickflight-quickflight-xl\/"},"modified":"2025-06-05T09:14:52","modified_gmt":"2025-06-05T07:14:52","slug":"kit-de-montaje-para-quickflight-quickflight-xl","status":"publish","type":"product","link":"https:\/\/thrillsyndicate.com\/es\/product\/kit-de-montaje-para-quickflight-quickflight-xl\/","title":{"rendered":"Kit de montaje para QuickFlight\/QuickFlight XL"},"content":{"rendered":"<p>Utilice este kit llave en mano para montar su dispositivo de ca\u00edda libre <a href=\"https:\/\/thrillsyndicate.com\/es\/shop\/quickflight-free-fall-dispositivo\/\">QuickFlight<\/a> o <a href=\"https:\/\/thrillsyndicate.com\/es\/shop\/quickflight-xl-free-fall-dispositivo\/\">QuickFlight XL<\/a> como se especifica en el Manual del operador. Este kit contiene 2 mosquetones de bloqueo triple de acero, un eslab\u00f3n r\u00e1pido y una anilla nominal para proporcionar puntos de sujeci\u00f3n primarios y secundarios para montar un dispositivo QuickFlight. <strong>Soluci\u00f3n innovadora para un montaje seguro:<\/strong> El kit de montaje QuickFlight es tu soluci\u00f3n para un montaje impecable, seguro y protegido de tu dispositivo de ca\u00edda libre QuickFlight o QuickFlight XL.<br \/>\nCreado conforme a las especificaciones descritas en el Manual del operador, este kit llave en mano garantiza que tu dispositivo se fije de forma que se maximice la seguridad y se garantice un rendimiento \u00f3ptimo. <strong>Componentes fabricados para resistir:<\/strong> El kit de montaje est\u00e1 compuesto por dos robustos mosquetones de acero de triple cierre, un eslab\u00f3n r\u00e1pido y una anilla nominal.<br \/>\nEstos componentes se han dise\u00f1ado pensando en la resistencia, prometiendo una durabilidad que resiste la prueba del tiempo y el uso repetido.<br \/>\nTanto si eres un aventurero frecuente como un buscador de emociones ocasional, nuestro kit est\u00e1 fabricado para servirte de forma fiable, ofreci\u00e9ndote tranquilidad y un funcionamiento sin problemas. <strong>Puntos de anclaje dobles para mayor seguridad:<\/strong> La seguridad es primordial cuando se trata de equipos de aventura.<br \/>\nNuestro kit de montaje QuickFlight cuenta con puntos de fijaci\u00f3n principales y secundarios para montar tu dispositivo QuickFlight.<br \/>\nEstos m\u00faltiples puntos de contacto proporcionan una capa adicional de seguridad, garantizando que tu dispositivo permanezca firmemente en su sitio pase lo que pase.<br \/>\nInvierte en seguridad, invierte en aventura, invierte en el Kit de montaje QuickFlight.      <\/p>\n","protected":false},"excerpt":{"rendered":"<p>Utilice este kit llave en mano para montar su dispositivo de ca\u00edda libre QuickFlight o QuickFlight XL, como se especifica en el Manual del operador.<\/p>\n","protected":false},"featured_media":3424,"template":"","meta":{"_coblocks_attr":"","_coblocks_dimensions":"","_coblocks_responsive_height":"","_coblocks_accordion_ie_support":"","wds_primary_product_brand":0,"wds_primary_product_cat":0},"product_brand":[72],"product_cat":[48],"product_tag":[44,45,46],"class_list":{"0":"post-5704","1":"product","2":"type-product","3":"status-publish","4":"has-post-thumbnail","6":"product_brand-head-rush-technologies","7":"product_cat-free-fall-accessories","8":"product_tag-free-fall","9":"product_tag-flightline-free-fall","10":"product_tag-quickflight-free-fall","12":"first","13":"instock","14":"taxable","15":"shipping-taxable","16":"purchasable","17":"product-type-simple"},"_links":{"self":[{"href":"https:\/\/thrillsyndicate.com\/es\/wp-json\/wp\/v2\/product\/5704","targetHints":{"allow":["GET"]}}],"collection":[{"href":"https:\/\/thrillsyndicate.com\/es\/wp-json\/wp\/v2\/product"}],"about":[{"href":"https:\/\/thrillsyndicate.com\/es\/wp-json\/wp\/v2\/types\/product"}],"wp:featuredmedia":[{"embeddable":true,"href":"https:\/\/thrillsyndicate.com\/es\/wp-json\/wp\/v2\/media\/3424"}],"wp:attachment":[{"href":"https:\/\/thrillsyndicate.com\/es\/wp-json\/wp\/v2\/media?parent=5704"}],"wp:term":[{"taxonomy":"product_brand","embeddable":true,"href":"https:\/\/thrillsyndicate.com\/es\/wp-json\/wp\/v2\/product_brand?post=5704"},{"taxonomy":"product_cat","embeddable":true,"href":"https:\/\/thrillsyndicate.com\/es\/wp-json\/wp\/v2\/product_cat?post=5704"},{"taxonomy":"product_tag","embeddable":true,"href":"https:\/\/thrillsyndicate.com\/es\/wp-json\/wp\/v2\/product_tag?post=5704"}],"curies":[{"name":"wp","href":"https:\/\/api.w.org\/{rel}","templated":true}]}}