{"id":5706,"date":"2022-02-25T19:36:41","date_gmt":"2022-02-25T18:36:41","guid":{"rendered":"https:\/\/thrillsyndicate.com\/shop\/reemplazo-de-correa-superior-quickflight-quickflight-xl\/"},"modified":"2025-06-05T11:48:22","modified_gmt":"2025-06-05T09:48:22","slug":"quickflight-quickflight-xl-reemplazo-cincha-superior","status":"publish","type":"product","link":"https:\/\/thrillsyndicate.com\/es\/product\/quickflight-quickflight-xl-reemplazo-cincha-superior\/","title":{"rendered":"Reemplazo de correa superior QuickFlight\/QuickFlight XL"},"content":{"rendered":"<p>El <a href=\"https:\/\/thrillsyndicate.com\/es\/free-fall-devices-2\/\">dispositivo de ca\u00edda libre QuickFlight<\/a> est\u00e1 equipado con una correa que el propietario puede reemplazar en el campo utilizando la correa de repuesto. Las correas desgastadas o da\u00f1adas deben reemplazarse de inmediato. Los da\u00f1os incluyen, pero no se limitan a, desgaste excesivo, pelusas, decoloraci\u00f3n por el sol, cortes, muescas, costuras sueltas o quemaduras. La frecuencia de reemplazo de las correas depende del uso. Consulte el Manual del operador del dispositivo de ca\u00edda libre QuickFlight para obtener m\u00e1s informaci\u00f3n.<\/p>\n","protected":false},"excerpt":{"rendered":"<p>El dispositivo de ca\u00edda libre QuickFlight est\u00e1 equipado con una correa que el propietario puede reemplazar en el campo utilizando la correa de repuesto.<\/p>\n","protected":false},"featured_media":3439,"template":"","meta":{"_coblocks_attr":"","_coblocks_dimensions":"","_coblocks_responsive_height":"","_coblocks_accordion_ie_support":"","wds_primary_product_brand":0,"wds_primary_product_cat":0},"product_brand":[72],"product_cat":[47],"product_tag":[44,45,46,42],"class_list":{"0":"post-5706","1":"product","2":"type-product","3":"status-publish","4":"has-post-thumbnail","6":"product_brand-head-rush-technologies","7":"product_cat-free-fall-replacement-webbing","8":"product_tag-free-fall","9":"product_tag-flightline-free-fall","10":"product_tag-quickflight-free-fall","11":"product_tag-replacement-webbing","13":"first","14":"instock","15":"taxable","16":"shipping-taxable","17":"purchasable","18":"product-type-variable"},"_links":{"self":[{"href":"https:\/\/thrillsyndicate.com\/es\/wp-json\/wp\/v2\/product\/5706","targetHints":{"allow":["GET"]}}],"collection":[{"href":"https:\/\/thrillsyndicate.com\/es\/wp-json\/wp\/v2\/product"}],"about":[{"href":"https:\/\/thrillsyndicate.com\/es\/wp-json\/wp\/v2\/types\/product"}],"wp:featuredmedia":[{"embeddable":true,"href":"https:\/\/thrillsyndicate.com\/es\/wp-json\/wp\/v2\/media\/3439"}],"wp:attachment":[{"href":"https:\/\/thrillsyndicate.com\/es\/wp-json\/wp\/v2\/media?parent=5706"}],"wp:term":[{"taxonomy":"product_brand","embeddable":true,"href":"https:\/\/thrillsyndicate.com\/es\/wp-json\/wp\/v2\/product_brand?post=5706"},{"taxonomy":"product_cat","embeddable":true,"href":"https:\/\/thrillsyndicate.com\/es\/wp-json\/wp\/v2\/product_cat?post=5706"},{"taxonomy":"product_tag","embeddable":true,"href":"https:\/\/thrillsyndicate.com\/es\/wp-json\/wp\/v2\/product_tag?post=5706"}],"curies":[{"name":"wp","href":"https:\/\/api.w.org\/{rel}","templated":true}]}}