{"id":5710,"date":"2022-02-25T19:26:48","date_gmt":"2022-02-25T18:26:48","guid":{"rendered":"https:\/\/thrillsyndicate.com\/shop\/dispositivo-de-caida-libre-flightline-185-245-metros\/"},"modified":"2025-08-25T13:24:45","modified_gmt":"2025-08-25T11:24:45","slug":"dispositivo-de-caida-libre-redundante-de-linea-de-vuelo","status":"publish","type":"product","link":"https:\/\/thrillsyndicate.com\/es\/product\/dispositivo-de-caida-libre-redundante-de-linea-de-vuelo\/","title":{"rendered":"Dispositivo de ca\u00edda libre FlightLine | 18,5 &#8211; 24,5 metros"},"content":{"rendered":"<p><b>Ten en cuenta<\/b> que, debido a los actuales problemas arancelarios mundiales, el precio del <b>Dispositivo de Ca\u00edda Libre FlightLine<\/b> <b>aumentar\u00e1<\/b> a partir <b>del 1 de octubre de 2025<\/b>. Para recibir el precio actual, tu pedido debe realizarse antes del 1 de octubre de 2025 y la entrega debe estar prevista para el 30 de noviembre de 2025. <\/p>\n<p>Lleve la aventura a nuevas alturas con FlightLine Free Fall. Este revolucionario dispositivo de ca\u00edda libre ofrece emociones extremas y crear\u00e1 una experiencia inolvidable.<\/p>\n<p>Dise\u00f1ado para un alto rendimiento, FlightLine cuenta con una verdadera ca\u00edda libre emocionante con un frenado magn\u00e9tico de corriente de Foucault y un agarre suave para un frenado suave y consistente, as\u00ed como un sistema de frenado universal por etapas para una variedad de pesos de usuarios.<\/p>\n<p><strong>Ca\u00edda libre extendida<\/strong><br \/>\n Los participantes obtienen mucho tiempo en el aire con FlightLine, \u00a1hasta 11 m (36 pies) de ca\u00edda libre! FlightLine es excelente como elemento independiente o para agregar un factor &#8220;sorprendente&#8221; adicional a una experiencia de aventura existente.<\/p>\n<p><strong>Alto rendimiento<\/strong><br \/>\n FlightLine se retrae r\u00e1pidamente y permite un alto rendimiento de invitados. El rendimiento es mayor que las alternativas (por ejemplo, puenting) y ofrece la misma ca\u00edda libre emocionante.<\/p>\n<p><strong>Frenado magn\u00e9tico por etapas<\/strong><br \/>\n La tecnolog\u00eda patentada <a href=\"https:\/\/thrillsyndicate.com\/blog\/the-science-of-eddy-current-magnetic-braking\/\">de frenado por corrientes de Foucault magn\u00e9ticas<\/a> es extremadamente confiable y crea una captura incre\u00edblemente suave. El sistema de frenado dual en FlightLine se activa en dos etapas para que la captura sea suave y delicada.<\/p>\n<p><strong>M\u00faltiples configuraciones de montaje<\/strong><br \/>\n Una configuraci\u00f3n de &#8220;salto por encima&#8221; opcional permite a los participantes saltar desde una plataforma con el dispositivo montado debajo de ellos. Esto aumenta la distancia de ca\u00edda libre y aumenta el factor de emoci\u00f3n. Dos longitudes de cable de apertura permiten una personalizaci\u00f3n adicional de la experiencia FlightLine Free Fall.<\/p>\n<p><strong>Mantenimiento m\u00ednimo<\/strong><br \/>\n La tecnolog\u00eda patentada de frenado por corrientes de Foucault magn\u00e9ticas de Head Rush es extremadamente confiable y proporciona un bajo costo de propiedad. No hay partes en contacto en el sistema de frenos y hay menos desgaste porque el frenado no implica ninguna fricci\u00f3n.<\/p>\n<p><strong>Modulares y Compactos<\/strong><br \/>\n Agregue emociones extremas en un tama\u00f1o incre\u00edblemente peque\u00f1o. FlightLine requiere una plataforma o torre de al menos 18,5 m (60 pies) de altura, pero el dispositivo modular es f\u00e1cil de instalar y operar.<\/p>\n<p><iframe loading=\"lazy\" title=\"FlightLine Free Fall Device\" width=\"980\" height=\"551\" src=\"https:\/\/www.youtube.com\/embed\/1X_EOULPbHI?feature=oembed\" frameborder=\"0\" allow=\"accelerometer; autoplay; clipboard-write; encrypted-media; gyroscope; picture-in-picture\" allowfullscreen><\/iframe><\/p>\n<h2>L\u00cdNEA DE VUELO CON CORD\u00d3N DE 4,5 M<\/h2>\n<h3>ESPECIFICACIONES<\/h3>\n<ul>\n<li>Dimensiones: 615 x 457 x 234 mm (24,2 x 18 x 9,2 pulgadas)<\/li>\n<li>Peso del dispositivo: 59 kg (130 libras)<\/li>\n<li>Capacidad nominal de trabajo: 34 a 113 kg (75 a 250 lbs)<\/li>\n<li><a href=\"https:\/\/cdn2.hubspot.net\/hubfs\/5957371\/magento-manuals\/flightline\/EN-flightline-installation-and-operation-manual.pdf\" target=\"_blank\" rel=\"noopener\">Manual de ca\u00edda libre de FlightLine<\/a><\/li>\n<\/ul>\n<h3>CONFIGURACI\u00d3N EST\u00c1NDAR<\/h3>\n<ul>\n<li>Altura m\u00ednima de montaje*: 18,5 m (60 pies)<\/li>\n<li>Altura m\u00e1xima de montaje*: 23 m (75 pies)<\/li>\n<li>Distancia m\u00ednima: boquilla a plataforma: 1,8 m (6 pies)<\/li>\n<li>Distancia m\u00e1xima: boquilla a plataforma: 2,1 m (7 pies)<\/li>\n<\/ul>\n<h3>SALTAR CONFIGURACI\u00d3N<\/h3>\n<ul>\n<li>Altura m\u00ednima de montaje*: 21 m (69 pies)<\/li>\n<li>Altura m\u00e1xima de montaje*: 23 m (75 pies)<\/li>\n<li>Distancia m\u00e1xima: boquilla a plataforma: 1,2 m (4 pies)<\/li>\n<\/ul>\n<p>Esta distancia es desde la boquilla del dispositivo hasta la zona de aterrizaje y depende de la longitud del RipCord. Las alturas de montaje est\u00e1n sujetas a cambios. FlightLine con un RipCord de 4,5 m proporciona una ca\u00edda libre de aproximadamente 4,5 m (15 pies).<\/p>\n<h2>L\u00cdNEA DE VUELO CON CORD\u00d3N DE 6,0 M<\/h2>\n<h3>ESPECIFICACIONES<\/h3>\n<ul>\n<li>Dimensiones: 615 x 457 x 234 mm (24,2 x 18 x 9,2 pulgadas)<\/li>\n<li>Peso del dispositivo: 59 kg (130 libras)<\/li>\n<li>Capacidad de trabajo nominal: 34 a 130 kg (75 a 285 lbs)<\/li>\n<\/ul>\n<h3>CONFIGURACI\u00d3N EST\u00c1NDAR<\/h3>\n<ul>\n<li>Altura m\u00ednima de montaje*: 20 m (65 pies)<\/li>\n<li>Altura m\u00e1xima de montaje*: 24,5 m (80 pies)<\/li>\n<li>Distancia m\u00ednima: boquilla a plataforma: 1,8 m (6 pies)<\/li>\n<li>Distancia m\u00e1xima: boquilla a plataforma: 2,1 m (7 pies)<\/li>\n<\/ul>\n<h3>SALTAR CONFIGURACI\u00d3N<\/h3>\n<ul>\n<li>Altura m\u00ednima de montaje*: 23 m (75 pies)<\/li>\n<li>Altura m\u00e1xima de montaje*: 24,5 m (80 pies)<\/li>\n<li>Distancia m\u00e1xima: boquilla a plataforma: 1,2 m (4 pies)<\/li>\n<\/ul>\n<p>Esta distancia es desde la boquilla del dispositivo hasta la zona de aterrizaje y depende de la longitud del RipCord. Las alturas de montaje est\u00e1n sujetas a cambios. FlightLine con un RipCord de 6,0 m proporciona una ca\u00edda libre de aproximadamente 8 m (26 pies).<\/p>\n<p><img loading=\"lazy\" decoding=\"async\" class=\"alignnone size-full wp-image-253\" src=\"https:\/\/thrillsyndicate.com\/wp-content\/uploads\/2022\/02\/quickjump-quickflight-free-fall-selection-guide.jpg\" alt=\"\" width=\"800\" height=\"975\" srcset=\"https:\/\/thrillsyndicate.com\/wp-content\/uploads\/2022\/02\/quickjump-quickflight-free-fall-selection-guide.jpg 800w, https:\/\/thrillsyndicate.com\/wp-content\/uploads\/2022\/02\/quickjump-quickflight-free-fall-selection-guide-458x558.jpg 458w, https:\/\/thrillsyndicate.com\/wp-content\/uploads\/2022\/02\/quickjump-quickflight-free-fall-selection-guide-246x300.jpg 246w, https:\/\/thrillsyndicate.com\/wp-content\/uploads\/2022\/02\/quickjump-quickflight-free-fall-selection-guide-768x936.jpg 768w, https:\/\/thrillsyndicate.com\/wp-content\/uploads\/2022\/02\/quickjump-quickflight-free-fall-selection-guide-100x122.jpg 100w\" sizes=\"auto, (max-width: 800px) 100vw, 800px\" \/><\/p>\n<p><iframe loading=\"lazy\" title=\"FlightLine Free Fall\" width=\"980\" height=\"551\" src=\"https:\/\/www.youtube.com\/embed\/w5pVDf2nVec?feature=oembed\" frameborder=\"0\" allow=\"accelerometer; autoplay; clipboard-write; encrypted-media; gyroscope; picture-in-picture\" allowfullscreen><\/iframe><\/p>\n","protected":false},"excerpt":{"rendered":"<p>FlightLine, una experiencia revolucionaria de ca\u00edda libre para descensos emocionantes y de alto rendimiento. Prep\u00e1rate para un nuevo tipo de aventura de ca\u00edda libre que lleva a los saltadores a alturas nunca antes so\u00f1adas. Lo que hace que FlightLine sea diferente de otras opciones de ca\u00edda libre es un agarre suave para la comodidad del conductor, frenado en dos etapas y una sensaci\u00f3n de ca\u00edda libre verdadera y extensa para emociones extremas. Perfecto para parques de aventura, recorridos en tirolesa, centros de entretenimiento familiar, as\u00ed como para la industria de la diversi\u00f3n.<\/p>\n","protected":false},"featured_media":3445,"template":"","meta":{"_coblocks_attr":"","_coblocks_dimensions":"","_coblocks_responsive_height":"","_coblocks_accordion_ie_support":"","wds_primary_product_brand":0,"wds_primary_product_cat":0},"product_brand":[72],"product_cat":[43],"product_tag":[507,509],"class_list":{"0":"post-5710","1":"product","2":"type-product","3":"status-publish","4":"has-post-thumbnail","6":"product_brand-head-rush-technologies","7":"product_cat-free-fall-devices","8":"product_tag-caida-libre","9":"product_tag-caida-libre-de-flightline","11":"first","12":"instock","13":"sale","14":"taxable","15":"shipping-taxable","16":"purchasable","17":"product-type-variable"},"_links":{"self":[{"href":"https:\/\/thrillsyndicate.com\/es\/wp-json\/wp\/v2\/product\/5710","targetHints":{"allow":["GET"]}}],"collection":[{"href":"https:\/\/thrillsyndicate.com\/es\/wp-json\/wp\/v2\/product"}],"about":[{"href":"https:\/\/thrillsyndicate.com\/es\/wp-json\/wp\/v2\/types\/product"}],"wp:featuredmedia":[{"embeddable":true,"href":"https:\/\/thrillsyndicate.com\/es\/wp-json\/wp\/v2\/media\/3445"}],"wp:attachment":[{"href":"https:\/\/thrillsyndicate.com\/es\/wp-json\/wp\/v2\/media?parent=5710"}],"wp:term":[{"taxonomy":"product_brand","embeddable":true,"href":"https:\/\/thrillsyndicate.com\/es\/wp-json\/wp\/v2\/product_brand?post=5710"},{"taxonomy":"product_cat","embeddable":true,"href":"https:\/\/thrillsyndicate.com\/es\/wp-json\/wp\/v2\/product_cat?post=5710"},{"taxonomy":"product_tag","embeddable":true,"href":"https:\/\/thrillsyndicate.com\/es\/wp-json\/wp\/v2\/product_tag?post=5710"}],"curies":[{"name":"wp","href":"https:\/\/api.w.org\/{rel}","templated":true}]}}