{"id":5729,"date":"2022-02-26T12:12:06","date_gmt":"2022-02-26T11:12:06","guid":{"rendered":"https:\/\/thrillsyndicate.com\/shop\/speedrunner-accroconnect-integracion-de-salto-y-balanceo\/"},"modified":"2025-06-01T20:40:09","modified_gmt":"2025-06-01T18:40:09","slug":"speedrunner-accroconnect","status":"publish","type":"product","link":"https:\/\/thrillsyndicate.com\/es\/product\/speedrunner-accroconnect\/","title":{"rendered":"Speedrunner AccroConnect | Integraci\u00f3n de salto y balanceo"},"content":{"rendered":"<p><strong>Permanezca conectado de forma segura cuando se requiera la desconexi\u00f3n del cable principal. Dise\u00f1ado para su uso con el sistema de aseguramiento continuo Speedrunner.<\/strong>  Integra f\u00e1cilmente elementos especiales como los saltos libres, el columpio de Tarz\u00e1n o la tabla de esqu\u00ed\/patinaje con el Speedrunner AccroCONNECT. El mecanismo infalible garantiza la seguridad del cliente. El usuario no puede continuar sin desconectar la lanzadera. \u00a1El sistema ser\u00e1 siempre gratuito para el siguiente usuario!  <\/p>\n<ul>\n<li>Seguro y a salvo<\/li>\n<li>F\u00e1cil de operar<\/li>\n<li>Bajo mantenimiento<\/li>\n<li>Apto para mayores de 7 a\u00f1os<\/li>\n<li>Breve sesi\u00f3n informativa recomendada<\/li>\n<\/ul>\n<p>  https:\/\/www.youtube.com\/watch?v=P&#8212;TrIpfQg Distribuidor mundial exclusivo. AccroCONNECT est\u00e1 patentado por Accroforest Peyrins, Francia.<\/p>\n","protected":false},"excerpt":{"rendered":"<p>Integra f\u00e1cilmente elementos especiales como los saltos libres, el columpio de Tarz\u00e1n o la tabla de esqu\u00ed\/patinaje con el Speedrunner AccroCONNECT<\/p>\n","protected":false},"featured_media":3130,"template":"","meta":{"_coblocks_attr":"","_coblocks_dimensions":"","_coblocks_responsive_height":"","_coblocks_accordion_ie_support":"","wds_primary_product_brand":0,"wds_primary_product_cat":0},"product_brand":[91],"product_cat":[50],"product_tag":[543,442],"class_list":{"0":"post-5729","1":"product","2":"type-product","3":"status-publish","4":"has-post-thumbnail","6":"product_brand-speedrunner-continuous-belay-system","7":"product_cat-speedrunner-continuous-belay-system","8":"product_tag-aseguramiento-continuo","9":"product_tag-curso-de-cuerdas","11":"first","12":"instock","13":"taxable","14":"shipping-taxable","15":"purchasable","16":"product-type-simple"},"_links":{"self":[{"href":"https:\/\/thrillsyndicate.com\/es\/wp-json\/wp\/v2\/product\/5729","targetHints":{"allow":["GET"]}}],"collection":[{"href":"https:\/\/thrillsyndicate.com\/es\/wp-json\/wp\/v2\/product"}],"about":[{"href":"https:\/\/thrillsyndicate.com\/es\/wp-json\/wp\/v2\/types\/product"}],"wp:featuredmedia":[{"embeddable":true,"href":"https:\/\/thrillsyndicate.com\/es\/wp-json\/wp\/v2\/media\/3130"}],"wp:attachment":[{"href":"https:\/\/thrillsyndicate.com\/es\/wp-json\/wp\/v2\/media?parent=5729"}],"wp:term":[{"taxonomy":"product_brand","embeddable":true,"href":"https:\/\/thrillsyndicate.com\/es\/wp-json\/wp\/v2\/product_brand?post=5729"},{"taxonomy":"product_cat","embeddable":true,"href":"https:\/\/thrillsyndicate.com\/es\/wp-json\/wp\/v2\/product_cat?post=5729"},{"taxonomy":"product_tag","embeddable":true,"href":"https:\/\/thrillsyndicate.com\/es\/wp-json\/wp\/v2\/product_tag?post=5729"}],"curies":[{"name":"wp","href":"https:\/\/api.w.org\/{rel}","templated":true}]}}