{"id":5730,"date":"2022-02-26T12:26:49","date_gmt":"2022-02-26T11:26:49","guid":{"rendered":"https:\/\/thrillsyndicate.com\/shop\/corredor-de-velocidad-equipo-de-proteccion-personal-kanhook-ultimate\/"},"modified":"2025-06-01T20:31:07","modified_gmt":"2025-06-01T18:31:07","slug":"speedrunner-kanhook-ultimate","status":"publish","type":"product","link":"https:\/\/thrillsyndicate.com\/es\/product\/speedrunner-kanhook-ultimate\/","title":{"rendered":"Speedrunner | Equipo de protecci\u00f3n personal Kanhook Ultimate"},"content":{"rendered":"<p><strong>El nuevo Kanhook Ultimate mejora tu seguridad sin comprometer tu diversi\u00f3n.<\/strong><\/p>\n<p><strong>Nota: se venden por 10 unidades, precios por volumen disponibles<\/strong><\/p>\n<p>El dispositivo de conexi\u00f3n m\u00f3vil Kanhook Ultimate cuenta con un pestillo de seguridad que se cierra autom\u00e1ticamente con un mecanismo de resorte. El dispositivo de conexi\u00f3n m\u00f3vil est\u00e1 constantemente cerrado mientras est\u00e1s en el Circuito de Cuerdas. Cuando el resorte hace contacto con un soporte, se abre lo suficiente para pasar el obst\u00e1culo libremente y luego se cierra autom\u00e1ticamente. Ya no hay necesidad de manipulaci\u00f3n manual en la l\u00ednea de seguridad.<\/p>\n<p>Solo enganche y listo. Los visitantes pueden pasar obst\u00e1culos m\u00e1s r\u00e1pido. El Kanhook es compatible con Poleas tirolina como el Petzl Trac o el SBE.<\/p>\n<p><strong>Beneficios:<\/strong><\/p>\n<ul>\n<li>Nueva norma de certificaci\u00f3n: EN 17109<\/li>\n<li>Disminuci\u00f3n del tiempo de instrucci\u00f3n.<\/li>\n<li>Mayor seguridad<\/li>\n<li>Ya no hay necesidad de manipulaci\u00f3n manual<\/li>\n<\/ul>\n<p><strong>Dise\u00f1o ergon\u00f3mico<\/strong><br \/>\nKanhook se autoajusta a la posici\u00f3n correcta en la l\u00ednea de seguridad <strong>Ligero y f\u00e1cil de manejar<\/strong><br \/>\nIdeal para toda la familia &#8211; a partir de 4 a\u00f1os <strong>Componentes duraderos de larga duraci\u00f3n<\/strong><br \/>\nLas piezas de repuesto son intercambiables, reutilizables y reciclables. <strong>Sistema de seguridad de evacuaci\u00f3n sencillo y r\u00e1pido<\/strong><br \/>\nS\u00f3lo los operarios del parque pueden retirar el Kanhook de la l\u00ednea de seguridad r\u00e1pida y f\u00e1cilmente, si es necesario.<\/p>\n<p>Para l\u00ednea de seguridad \u00d8 12 &#8211; 12.7MM (1\/2 pulgada)<\/p>\n","protected":false},"excerpt":{"rendered":"<p>El EPI Speedrunner Kanhook Ultimate revoluciona la seguridad en la aventura con su dise\u00f1o \u00fanico y su durabilidad. El dispositivo de conexi\u00f3n segura incorpora un pestillo de seguridad que se cierra autom\u00e1ticamente.<\/p>\n","protected":false},"featured_media":3103,"template":"","meta":{"_coblocks_attr":"","_coblocks_dimensions":"","_coblocks_responsive_height":"","_coblocks_accordion_ie_support":"","wds_primary_product_brand":0,"wds_primary_product_cat":0},"product_brand":[91],"product_cat":[3,50],"product_tag":[54,55,8],"class_list":{"0":"post-5730","1":"product","2":"type-product","3":"status-publish","4":"has-post-thumbnail","6":"product_brand-speedrunner-continuous-belay-system","7":"product_cat-ropes-course-belay-systems","8":"product_cat-speedrunner-continuous-belay-system","9":"product_tag-continuous-belay","10":"product_tag-ropes-course","11":"product_tag-belay-systems","13":"first","14":"instock","15":"taxable","16":"shipping-taxable","17":"purchasable","18":"product-type-simple"},"_links":{"self":[{"href":"https:\/\/thrillsyndicate.com\/es\/wp-json\/wp\/v2\/product\/5730","targetHints":{"allow":["GET"]}}],"collection":[{"href":"https:\/\/thrillsyndicate.com\/es\/wp-json\/wp\/v2\/product"}],"about":[{"href":"https:\/\/thrillsyndicate.com\/es\/wp-json\/wp\/v2\/types\/product"}],"wp:featuredmedia":[{"embeddable":true,"href":"https:\/\/thrillsyndicate.com\/es\/wp-json\/wp\/v2\/media\/3103"}],"wp:attachment":[{"href":"https:\/\/thrillsyndicate.com\/es\/wp-json\/wp\/v2\/media?parent=5730"}],"wp:term":[{"taxonomy":"product_brand","embeddable":true,"href":"https:\/\/thrillsyndicate.com\/es\/wp-json\/wp\/v2\/product_brand?post=5730"},{"taxonomy":"product_cat","embeddable":true,"href":"https:\/\/thrillsyndicate.com\/es\/wp-json\/wp\/v2\/product_cat?post=5730"},{"taxonomy":"product_tag","embeddable":true,"href":"https:\/\/thrillsyndicate.com\/es\/wp-json\/wp\/v2\/product_tag?post=5730"}],"curies":[{"name":"wp","href":"https:\/\/api.w.org\/{rel}","templated":true}]}}