{"id":5732,"date":"2022-02-26T12:19:33","date_gmt":"2022-02-26T11:19:33","guid":{"rendered":"https:\/\/thrillsyndicate.com\/shop\/corredor-de-velocidad-soporte-de-montaje-en-roca\/"},"modified":"2025-06-01T20:39:51","modified_gmt":"2025-06-01T18:39:51","slug":"speedrunner-rock-me-soporte","status":"publish","type":"product","link":"https:\/\/thrillsyndicate.com\/es\/product\/speedrunner-rock-me-soporte\/","title":{"rendered":"Speedrunner | Soporte de montaje en roca"},"content":{"rendered":"<p><strong>Soporte separador de cable de seguridad dise\u00f1ado para su instalaci\u00f3n en acantilados, rocas y paredes. La l\u00ednea de seguridad est\u00e1 asegurada por tres tornillos.<\/strong><\/p>\n<ul>\n<li>Para instalaci\u00f3n en acantilados, rocas y paredes<\/li>\n<li>El Speedrunner Kanhook se desliza sin esfuerzo por delante del Speedrunner Rock Me<\/li>\n<li>F\u00e1cil instalaci\u00f3n<\/li>\n<li>Bajo mantenimiento<\/li>\n<\/ul>\n<p>  Para l\u00ednea de seguridad \u00d8 12 &#8211; 12,7MM (1\/2 pulgada) Carga de trabajo antes del deslizamiento: 15 kN<\/p>\n","protected":false},"excerpt":{"rendered":"<p>Pinza Speedrunner especialmente adecuada para su instalaci\u00f3n en paredes y rocas &#8211; Fabricaci\u00f3n suiza<\/p>\n","protected":false},"featured_media":3118,"template":"","meta":{"_coblocks_attr":"","_coblocks_dimensions":"","_coblocks_responsive_height":"","_coblocks_accordion_ie_support":"","wds_primary_product_brand":0,"wds_primary_product_cat":0},"product_brand":[91],"product_cat":[50],"product_tag":[54,55,178,8],"class_list":{"0":"post-5732","1":"product","2":"type-product","3":"status-publish","4":"has-post-thumbnail","6":"product_brand-speedrunner-continuous-belay-system","7":"product_cat-speedrunner-continuous-belay-system","8":"product_tag-continuous-belay","9":"product_tag-ropes-course","10":"product_tag-lifeline-mounting","11":"product_tag-belay-systems","13":"first","14":"instock","15":"taxable","16":"shipping-taxable","17":"purchasable","18":"product-type-simple"},"_links":{"self":[{"href":"https:\/\/thrillsyndicate.com\/es\/wp-json\/wp\/v2\/product\/5732","targetHints":{"allow":["GET"]}}],"collection":[{"href":"https:\/\/thrillsyndicate.com\/es\/wp-json\/wp\/v2\/product"}],"about":[{"href":"https:\/\/thrillsyndicate.com\/es\/wp-json\/wp\/v2\/types\/product"}],"wp:featuredmedia":[{"embeddable":true,"href":"https:\/\/thrillsyndicate.com\/es\/wp-json\/wp\/v2\/media\/3118"}],"wp:attachment":[{"href":"https:\/\/thrillsyndicate.com\/es\/wp-json\/wp\/v2\/media?parent=5732"}],"wp:term":[{"taxonomy":"product_brand","embeddable":true,"href":"https:\/\/thrillsyndicate.com\/es\/wp-json\/wp\/v2\/product_brand?post=5732"},{"taxonomy":"product_cat","embeddable":true,"href":"https:\/\/thrillsyndicate.com\/es\/wp-json\/wp\/v2\/product_cat?post=5732"},{"taxonomy":"product_tag","embeddable":true,"href":"https:\/\/thrillsyndicate.com\/es\/wp-json\/wp\/v2\/product_tag?post=5732"}],"curies":[{"name":"wp","href":"https:\/\/api.w.org\/{rel}","templated":true}]}}