{"id":5737,"date":"2022-02-26T12:09:28","date_gmt":"2022-02-26T11:09:28","guid":{"rendered":"https:\/\/thrillsyndicate.com\/shop\/corredor-de-velocidad-ancla-multidireccional\/"},"modified":"2025-06-05T09:14:43","modified_gmt":"2025-06-05T07:14:43","slug":"speedrunner-multidireccional-ancla","status":"publish","type":"product","link":"https:\/\/thrillsyndicate.com\/es\/product\/speedrunner-multidireccional-ancla\/","title":{"rendered":"Speedrunner | Anclaje multidireccional"},"content":{"rendered":"<p>El nuevo soporte Speedrunner es un sistema de aseguramiento multidireccional y continuo de 360\u00b0. Mejora el dise\u00f1o. Densificar cursos. Aumentar la experiencia del cliente. Anclaje de poste Speedrunner, para una l\u00ednea de vida multidireccional y continua.  <\/p>\n<ul>\n<li>Hasta 6 direcciones por plataforma<\/li>\n<li>Ampl\u00eda tus posibilidades de dise\u00f1o<\/li>\n<li>Optimiza la b\u00fasqueda de rutas en las plataformas<\/li>\n<li>Aumenta la cantidad de elementos en tu Curso de Cuerdas<\/li>\n<li>Soporte para postes y \u00e1rboles<\/li>\n<li>Kanhook siempre en la posici\u00f3n correcta<\/li>\n<li>Adaptable a cualquier tipo de postes<\/li>\n<\/ul>\n","protected":false},"excerpt":{"rendered":"<p>El Anclaje Multidireccional Speedrunner es un anillo de bifurcaci\u00f3n especial para postes con un di\u00e1metro m\u00e1ximo de 22 cm (otros tama\u00f1os disponibles bajo pedido), que permite organizar hasta 6 entradas y salidas.<\/p>\n","protected":false},"featured_media":3142,"template":"","meta":{"_coblocks_attr":"","_coblocks_dimensions":"","_coblocks_responsive_height":"","_coblocks_accordion_ie_support":"","wds_primary_product_brand":0,"wds_primary_product_cat":0},"product_brand":[91],"product_cat":[50],"product_tag":[54,178,8],"class_list":{"0":"post-5737","1":"product","2":"type-product","3":"status-publish","4":"has-post-thumbnail","6":"product_brand-speedrunner-continuous-belay-system","7":"product_cat-speedrunner-continuous-belay-system","8":"product_tag-continuous-belay","9":"product_tag-lifeline-mounting","10":"product_tag-belay-systems","12":"first","13":"instock","14":"taxable","15":"shipping-taxable","16":"purchasable","17":"product-type-simple"},"_links":{"self":[{"href":"https:\/\/thrillsyndicate.com\/es\/wp-json\/wp\/v2\/product\/5737","targetHints":{"allow":["GET"]}}],"collection":[{"href":"https:\/\/thrillsyndicate.com\/es\/wp-json\/wp\/v2\/product"}],"about":[{"href":"https:\/\/thrillsyndicate.com\/es\/wp-json\/wp\/v2\/types\/product"}],"wp:featuredmedia":[{"embeddable":true,"href":"https:\/\/thrillsyndicate.com\/es\/wp-json\/wp\/v2\/media\/3142"}],"wp:attachment":[{"href":"https:\/\/thrillsyndicate.com\/es\/wp-json\/wp\/v2\/media?parent=5737"}],"wp:term":[{"taxonomy":"product_brand","embeddable":true,"href":"https:\/\/thrillsyndicate.com\/es\/wp-json\/wp\/v2\/product_brand?post=5737"},{"taxonomy":"product_cat","embeddable":true,"href":"https:\/\/thrillsyndicate.com\/es\/wp-json\/wp\/v2\/product_cat?post=5737"},{"taxonomy":"product_tag","embeddable":true,"href":"https:\/\/thrillsyndicate.com\/es\/wp-json\/wp\/v2\/product_tag?post=5737"}],"curies":[{"name":"wp","href":"https:\/\/api.w.org\/{rel}","templated":true}]}}