{"id":5738,"date":"2022-02-26T12:24:26","date_gmt":"2022-02-26T11:24:26","guid":{"rendered":"https:\/\/thrillsyndicate.com\/shop\/corredor-de-velocidad-soporte-facil-v5\/"},"modified":"2025-06-01T20:39:37","modified_gmt":"2025-06-01T18:39:37","slug":"speedrunner-facil-soporte","status":"publish","type":"product","link":"https:\/\/thrillsyndicate.com\/es\/product\/speedrunner-facil-soporte\/","title":{"rendered":"Speedrunner | Easy Bracket V6"},"content":{"rendered":"<p><strong>Enderezar la l\u00ednea. Gana espacio en la plataforma. <\/strong>  El nuevo Speedrunner F\u00e1cil endereza tus giros t\u00e9cnicos y los convierte en rendimiento. Ahora es posible una instalaci\u00f3n plana m\u00e1s f\u00e1cil. Bujes de lat\u00f3n contorneados innovadores en todas las conexiones prolongan el ciclo de vida. Mayor seguridad, mayor libertad. El sistema de ahorro de costos es muy f\u00e1cil de instalar. Debido a que las fijaciones se atornillan entre s\u00ed, la instalaci\u00f3n se puede modificar o ampliar f\u00e1cilmente. Con la fijaci\u00f3n retorcida, el <a href=\"https:\/\/thrillsyndicate.com\/es\/product\/speedrunner-kanhook-ultimate\/\">Gancho Kancho Speedrunner II<\/a> se mueve f\u00e1cilmente a trav\u00e9s de la fijaci\u00f3n.<br \/>\nSpeedrunner Easy es de montaje universal y f\u00e1cil de instalar, y mantiene la l\u00ednea de seguridad en el aire.  Bienvenido a un nuevo nivel de durabilidad.  <\/p>\n<h2>Especificaciones<\/h2>\n<ul>\n<li>Para instalaci\u00f3n en postes, \u00e1rboles y paredes.<\/li>\n<li>Speedrunner Kanhook se desliza sin esfuerzo por una superficie plana<\/li>\n<li>Libre de mantenimiento<\/li>\n<li>F\u00e1cil de instalar y modificar retroactivamente<\/li>\n<li>Fijado con 3 tornillos de acero de alta calidad<\/li>\n<li>Orificio de montaje \u00d8 15MM<\/li>\n<li>Para uso con enlace r\u00e1pido de 10 mm o 12 mm<\/li>\n<li>Protecci\u00f3n antidesgaste para Rapid Link y grillete<\/li>\n<li>Seguridad primordial de su infraestructura gracias a nuestro sistema din\u00e1mico de aseguramiento continuo<\/li>\n<li>Para l\u00ednea de seguridad \u00d8 12 &#8211; 12.7MM (1\/2 pulgada)<\/li>\n<li>Carga de trabajo antes del deslizamiento: 15 kN<\/li>\n<li>Normas EN 795 C, EN 15567 y ACCT (EE. UU.)<\/li>\n<\/ul>\n","protected":false},"excerpt":{"rendered":"<p>El Soporte F\u00e1cil Speedrunner es la fijaci\u00f3n para las l\u00edneas de vida. La fuerza de sujeci\u00f3n es de hasta 15kN. El sistema de ahorro de costos es muy f\u00e1cil de instalar.<\/p>\n","protected":false},"featured_media":3106,"template":"","meta":{"_coblocks_attr":"","_coblocks_dimensions":"","_coblocks_responsive_height":"","_coblocks_accordion_ie_support":"","wds_primary_product_brand":0,"wds_primary_product_cat":0},"product_brand":[91],"product_cat":[50],"product_tag":[54,55,178],"class_list":{"0":"post-5738","1":"product","2":"type-product","3":"status-publish","4":"has-post-thumbnail","6":"product_brand-speedrunner-continuous-belay-system","7":"product_cat-speedrunner-continuous-belay-system","8":"product_tag-continuous-belay","9":"product_tag-ropes-course","10":"product_tag-lifeline-mounting","12":"first","13":"instock","14":"taxable","15":"shipping-taxable","16":"purchasable","17":"product-type-simple"},"_links":{"self":[{"href":"https:\/\/thrillsyndicate.com\/es\/wp-json\/wp\/v2\/product\/5738","targetHints":{"allow":["GET"]}}],"collection":[{"href":"https:\/\/thrillsyndicate.com\/es\/wp-json\/wp\/v2\/product"}],"about":[{"href":"https:\/\/thrillsyndicate.com\/es\/wp-json\/wp\/v2\/types\/product"}],"wp:featuredmedia":[{"embeddable":true,"href":"https:\/\/thrillsyndicate.com\/es\/wp-json\/wp\/v2\/media\/3106"}],"wp:attachment":[{"href":"https:\/\/thrillsyndicate.com\/es\/wp-json\/wp\/v2\/media?parent=5738"}],"wp:term":[{"taxonomy":"product_brand","embeddable":true,"href":"https:\/\/thrillsyndicate.com\/es\/wp-json\/wp\/v2\/product_brand?post=5738"},{"taxonomy":"product_cat","embeddable":true,"href":"https:\/\/thrillsyndicate.com\/es\/wp-json\/wp\/v2\/product_cat?post=5738"},{"taxonomy":"product_tag","embeddable":true,"href":"https:\/\/thrillsyndicate.com\/es\/wp-json\/wp\/v2\/product_tag?post=5738"}],"curies":[{"name":"wp","href":"https:\/\/api.w.org\/{rel}","templated":true}]}}