{"id":5747,"date":"2022-02-26T12:30:00","date_gmt":"2022-02-26T11:30:00","guid":{"rendered":"https:\/\/thrillsyndicate.com\/shop\/junta-torica-edelrid-smart-belay-x\/"},"modified":"2025-07-21T10:40:47","modified_gmt":"2025-07-21T08:40:47","slug":"edelrid-smart-belay-xo-ring","status":"publish","type":"product","link":"https:\/\/thrillsyndicate.com\/es\/product\/edelrid-smart-belay-xo-ring\/","title":{"rendered":"Junta t\u00f3rica Edelrid Smart Belay X"},"content":{"rendered":"<div id=\"prod-produktinfos\">\n<p>Juntas t\u00f3ricas para el uso del SMART BELAY X en elementos verticales.<\/p>\n<\/div>\n<div id=\"prod-details\">\n<p class=\"prodheadline\">INFORMACI\u00d3N T\u00c9CNICA<\/p>\n<ul>\n<li>Peso: <span id=\"varianten_gewicht\">142g<\/span><\/li>\n<li>Di\u00e1metro 85 mm<\/li>\n<\/ul>\n<h3 class=\"western\">\ud83d\udc49 \u00bfEst\u00e1s buscando un art\u00edculo Edelrid espec\u00edfico que no aparece en la tienda? Vendemos toda la gama de productos de aventura, deporte y seguridad. Por favor, <strong><a href=\"https:\/\/thrillsyndicate.com\/es\/contacto\/\">env\u00eda a<\/a><\/strong> un correo electr\u00f3nico o consulta la <strong><a href=\"https:\/\/thrillsyndicate.com\/edelrid-safety-price-list-2025\/\">lista de precios de seguridad aqu\u00ed<\/a><\/strong>. \ud83d\udc48<\/h3>\n<\/div>\n","protected":false},"excerpt":{"rendered":"<p>Las juntas t\u00f3ricas de Edelrid para utilizar el SMART BELAY X en elementos verticales.<\/p>\n","protected":false},"featured_media":2617,"template":"","meta":{"_coblocks_attr":"","_coblocks_dimensions":"","_coblocks_responsive_height":"","_coblocks_accordion_ie_support":"","wds_primary_product_brand":0,"wds_primary_product_cat":0},"product_brand":[62],"product_cat":[4],"product_tag":[54,55,7,12],"class_list":{"0":"post-5747","1":"product","2":"type-product","3":"status-publish","4":"has-post-thumbnail","6":"product_brand-edelrid","7":"product_cat-edelrid-smart-belay","8":"product_tag-continuous-belay","9":"product_tag-ropes-course","10":"product_tag-edelrid-smart-belay","11":"product_tag-smart-belay-x","13":"first","14":"instock","15":"taxable","16":"shipping-taxable","17":"purchasable","18":"product-type-simple"},"_links":{"self":[{"href":"https:\/\/thrillsyndicate.com\/es\/wp-json\/wp\/v2\/product\/5747","targetHints":{"allow":["GET"]}}],"collection":[{"href":"https:\/\/thrillsyndicate.com\/es\/wp-json\/wp\/v2\/product"}],"about":[{"href":"https:\/\/thrillsyndicate.com\/es\/wp-json\/wp\/v2\/types\/product"}],"wp:featuredmedia":[{"embeddable":true,"href":"https:\/\/thrillsyndicate.com\/es\/wp-json\/wp\/v2\/media\/2617"}],"wp:attachment":[{"href":"https:\/\/thrillsyndicate.com\/es\/wp-json\/wp\/v2\/media?parent=5747"}],"wp:term":[{"taxonomy":"product_brand","embeddable":true,"href":"https:\/\/thrillsyndicate.com\/es\/wp-json\/wp\/v2\/product_brand?post=5747"},{"taxonomy":"product_cat","embeddable":true,"href":"https:\/\/thrillsyndicate.com\/es\/wp-json\/wp\/v2\/product_cat?post=5747"},{"taxonomy":"product_tag","embeddable":true,"href":"https:\/\/thrillsyndicate.com\/es\/wp-json\/wp\/v2\/product_tag?post=5747"}],"curies":[{"name":"wp","href":"https:\/\/api.w.org\/{rel}","templated":true}]}}