{"id":5749,"date":"2022-02-26T12:21:43","date_gmt":"2022-02-26T11:21:43","guid":{"rendered":"https:\/\/thrillsyndicate.com\/shop\/corredor-de-velocidad-soporte-de-tirolesa-v5\/"},"modified":"2025-06-01T20:39:43","modified_gmt":"2025-06-01T18:39:43","slug":"speedrunner-tirolina-soporte","status":"publish","type":"product","link":"https:\/\/thrillsyndicate.com\/es\/product\/speedrunner-tirolina-soporte\/","title":{"rendered":"Speedrunner | Soporte para tirolesa V5"},"content":{"rendered":"<p><strong>Para tirolinas de cualquier longitud. <\/strong>  La nueva tirolina Speedrunner endereza tus giros t\u00e9cnicos y los convierte en rendimiento. El soporte de tirolina mantiene la posici\u00f3n de la l\u00ednea de seguridad en el aire. Ahora es posible una instalaci\u00f3n m\u00e1s cercana a la estructura. Bujes de lat\u00f3n contorneados innovadores en todas las conexiones prolongan el ciclo de vida. Mayor seguridad, mayor libertad. El soporte de tirolina Speedrunner es de montaje universal y f\u00e1cil de instalar. Bienvenido a un nuevo nivel de durabilidad.  <\/p>\n<h2>Especificaciones<\/h2>\n<ul>\n<li>Para tirolinas de cualquier longitud<\/li>\n<li>El Speedrunner Kanhook se desliza sin esfuerzo hacia adelante<\/li>\n<li>Libre de mantenimiento<\/li>\n<li>Para instalaci\u00f3n en postes, \u00e1rboles o paredes<\/li>\n<li>F\u00e1cil de instalar y modificar retroactivamente<\/li>\n<li>Asegurado con 6 sujetadores de acero de alta calidad<\/li>\n<li>Orificio de montaje \u00d8 15 mm<\/li>\n<li>Para usar con enlace r\u00e1pido de 12 mm<\/li>\n<li>Protecci\u00f3n antidesgaste para eslab\u00f3n r\u00e1pido y grillete<\/li>\n<li>Seguridad primordial de su infraestructura gracias a nuestro sistema din\u00e1mico de aseguramiento continuo<\/li>\n<li>Para l\u00ednea de seguridad \u00d8 12 &#8211; 12,7 mm (1\/2 pulgada)<\/li>\n<li>Carga de trabajo antes del deslizamiento: 40 kN<\/li>\n<li>Normas EN 795 C, EN 15567 y ACCT (EE. UU.)<\/li>\n<\/ul>\n","protected":false},"excerpt":{"rendered":"<p>La nueva tirolina Speedrunner endereza tus giros t\u00e9cnicos y los convierte en rendimiento. El soporte de la tirolina mantiene la posici\u00f3n de la l\u00ednea de seguridad en el aire.<\/p>\n","protected":false},"featured_media":3112,"template":"","meta":{"_coblocks_attr":"","_coblocks_dimensions":"","_coblocks_responsive_height":"","_coblocks_accordion_ie_support":"","wds_primary_product_brand":0,"wds_primary_product_cat":0},"product_brand":[91],"product_cat":[50],"product_tag":[54,55,178,8],"class_list":{"0":"post-5749","1":"product","2":"type-product","3":"status-publish","4":"has-post-thumbnail","6":"product_brand-speedrunner-continuous-belay-system","7":"product_cat-speedrunner-continuous-belay-system","8":"product_tag-continuous-belay","9":"product_tag-ropes-course","10":"product_tag-lifeline-mounting","11":"product_tag-belay-systems","13":"first","14":"instock","15":"taxable","16":"shipping-taxable","17":"purchasable","18":"product-type-simple"},"_links":{"self":[{"href":"https:\/\/thrillsyndicate.com\/es\/wp-json\/wp\/v2\/product\/5749","targetHints":{"allow":["GET"]}}],"collection":[{"href":"https:\/\/thrillsyndicate.com\/es\/wp-json\/wp\/v2\/product"}],"about":[{"href":"https:\/\/thrillsyndicate.com\/es\/wp-json\/wp\/v2\/types\/product"}],"wp:featuredmedia":[{"embeddable":true,"href":"https:\/\/thrillsyndicate.com\/es\/wp-json\/wp\/v2\/media\/3112"}],"wp:attachment":[{"href":"https:\/\/thrillsyndicate.com\/es\/wp-json\/wp\/v2\/media?parent=5749"}],"wp:term":[{"taxonomy":"product_brand","embeddable":true,"href":"https:\/\/thrillsyndicate.com\/es\/wp-json\/wp\/v2\/product_brand?post=5749"},{"taxonomy":"product_cat","embeddable":true,"href":"https:\/\/thrillsyndicate.com\/es\/wp-json\/wp\/v2\/product_cat?post=5749"},{"taxonomy":"product_tag","embeddable":true,"href":"https:\/\/thrillsyndicate.com\/es\/wp-json\/wp\/v2\/product_tag?post=5749"}],"curies":[{"name":"wp","href":"https:\/\/api.w.org\/{rel}","templated":true}]}}