{"id":5752,"date":"2022-02-26T12:15:43","date_gmt":"2022-02-26T11:15:43","guid":{"rendered":"https:\/\/thrillsyndicate.com\/shop\/hirope-2-cordon-de-longitud-ajustable\/"},"modified":"2025-06-01T20:40:01","modified_gmt":"2025-06-01T18:40:01","slug":"hirope-2-cordon-ajustable","status":"publish","type":"product","link":"https:\/\/thrillsyndicate.com\/es\/product\/hirope-2-cordon-ajustable\/","title":{"rendered":"HiRope 2 | Elemento de amarre ajustable"},"content":{"rendered":"<p>La HiRope es la soluci\u00f3n m\u00e1s rentable, dise\u00f1ada espec\u00edficamente para su uso en curso de cuerdas forestales. Con el HiRope, la longitud del cable entre el cintur\u00f3n de seguridad y la l\u00ednea de vida se puede ajustar individualmente mucho m\u00e1s f\u00e1cilmente. No se requieren m\u00e1s longitudes diferentes de cordones para diferentes tama\u00f1os de participantes.<\/p>\n<h2>El HiRope est\u00e1 disponible en 4 configuraciones:<\/h2>\n<ul>\n<li>Elemento de amarre ajustable HiRope para <a href=\"https:\/\/thrillsyndicate.com\/es\/product\/carro-saferoller-v3\/\">Polea V3Saferoller <\/a><\/li>\n<li>HiRope con Elemento de amarre para <a href=\"https:\/\/thrillsyndicate.com\/es\/product\/carro-saferoller-v3\/\">Saferoller Polea V3<\/a> + <a href=\"https:\/\/thrillsyndicate.com\/es\/shop\/cuidador-2\/\">Carebiner 2<\/a><\/li>\n<\/ul>\n<p><strong>\u00a1Diga adi\u00f3s a las diferentes longitudes de cord\u00f3n para diferentes tama\u00f1os de clientes!<\/strong><\/p>\n<ul>\n<li>El HiRope tambi\u00e9n se puede utilizar con otros sistemas como Saferoller y Speedrunner.<\/li>\n<li>El HiRope no es un equipo de protecci\u00f3n personal (EPI), esta funci\u00f3n la realiza la cuerda certificada.<\/li>\n<li>La HiRope ha sido dise\u00f1ada para absorber la ca\u00edda por el factor m\u00e1ximo 1 y est\u00e1 pensada \u00fanicamente para su uso en el Circuito de Cuerdas. El sistema cumple con los m\u00e1s altos est\u00e1ndares. (EN 15567)<\/li>\n<li>El HiRope cumple con estos requisitos. Es un producto simple e innovador que ofrece dos funciones muy importantes para nuestros operadores:<\/li>\n<li>Se reduce el n\u00famero de empleados.<\/li>\n<li>El HiRope funciona como un amortiguador.<\/li>\n<\/ul>\n<p>Con el ergon\u00f3mico y \u00fanico &#8220;HiRope&#8221;, la longitud del elemento de amarre entre el arn\u00e9s y el dispositivo de conexi\u00f3n m\u00f3vil se puede ajustar r\u00e1pidamente. Adem\u00e1s del ajuste del elemento de amarre, ahora es posible bloquear permanentemente la longitud del elemento de amarre.<\/p>\n<p>&#8220;HiRope&#8221; es la soluci\u00f3n rentable dise\u00f1ada espec\u00edficamente para su uso en curso de cuerdas forestales o parques de tirolinas. &#8220;HiRope&#8221; funciona como un amortiguador.<\/p>\n<p><strong>Nuevas caracter\u00edsticas:<\/strong><\/p>\n<ul>\n<li>Bloqueo permanente de la longitud del cord\u00f3n<\/li>\n<li>Ajustabilidad mejorada<\/li>\n<li>Elemento de amarre de longitud ajustable con una mano por el cliente o el miembro del personal<\/li>\n<li>Un cord\u00f3n se adapta a todos los tama\u00f1os de cliente: a partir de 4 a\u00f1os<\/li>\n<li>F\u00e1cil de operar<\/li>\n<li>Relaci\u00f3n precio\/rendimiento imbatible<\/li>\n<li>F\u00e1cil mantenimiento ya que el operador puede reemplazar el cord\u00f3n<\/li>\n<li>Compatible con aseguramiento continuo Saferoller y Speedrunner y otros sistemas<\/li>\n<li>Para usar con \u201c <a href=\"https:\/\/thrillsyndicate.com\/product\/carebiner\/\">Carebiner II<\/a> \u201d o Rapid Link (en forma de pera) \u00d8 10 mm<\/li>\n<li>EPI EN17109<\/li>\n<\/ul>\n<p><strong>Rango de ajuste: <\/strong><\/p>\n<ul>\n<li><strong>Elemento de amarre: <\/strong>25 &#8211; 150 cm<\/li>\n<\/ul>\n<p><iframe loading=\"lazy\" title=\"HiRope Adjustable Lanyard\" width=\"980\" height=\"551\" src=\"https:\/\/www.youtube.com\/embed\/D_ehkSMn-lo?feature=oembed\" frameborder=\"0\" allow=\"accelerometer; autoplay; clipboard-write; encrypted-media; gyroscope; picture-in-picture; web-share\" referrerpolicy=\"strict-origin-when-cross-origin\" allowfullscreen><\/iframe><\/p>\n","protected":false},"excerpt":{"rendered":"<p>El Elemento de amarre universal HiRope revoluciona el equipo de aventura, adapt\u00e1ndose a todos los tama\u00f1os de usuario. Elimina las molestias de las distintas longitudes de las eslingas con esta soluci\u00f3n de talla \u00fanica.<\/p>\n","protected":false},"featured_media":3073,"template":"","meta":{"_coblocks_attr":"","_coblocks_dimensions":"","_coblocks_responsive_height":"","_coblocks_accordion_ie_support":"","wds_primary_product_brand":0,"wds_primary_product_cat":0},"product_brand":[90],"product_cat":[49,50,65],"product_tag":[551,552,907,581,440],"class_list":{"0":"post-5752","1":"product","2":"type-product","3":"status-publish","4":"has-post-thumbnail","6":"product_brand-saferoller-continuous-belay","7":"product_cat-saferoller-continuous-belay-system","8":"product_cat-speedrunner-continuous-belay-system","9":"product_cat-connecting","10":"product_tag-acollador","11":"product_tag-conectando","12":"product_tag-cordones-ajustables","13":"product_tag-epp","14":"product_tag-sistemas-de-seguridad","16":"first","17":"instock","18":"taxable","19":"shipping-taxable","20":"purchasable","21":"product-type-variable"},"_links":{"self":[{"href":"https:\/\/thrillsyndicate.com\/es\/wp-json\/wp\/v2\/product\/5752","targetHints":{"allow":["GET"]}}],"collection":[{"href":"https:\/\/thrillsyndicate.com\/es\/wp-json\/wp\/v2\/product"}],"about":[{"href":"https:\/\/thrillsyndicate.com\/es\/wp-json\/wp\/v2\/types\/product"}],"wp:featuredmedia":[{"embeddable":true,"href":"https:\/\/thrillsyndicate.com\/es\/wp-json\/wp\/v2\/media\/3073"}],"wp:attachment":[{"href":"https:\/\/thrillsyndicate.com\/es\/wp-json\/wp\/v2\/media?parent=5752"}],"wp:term":[{"taxonomy":"product_brand","embeddable":true,"href":"https:\/\/thrillsyndicate.com\/es\/wp-json\/wp\/v2\/product_brand?post=5752"},{"taxonomy":"product_cat","embeddable":true,"href":"https:\/\/thrillsyndicate.com\/es\/wp-json\/wp\/v2\/product_cat?post=5752"},{"taxonomy":"product_tag","embeddable":true,"href":"https:\/\/thrillsyndicate.com\/es\/wp-json\/wp\/v2\/product_tag?post=5752"}],"curies":[{"name":"wp","href":"https:\/\/api.w.org\/{rel}","templated":true}]}}