{"id":5766,"date":"2022-02-26T13:02:48","date_gmt":"2022-02-26T12:02:48","guid":{"rendered":"https:\/\/thrillsyndicate.com\/shop\/carebiner-ii-conexion-segura\/"},"modified":"2025-06-01T20:19:54","modified_gmt":"2025-06-01T18:19:54","slug":"cuidador-2","status":"publish","type":"product","link":"https:\/\/thrillsyndicate.com\/es\/product\/cuidador-2\/","title":{"rendered":"Carebiner II | Conexi\u00f3n segura"},"content":{"rendered":"<p>No es posible la apertura involuntaria &#8211; asegura el \u00faltimo eslab\u00f3n &#8211; conexi\u00f3n r\u00e1pida y f\u00e1cil entre el arn\u00e9s y el dispositivo &#8211; llave para la apertura incluida &#8211; SISTEMA DE 3 CERRADURAS &#8211; apertura con una sola herramienta &#8211; EN 17109 &#8211; Tecnolog\u00eda suiza. Kits especiales en combinaci\u00f3n con el <a href=\"https:\/\/thrillsyndicate.com\/es\/product\/hirope-2-cordon-ajustable\/\">Elemento de amarre ajustable Hi-Rope<\/a> . Evita la apertura involuntaria, apertura r\u00e1pida gracias a una llave especial, cierre autom\u00e1tico, el Carebiner cumple con las normas EN. \u00a1Carebiner es la respuesta largamente buscada para conectar a los clientes de forma r\u00e1pida, f\u00e1cil y segura! S\u00f3lo los empleados tienen la llave especial que permite conectar\/desconectar a los clientes, incluso en caso de evacuaci\u00f3n.  <strong>La conexi\u00f3n m\u00e1s segura posible. \u00a1Asegura el \u00faltimo enlace!<\/strong><\/p>\n<ul>\n<li>Conexi\u00f3n r\u00e1pida y f\u00e1cil entre el arn\u00e9s y el dispositivo de conexi\u00f3n m\u00f3vil<\/li>\n<li>&#8220;Carebiner&#8221; solo puede ser abierto por el operador del parque<\/li>\n<li>La apertura involuntaria no es posible<\/li>\n<li>Ideal para conectar &#8220;HiRope&#8221; al arn\u00e9s<\/li>\n<li>Apertura solo posible con llave especial<\/li>\n<\/ul>\n<p><iframe loading=\"lazy\" title=\"How to connect Carebiner II to a harness\" width=\"980\" height=\"551\" src=\"https:\/\/www.youtube.com\/embed\/a5YbrtkmJk0?feature=oembed\" frameborder=\"0\" allow=\"accelerometer; autoplay; clipboard-write; encrypted-media; gyroscope; picture-in-picture\" allowfullscreen><\/iframe><\/p>\n","protected":false},"excerpt":{"rendered":"<p>Finalmente, el \u00faltimo eslab\u00f3n est\u00e1 asegurado con el Carebiner II. Evita la apertura involuntaria, apertura r\u00e1pida gracias a una llave especial, cierre autom\u00e1tico, el Carebiner cumple con las normas EN.<\/p>\n","protected":false},"featured_media":4648,"template":"","meta":{"_coblocks_attr":"","_coblocks_dimensions":"","_coblocks_responsive_height":"","_coblocks_accordion_ie_support":"","wds_primary_product_brand":0,"wds_primary_product_cat":0},"product_brand":[90],"product_cat":[49,50,65],"product_tag":[54,176,55,8],"class_list":{"0":"post-5766","1":"product","2":"type-product","3":"status-publish","4":"has-post-thumbnail","6":"product_brand-saferoller-continuous-belay","7":"product_cat-saferoller-continuous-belay-system","8":"product_cat-speedrunner-continuous-belay-system","9":"product_cat-connecting","10":"product_tag-continuous-belay","11":"product_tag-connecting","12":"product_tag-ropes-course","13":"product_tag-belay-systems","15":"first","16":"instock","17":"taxable","18":"shipping-taxable","19":"purchasable","20":"product-type-simple"},"_links":{"self":[{"href":"https:\/\/thrillsyndicate.com\/es\/wp-json\/wp\/v2\/product\/5766","targetHints":{"allow":["GET"]}}],"collection":[{"href":"https:\/\/thrillsyndicate.com\/es\/wp-json\/wp\/v2\/product"}],"about":[{"href":"https:\/\/thrillsyndicate.com\/es\/wp-json\/wp\/v2\/types\/product"}],"wp:featuredmedia":[{"embeddable":true,"href":"https:\/\/thrillsyndicate.com\/es\/wp-json\/wp\/v2\/media\/4648"}],"wp:attachment":[{"href":"https:\/\/thrillsyndicate.com\/es\/wp-json\/wp\/v2\/media?parent=5766"}],"wp:term":[{"taxonomy":"product_brand","embeddable":true,"href":"https:\/\/thrillsyndicate.com\/es\/wp-json\/wp\/v2\/product_brand?post=5766"},{"taxonomy":"product_cat","embeddable":true,"href":"https:\/\/thrillsyndicate.com\/es\/wp-json\/wp\/v2\/product_cat?post=5766"},{"taxonomy":"product_tag","embeddable":true,"href":"https:\/\/thrillsyndicate.com\/es\/wp-json\/wp\/v2\/product_tag?post=5766"}],"curies":[{"name":"wp","href":"https:\/\/api.w.org\/{rel}","templated":true}]}}