{"id":5776,"date":"2022-02-26T12:42:19","date_gmt":"2022-02-26T11:42:19","guid":{"rendered":"https:\/\/thrillsyndicate.com\/shop\/servicio-anual-edelrid-smart-belay\/"},"modified":"2025-07-21T10:39:34","modified_gmt":"2025-07-21T08:39:34","slug":"edelrid-smart-belay-servicio-anual","status":"publish","type":"product","link":"https:\/\/thrillsyndicate.com\/es\/product\/edelrid-smart-belay-servicio-anual\/","title":{"rendered":"Edelrid Smart Belay &#8211; Servicio anual"},"content":{"rendered":"<p>El servicio anual incluye una revisi\u00f3n funcional completa, mantenimiento, limpieza, engrase y, si es necesario, un ajuste del cable Bowden del S<a href=\"https:\/\/thrillsyndicate.com\/es\/shop\/edelrid-smart-belay-x\/\">mart Belay<\/a>. Recomendamos que, como parte de este servicio anual, se lleve a cabo adem\u00e1s la inspecci\u00f3n anual obligatoria del EPI de su Smart Belay y todos los dem\u00e1s componentes del sistema (p. ej., el Conecto Swivel, etc.). Cada Smart Belay que se nos env\u00ede ser\u00e1 revisado al recibirlo. Si se produce alg\u00fan da\u00f1o en tu sistema de cintur\u00f3n de seguridad inteligente que no est\u00e9 cubierto por la garant\u00eda, o que est\u00e9 causado por el desgaste natural o por un uso inadecuado, nos pondremos en contacto contigo para hablar de la reparaci\u00f3n o sustituci\u00f3n de piezas.  <strong>Tasas de inspecci\u00f3n Edelrid Smart Belay<\/strong><\/p>\n<table>\n<tbody>\n<tr>\n<td><strong>Tarifas de inspecci\u00f3n<\/strong><\/td>\n<td><\/td>\n<td><strong>Precio por art\u00edculo*<\/strong><\/td>\n<\/tr>\n<tr>\n<td> Smart Belay Inspecci\u00f3n Anual<\/td>\n<td>&#8211; Inspecci\u00f3n anual &#8211; Limpieza y lubricaci\u00f3n &#8211; Diagn\u00f3stico del sistema<\/td>\n<td> \u20ac 39,00<\/td>\n<\/tr>\n<tr>\n<td> EPI &#8211; control para Smart Belay<\/td>\n<td><\/td>\n<td> \u20ac 15,00<\/td>\n<\/tr>\n<tr>\n<td> Gastos adicionales de limpieza<\/td>\n<td><\/td>\n<td> \u20ac 15,00<\/td>\n<\/tr>\n<tr>\n<td> Recogida para el servicio<\/td>\n<td> En funci\u00f3n de la ubicaci\u00f3n y el n\u00famero de unidades<\/td>\n<td><\/td>\n<\/tr>\n<tr>\n<td> Devoluci\u00f3n tras el servicio<\/td>\n<td> Seg\u00fan la ubicaci\u00f3n, el n\u00famero de unidades<\/td>\n<td><\/td>\n<\/tr>\n<\/tbody>\n<\/table>\n<p>  * Descuentos por volumen disponibles previa solicitud <strong>Procedimiento para el servicio anual <\/strong> <\/p>\n<ol>\n<li>Env\u00edenos un correo electr\u00f3nico a <a href=\"mailto:service@thrillsyndicate.com\">service@thrillsyndicate.com<\/a> con los detalles de su empresa y la cantidad de unidades que desea que reciban servicio.<\/li>\n<li>Le enviaremos un cuestionario y un formulario para completar. Solicitamos su env\u00edo lo antes posible para poder devolver su equipo listo para el comienzo de la nueva temporada**.<\/li>\n<li>Env\u00edenos su Smart Belays a portes pagados.<\/li>\n<\/ol>\n<p>  ** Para los Smart Belays enviados m\u00e1s tarde o no registrados a su debido tiempo, no podemos garantizar una devoluci\u00f3n a tiempo. En cuanto a su documentaci\u00f3n, recibir\u00e1 un comprobante del servicio anual una vez finalizado el per\u00edodo de servicio.<\/p>\n","protected":false},"excerpt":{"rendered":"<p>El servicio anual de Edelrid Smart Belay incluye una completa inspecci\u00f3n funcional, mantenimiento, limpieza, lubricaci\u00f3n y si es necesario, un ajuste del cable Bowden del Smart Belay.<\/p>\n","protected":false},"featured_media":10853,"template":"","meta":{"_coblocks_attr":"","_coblocks_dimensions":"","_coblocks_responsive_height":"","_coblocks_accordion_ie_support":"","wds_primary_product_brand":0,"wds_primary_product_cat":0},"product_brand":[62],"product_cat":[4,773],"product_tag":[775,774,12],"class_list":{"0":"post-5776","1":"product","2":"type-product","3":"status-publish","4":"has-post-thumbnail","6":"product_brand-edelrid","7":"product_cat-edelrid-smart-belay","8":"product_cat-maintenance","9":"product_tag-maintenance","10":"product_tag-annual-service","11":"product_tag-smart-belay-x","13":"first","14":"instock","15":"taxable","16":"shipping-taxable","17":"purchasable","18":"product-type-simple"},"_links":{"self":[{"href":"https:\/\/thrillsyndicate.com\/es\/wp-json\/wp\/v2\/product\/5776","targetHints":{"allow":["GET"]}}],"collection":[{"href":"https:\/\/thrillsyndicate.com\/es\/wp-json\/wp\/v2\/product"}],"about":[{"href":"https:\/\/thrillsyndicate.com\/es\/wp-json\/wp\/v2\/types\/product"}],"wp:featuredmedia":[{"embeddable":true,"href":"https:\/\/thrillsyndicate.com\/es\/wp-json\/wp\/v2\/media\/10853"}],"wp:attachment":[{"href":"https:\/\/thrillsyndicate.com\/es\/wp-json\/wp\/v2\/media?parent=5776"}],"wp:term":[{"taxonomy":"product_brand","embeddable":true,"href":"https:\/\/thrillsyndicate.com\/es\/wp-json\/wp\/v2\/product_brand?post=5776"},{"taxonomy":"product_cat","embeddable":true,"href":"https:\/\/thrillsyndicate.com\/es\/wp-json\/wp\/v2\/product_cat?post=5776"},{"taxonomy":"product_tag","embeddable":true,"href":"https:\/\/thrillsyndicate.com\/es\/wp-json\/wp\/v2\/product_tag?post=5776"}],"curies":[{"name":"wp","href":"https:\/\/api.w.org\/{rel}","templated":true}]}}