{"id":5784,"date":"2022-02-26T12:39:20","date_gmt":"2022-02-26T11:39:20","guid":{"rendered":"https:\/\/thrillsyndicate.com\/shop\/edelrid-tie-in-loop\/"},"modified":"2025-07-21T10:40:11","modified_gmt":"2025-07-21T08:40:11","slug":"edelrid-tie-in-loop","status":"publish","type":"product","link":"https:\/\/thrillsyndicate.com\/es\/product\/edelrid-tie-in-loop\/","title":{"rendered":"Edelrid Tie-in-loop"},"content":{"rendered":"<p>Conexi\u00f3n ligera y r\u00e1pida del Edelrid Smart Belay a un arn\u00e9s. Permite un alto grado de flexibilidad para intercambiar productos usados en el sitio, sin necesidad de herramientas.<\/p>\n<p>Funciona perfectamente en combinaci\u00f3n con el anillo Conecto o Conecto Swivel<\/p>\n<ul>\n<li>Longitud : 20 cm o 35 cm<\/li>\n<li>Resistencia a la tracci\u00f3n (kN): 22<\/li>\n<li>Color: Pizarra-Guijarros (20 cm), Pizarra-Oasis (35 cm)<\/li>\n<li>Certificaci\u00f3n: EN 566<\/li>\n<\/ul>\n<h3 class=\"western\">\ud83d\udc49 \u00bfEst\u00e1s buscando un art\u00edculo Edelrid espec\u00edfico que no aparece en la tienda? Vendemos toda la gama de productos de aventura, deporte y seguridad. Por favor, <strong><a href=\"https:\/\/thrillsyndicate.com\/es\/contacto\/\">env\u00eda a<\/a><\/strong> un correo electr\u00f3nico o consulta la <strong><a href=\"https:\/\/thrillsyndicate.com\/edelrid-safety-price-list-2025\/\">lista de precios de seguridad aqu\u00ed<\/a><\/strong>. \ud83d\udc48<\/h3>\n","protected":false},"excerpt":{"rendered":"<p>Conexi\u00f3n ligera y r\u00e1pida de Smart Belay a un arn\u00e9s.<\/p>\n","protected":false},"featured_media":2620,"template":"","meta":{"_coblocks_attr":"","_coblocks_dimensions":"","_coblocks_responsive_height":"","_coblocks_accordion_ie_support":"","wds_primary_product_brand":0,"wds_primary_product_cat":0},"product_brand":[660],"product_cat":[437,550,559],"product_tag":[552,442,439,921,440],"class_list":{"0":"post-5784","1":"product","2":"type-product","3":"status-publish","4":"has-post-thumbnail","6":"product_brand-edelrid-es","7":"product_cat-asegurador-inteligente-edelrid-autoaseguramiento-continuo","8":"product_cat-conectando-cordones-y-giratorios","9":"product_cat-sistema-de-autoaseguramiento-continuo-lockd","10":"product_tag-conectando","11":"product_tag-curso-de-cuerdas","12":"product_tag-aseguramiento-inteligente-edelrid","13":"product_tag-eslingas","14":"product_tag-sistemas-de-seguridad","16":"first","17":"instock","18":"taxable","19":"shipping-taxable","20":"purchasable","21":"product-type-variable","22":"has-default-attributes"},"_links":{"self":[{"href":"https:\/\/thrillsyndicate.com\/es\/wp-json\/wp\/v2\/product\/5784","targetHints":{"allow":["GET"]}}],"collection":[{"href":"https:\/\/thrillsyndicate.com\/es\/wp-json\/wp\/v2\/product"}],"about":[{"href":"https:\/\/thrillsyndicate.com\/es\/wp-json\/wp\/v2\/types\/product"}],"wp:featuredmedia":[{"embeddable":true,"href":"https:\/\/thrillsyndicate.com\/es\/wp-json\/wp\/v2\/media\/2620"}],"wp:attachment":[{"href":"https:\/\/thrillsyndicate.com\/es\/wp-json\/wp\/v2\/media?parent=5784"}],"wp:term":[{"taxonomy":"product_brand","embeddable":true,"href":"https:\/\/thrillsyndicate.com\/es\/wp-json\/wp\/v2\/product_brand?post=5784"},{"taxonomy":"product_cat","embeddable":true,"href":"https:\/\/thrillsyndicate.com\/es\/wp-json\/wp\/v2\/product_cat?post=5784"},{"taxonomy":"product_tag","embeddable":true,"href":"https:\/\/thrillsyndicate.com\/es\/wp-json\/wp\/v2\/product_tag?post=5784"}],"curies":[{"name":"wp","href":"https:\/\/api.w.org\/{rel}","templated":true}]}}