{"id":5787,"date":"2022-03-01T12:42:31","date_gmt":"2022-03-01T11:42:31","guid":{"rendered":"https:\/\/thrillsyndicate.com\/shop\/soporte-de-linea-de-vida-saferoller-montaje-de-arboles\/"},"modified":"2025-06-01T20:19:24","modified_gmt":"2025-06-01T18:19:24","slug":"saferoller-brazadera-de-arbol","status":"publish","type":"product","link":"https:\/\/thrillsyndicate.com\/es\/product\/saferoller-brazadera-de-arbol\/","title":{"rendered":"Soporte de l\u00ednea de vida Saferoller | Montaje en \u00e1rbol"},"content":{"rendered":"<p>El soporte de cable Saferoller (montaje en \u00e1rbol), de nuevo dise\u00f1o, ancla la l\u00ednea de vida a los \u00e1rboles y permite que el Polea ruede siempre perfectamente, incluso en las curvas m\u00e1s cerradas. A destacar los resortes especiales que preservan el cable de cualquier da\u00f1o cuando est\u00e1 apretado. El cable de seguridad se puede controlar en cualquier momento en toda su longitud y se puede desplazar ligeramente durante el mantenimiento, lo que permite una vida \u00fatil prolongada. Este dispositivo de seguridad es ahora a\u00fan m\u00e1s f\u00e1cil de fijar a \u00e1rboles o postes (mediante una correa de nailon, acero o varilla roscada) gracias a un mejor acceso a los elementos de anclaje.  <\/p>\n<ul>\n<li>La Pinza para \u00c1rboles puede utilizarse f\u00e1cilmente con la Polea Saferoller (PPE)<\/li>\n<li>Permite tiradas m\u00e1s r\u00e1pidas y rodado r\u00e1pido de extremo a extremo<\/li>\n<li>El Tree Clamp mantiene la l\u00ednea de seguridad en el aire<\/li>\n<li>F\u00e1cil de instalar: Simplemente inserte la l\u00ednea de seguridad y apriete los 3 tensores<\/li>\n<\/ul>\n<p>  El manual incluido en el env\u00edo contiene toda la informaci\u00f3n necesaria para la instalaci\u00f3n y aplicaci\u00f3n de la Pinza para \u00c1rboles Saferoller. Para l\u00ednea de seguridad \u00d8 12 &#8211; 12.7MM (1\/2 pulgada)<\/p>\n","protected":false},"excerpt":{"rendered":"<p>La Pinza para \u00c1rboles Saferoller est\u00e1 dise\u00f1ada para proteger la integridad del \u00e1rbol. Instalado en \u00e1rboles vivos, se monta sobre soportes y se engancha al \u00e1rbol. Dise\u00f1ado para senderos en l\u00ednea recta.<\/p>\n","protected":false},"featured_media":3031,"template":"","meta":{"_coblocks_attr":"","_coblocks_dimensions":"","_coblocks_responsive_height":"","_coblocks_accordion_ie_support":"","wds_primary_product_brand":0,"wds_primary_product_cat":0},"product_brand":[90],"product_cat":[49],"product_tag":[54,178,8],"class_list":{"0":"post-5787","1":"product","2":"type-product","3":"status-publish","4":"has-post-thumbnail","6":"product_brand-saferoller-continuous-belay","7":"product_cat-saferoller-continuous-belay-system","8":"product_tag-continuous-belay","9":"product_tag-lifeline-mounting","10":"product_tag-belay-systems","12":"first","13":"instock","14":"taxable","15":"shipping-taxable","16":"purchasable","17":"product-type-simple"},"_links":{"self":[{"href":"https:\/\/thrillsyndicate.com\/es\/wp-json\/wp\/v2\/product\/5787","targetHints":{"allow":["GET"]}}],"collection":[{"href":"https:\/\/thrillsyndicate.com\/es\/wp-json\/wp\/v2\/product"}],"about":[{"href":"https:\/\/thrillsyndicate.com\/es\/wp-json\/wp\/v2\/types\/product"}],"wp:featuredmedia":[{"embeddable":true,"href":"https:\/\/thrillsyndicate.com\/es\/wp-json\/wp\/v2\/media\/3031"}],"wp:attachment":[{"href":"https:\/\/thrillsyndicate.com\/es\/wp-json\/wp\/v2\/media?parent=5787"}],"wp:term":[{"taxonomy":"product_brand","embeddable":true,"href":"https:\/\/thrillsyndicate.com\/es\/wp-json\/wp\/v2\/product_brand?post=5787"},{"taxonomy":"product_cat","embeddable":true,"href":"https:\/\/thrillsyndicate.com\/es\/wp-json\/wp\/v2\/product_cat?post=5787"},{"taxonomy":"product_tag","embeddable":true,"href":"https:\/\/thrillsyndicate.com\/es\/wp-json\/wp\/v2\/product_tag?post=5787"}],"curies":[{"name":"wp","href":"https:\/\/api.w.org\/{rel}","templated":true}]}}