{"id":5795,"date":"2022-03-04T14:23:03","date_gmt":"2022-03-04T13:23:03","guid":{"rendered":"https:\/\/thrillsyndicate.com\/shop\/fraggle-edelrid-arnes-de-cuerpo-completo-para-ninos\/"},"modified":"2025-07-17T18:07:18","modified_gmt":"2025-07-17T16:07:18","slug":"edelrid-fraggle-cuerpo-completo-arnes-ninos","status":"publish","type":"product","link":"https:\/\/thrillsyndicate.com\/es\/product\/edelrid-fraggle-cuerpo-completo-arnes-ninos\/","title":{"rendered":"Fraggle Edelrid | Arn\u00e9s de cuerpo completo para ni\u00f1os"},"content":{"rendered":"<p>Con este arn\u00e9s de cuerpo completo acolchado, incluso los j\u00f3venes escaladores y peque\u00f1os monta\u00f1eros que pesan hasta 40 kg pueden disfrutar de una escalada. La construcci\u00f3n r\u00edgida con perneras fijas hace que ponerse el arn\u00e9s sea mucho m\u00e1s f\u00e1cil y, gracias a las dos hebillas Slide Block, el arn\u00e9s se ajusta r\u00e1pidamente al tama\u00f1o correcto. Los dos lazos de amarre grandes ofrecen suficiente espacio para dos mosquetones enganchados en direcciones opuestas (p. ej., para top-roping). Lo que hace que el Fraggle sea realmente especial es que a medida que el ni\u00f1o crece, el punto de amarre se mueve y el arn\u00e9s tambi\u00e9n &#8220;crece&#8221;. Adem\u00e1s, el Fraggle est\u00e1 completamente fabricado de acuerdo con los estrictos requisitos del sistema bluesign, para proteger el medio ambiente, los recursos y los ni\u00f1os.<\/p>\n<p>Disponible en tallas XXS y XS, <strong>se vende en paquetes de 5<\/strong><\/p>\n<div id=\"prod-produktinfos\">\n<h2 class=\"prodheadline\">INFORMACI\u00d3N DEL PRODUCTO<\/h2>\n<ul>\n<li>El acolchado de malla 3D y los bordes suaves de las correas ofrecen una comodidad \u00f3ptima<\/li>\n<li>2 hebillas Slide Block para un ajuste r\u00e1pido y sencillo del arn\u00e9s<\/li>\n<li>Punto de enganche en la parte trasera para mayor seguridad en terrenos escarpados o al esquiar<\/li>\n<li>Hecho de materiales certificados por bluesign\u00ae<\/li>\n<li>Construcci\u00f3n &#8220;creciente&#8221; para un ajuste \u00f3ptimo y seguro<\/li>\n<li>El acolchado garantiza que el arn\u00e9s sea dimensionalmente estable y, por lo tanto, se pueda poner y quitar con especial facilidad, incluso por el propio ni\u00f1o.<\/li>\n<li>Entregado en una \u00fatil bolsa de deporte.<\/li>\n<\/ul>\n<\/div>\n<div id=\"prod-details\">\n<h2 class=\"prodheadline\">INFORMACI\u00d3N T\u00c9CNICA<\/h2>\n<ul>\n<li>certificaci\u00f3n: EN 12277 Tipo B<\/li>\n<li>Peso: <span id=\"varianten_gewicht\">271g<\/span><\/li>\n<\/ul>\n<h3 class=\"western\">\ud83d\udc49 \u00bfEst\u00e1s buscando un art\u00edculo Edelrid espec\u00edfico que no aparece en la tienda? Vendemos toda la gama de productos de aventura, deporte y seguridad. Por favor, <strong><a href=\"https:\/\/thrillsyndicate.com\/es\/contacto\/\">env\u00eda a<\/a><\/strong> un correo electr\u00f3nico o consulta la <strong><a href=\"https:\/\/thrillsyndicate.com\/edelrid-safety-price-list-2025\/\">lista de precios de seguridad aqu\u00ed<\/a><\/strong>. \ud83d\udc48<\/h3>\n<\/div>\n","protected":false},"excerpt":{"rendered":"<p>El arn\u00e9s Edelrid Fraggle Kids, un arn\u00e9s de cuerpo completo \u00fanico con acolchado articulado para ni\u00f1os de hasta 40 kg.<\/p>\n","protected":false},"featured_media":3358,"template":"","meta":{"_coblocks_attr":"","_coblocks_dimensions":"","_coblocks_responsive_height":"","_coblocks_accordion_ie_support":"","wds_primary_product_brand":0,"wds_primary_product_cat":0},"product_brand":[659],"product_cat":[898,570],"product_tag":[64,94,63,55],"class_list":{"0":"post-5795","1":"product","2":"type-product","3":"status-publish","4":"has-post-thumbnail","6":"product_brand-edelrid-de","7":"product_cat-abenteuer-gurtzeuge","8":"product_cat-seilgartengurte","9":"product_tag-full-body-harness","10":"product_tag-kids-harness","11":"product_tag-harnesses","12":"product_tag-ropes-course","14":"first","15":"instock","16":"taxable","17":"shipping-taxable","18":"purchasable","19":"product-type-variable","20":"has-default-attributes"},"_links":{"self":[{"href":"https:\/\/thrillsyndicate.com\/es\/wp-json\/wp\/v2\/product\/5795","targetHints":{"allow":["GET"]}}],"collection":[{"href":"https:\/\/thrillsyndicate.com\/es\/wp-json\/wp\/v2\/product"}],"about":[{"href":"https:\/\/thrillsyndicate.com\/es\/wp-json\/wp\/v2\/types\/product"}],"wp:featuredmedia":[{"embeddable":true,"href":"https:\/\/thrillsyndicate.com\/es\/wp-json\/wp\/v2\/media\/3358"}],"wp:attachment":[{"href":"https:\/\/thrillsyndicate.com\/es\/wp-json\/wp\/v2\/media?parent=5795"}],"wp:term":[{"taxonomy":"product_brand","embeddable":true,"href":"https:\/\/thrillsyndicate.com\/es\/wp-json\/wp\/v2\/product_brand?post=5795"},{"taxonomy":"product_cat","embeddable":true,"href":"https:\/\/thrillsyndicate.com\/es\/wp-json\/wp\/v2\/product_cat?post=5795"},{"taxonomy":"product_tag","embeddable":true,"href":"https:\/\/thrillsyndicate.com\/es\/wp-json\/wp\/v2\/product_tag?post=5795"}],"curies":[{"name":"wp","href":"https:\/\/api.w.org\/{rel}","templated":true}]}}