{"id":5814,"date":"2022-03-01T12:48:24","date_gmt":"2022-03-01T11:48:24","guid":{"rendered":"https:\/\/thrillsyndicate.com\/shop\/bifurcacion-del-interruptor-saferoller-giros-y-adelantamientos\/"},"modified":"2025-06-01T16:45:24","modified_gmt":"2025-06-01T14:45:24","slug":"bifurcacion-interruptor-de-rodillo-seguro","status":"publish","type":"product","link":"https:\/\/thrillsyndicate.com\/es\/product\/bifurcacion-interruptor-de-rodillo-seguro\/","title":{"rendered":"Interruptor Saferoller Bifurcaci\u00f3n | Giros y adelantamientos"},"content":{"rendered":"<p>La bifurcaci\u00f3n Saferoller: La bifurcaci\u00f3n es un gran accesorio que permite pasar de una v\u00eda a otra, adelantar, salir (salida de emergencia) y crear como una &#8220;estaci\u00f3n de Poleas&#8221; (en caso de &#8220;circuito cerrado&#8221; &#8211; estaci\u00f3n que puede cerrarse incluso por la noche) &#8211; f\u00e1cil de usar, sin mecanismos, sin desgaste. \u00a1Libre de mantenimiento! La bifurcaci\u00f3n del Saferoller permite cambiar entre diferentes trazados, adelantar y salir del trazado. Se puede pasar f\u00e1cilmente y no se requiere ning\u00fan mecanismo adicional. La bifurcaci\u00f3n est\u00e1 disponible para los giros a la izquierda y a la derecha.  <\/p>\n<ul>\n<li>Mantenimiento cero<\/li>\n<li>Duradero: las piezas no se pueden desgastar<\/li>\n<li>Apto para ni\u00f1os a partir de 8 a\u00f1os<\/li>\n<li><strong>NO<\/strong> compatible con Speedrunner Kanhook (PPE)<\/li>\n<\/ul>\n<p>  Para l\u00ednea de seguridad \u00d8 12MM Carga de trabajo antes del deslizamiento: 15 kN<\/p>\n","protected":false},"excerpt":{"rendered":"<p>La bifurcaci\u00f3n del Interruptor Saferoller permite cambiar entre distintas trayectorias, adelantar y salir de la trayectoria. Se puede pasar f\u00e1cilmente y no se requiere ning\u00fan mecanismo adicional. La bifurcaci\u00f3n est\u00e1 disponible para giros a la izquierda y a la derecha.<\/p>\n","protected":false},"featured_media":3019,"template":"","meta":{"_coblocks_attr":"","_coblocks_dimensions":"","_coblocks_responsive_height":"","_coblocks_accordion_ie_support":"","wds_primary_product_brand":0,"wds_primary_product_cat":0},"product_brand":[90],"product_cat":[49],"product_tag":[543,440],"class_list":{"0":"post-5814","1":"product","2":"type-product","3":"status-publish","4":"has-post-thumbnail","6":"product_brand-saferoller-continuous-belay","7":"product_cat-saferoller-continuous-belay-system","8":"product_tag-aseguramiento-continuo","9":"product_tag-sistemas-de-seguridad","11":"first","12":"instock","13":"taxable","14":"shipping-taxable","15":"purchasable","16":"product-type-variable"},"_links":{"self":[{"href":"https:\/\/thrillsyndicate.com\/es\/wp-json\/wp\/v2\/product\/5814","targetHints":{"allow":["GET"]}}],"collection":[{"href":"https:\/\/thrillsyndicate.com\/es\/wp-json\/wp\/v2\/product"}],"about":[{"href":"https:\/\/thrillsyndicate.com\/es\/wp-json\/wp\/v2\/types\/product"}],"wp:featuredmedia":[{"embeddable":true,"href":"https:\/\/thrillsyndicate.com\/es\/wp-json\/wp\/v2\/media\/3019"}],"wp:attachment":[{"href":"https:\/\/thrillsyndicate.com\/es\/wp-json\/wp\/v2\/media?parent=5814"}],"wp:term":[{"taxonomy":"product_brand","embeddable":true,"href":"https:\/\/thrillsyndicate.com\/es\/wp-json\/wp\/v2\/product_brand?post=5814"},{"taxonomy":"product_cat","embeddable":true,"href":"https:\/\/thrillsyndicate.com\/es\/wp-json\/wp\/v2\/product_cat?post=5814"},{"taxonomy":"product_tag","embeddable":true,"href":"https:\/\/thrillsyndicate.com\/es\/wp-json\/wp\/v2\/product_tag?post=5814"}],"curies":[{"name":"wp","href":"https:\/\/api.w.org\/{rel}","templated":true}]}}