{"id":5815,"date":"2022-03-04T15:03:31","date_gmt":"2022-03-04T14:03:31","guid":{"rendered":"https:\/\/thrillsyndicate.com\/shop\/casco-junior-ultraligero-edelrid\/"},"modified":"2025-07-17T18:07:57","modified_gmt":"2025-07-17T16:07:57","slug":"casco-edelrid-ultralight-junior","status":"publish","type":"product","link":"https:\/\/thrillsyndicate.com\/es\/product\/casco-edelrid-ultralight-junior\/","title":{"rendered":"Casco J\u00fanior Ultraligero Edelrid"},"content":{"rendered":"<p>La versi\u00f3n Junior de la ULTRALIGHT tambi\u00e9n ha tenido un cambio de imagen. Proporciona la misma protecci\u00f3n sobresaliente que el ULTRALIGHT.<\/p>\n<p>Disponible en varios colores<\/p>\n<div id=\"prod-produktinfos\">\n<h2 class=\"prodheadline\">INFORMACI\u00d3N DEL PRODUCTO<\/h2>\n<ul>\n<li>Carcasa de polipropileno extremadamente robusta y resistente a los impactos<\/li>\n<li>Talla \u00fanica: se adapta a una circunferencia de la cabeza de 48 a 58 cm<\/li>\n<li>Opci\u00f3n de fijaci\u00f3n de faros<\/li>\n<li>Correa para la cabeza y la barbilla totalmente ajustable, reemplazable y lavable para un ajuste \u00f3ptimo<\/li>\n<li>Varios orificios de ventilaci\u00f3n para el intercambio de aire continuo<\/li>\n<li>Sistema de transporte c\u00f3modamente acolchado con correas antibacterianas<\/li>\n<\/ul>\n<\/div>\n<div id=\"prod-details\">\n<h2 class=\"prodheadline\">INFORMACI\u00d3N T\u00c9CNICA<\/h2>\n<ul>\n<li>UIAA: S\u00ed<\/li>\n<li>tama\u00f1o de la cabeza: 48 &#8211; 58<\/li>\n<li>Peso: <span id=\"varianten_gewicht\">430g<\/span><\/li>\n<\/ul>\n<h3 class=\"western\">\ud83d\udc49 \u00bfEst\u00e1s buscando un art\u00edculo Edelrid espec\u00edfico que no aparece en la tienda? Vendemos toda la gama de productos de aventura, deporte y seguridad. Por favor, <strong><a href=\"https:\/\/thrillsyndicate.com\/es\/contacto\/\">env\u00eda a<\/a><\/strong> un correo electr\u00f3nico o consulta la <strong><a href=\"https:\/\/thrillsyndicate.com\/edelrid-safety-price-list-2025\/\">lista de precios de seguridad aqu\u00ed<\/a><\/strong>. \ud83d\udc48<\/h3>\n<\/div>\n","protected":false},"excerpt":{"rendered":"<p>El casco Edelrid Ultralight m\u00e1s vendido, tambi\u00e9n en versi\u00f3n para ni\u00f1os. De vez en cuando, un producto alcanza el estatus de &#8216;cl\u00e1sico&#8217; y eso es cierto en el caso del casco Ultralight de Edelrid.<\/p>\n","protected":false},"featured_media":2692,"template":"","meta":{"_coblocks_attr":"","_coblocks_dimensions":"","_coblocks_responsive_height":"","_coblocks_accordion_ie_support":"","wds_primary_product_brand":0,"wds_primary_product_cat":0},"product_brand":[62],"product_cat":[61],"product_tag":[580,928,442,581],"class_list":{"0":"post-5815","1":"product","2":"type-product","3":"status-publish","4":"has-post-thumbnail","6":"product_brand-edelrid","7":"product_cat-ropes-course-helmets","8":"product_tag-cascos","9":"product_tag-cascos-rigidos","10":"product_tag-curso-de-cuerdas","11":"product_tag-epp","13":"first","14":"instock","15":"taxable","16":"shipping-taxable","17":"purchasable","18":"product-type-variable","19":"has-default-attributes"},"_links":{"self":[{"href":"https:\/\/thrillsyndicate.com\/es\/wp-json\/wp\/v2\/product\/5815","targetHints":{"allow":["GET"]}}],"collection":[{"href":"https:\/\/thrillsyndicate.com\/es\/wp-json\/wp\/v2\/product"}],"about":[{"href":"https:\/\/thrillsyndicate.com\/es\/wp-json\/wp\/v2\/types\/product"}],"wp:featuredmedia":[{"embeddable":true,"href":"https:\/\/thrillsyndicate.com\/es\/wp-json\/wp\/v2\/media\/2692"}],"wp:attachment":[{"href":"https:\/\/thrillsyndicate.com\/es\/wp-json\/wp\/v2\/media?parent=5815"}],"wp:term":[{"taxonomy":"product_brand","embeddable":true,"href":"https:\/\/thrillsyndicate.com\/es\/wp-json\/wp\/v2\/product_brand?post=5815"},{"taxonomy":"product_cat","embeddable":true,"href":"https:\/\/thrillsyndicate.com\/es\/wp-json\/wp\/v2\/product_cat?post=5815"},{"taxonomy":"product_tag","embeddable":true,"href":"https:\/\/thrillsyndicate.com\/es\/wp-json\/wp\/v2\/product_tag?post=5815"}],"curies":[{"name":"wp","href":"https:\/\/api.w.org\/{rel}","templated":true}]}}