{"id":5818,"date":"2022-02-26T13:26:01","date_gmt":"2022-02-26T12:26:01","guid":{"rendered":"https:\/\/thrillsyndicate.com\/shop\/carro-saferoller-v3-epi\/"},"modified":"2025-06-01T20:19:46","modified_gmt":"2025-06-01T18:19:46","slug":"carro-saferoller-v3","status":"publish","type":"product","link":"https:\/\/thrillsyndicate.com\/es\/product\/carro-saferoller-v3\/","title":{"rendered":"Polea Saferoller V3 (EPI)"},"content":{"rendered":"<p><strong>Nuevo dise\u00f1o. Mayor rendimiento. Precios atractivos.<br \/>\n<\/strong><\/p>\n<p>El nuevo y econ\u00f3mico Saferoller Trolley est\u00e1 repleto de caracter\u00edsticas innovadoras. Presentamos la nueva correa de mezcla Dyneema\/Nylon con sistema giratorio de 360\u00b0. Con un centro de gravedad m\u00e1s alto, el peso se transfiere directamente al Polea. El nuevo sistema de evacuaci\u00f3n de doble bloqueo es infalible. Permite una extracci\u00f3n segura y r\u00e1pida de la l\u00ednea de seguridad en caso de evacuaci\u00f3n de emergencia y una r\u00e1pida reconexi\u00f3n. El anclaje del dispositivo de conexi\u00f3n est\u00e1 forjado en caliente para aumentar la resistencia y la durabilidad. Los n\u00fameros de identificaci\u00f3n individual han mejorado la legibilidad. Y lo mejor de todo, es un 30% m\u00e1s compacto.<\/p>\n<p>El manejo preciso y sin esfuerzo hace que las curvas cerradas sean muy sencillas. Est\u00e1 protegido de extremo a extremo y no se requieren dispositivos de conexi\u00f3n adicionales. Saferoller V3 es un sistema de bajo mantenimiento. Las piezas desgastables est\u00e1n equipadas con protecci\u00f3n contra el desgaste y pueden ser reemplazadas por el operador.<\/p>\n<ul>\n<li>Nueva correa de mezcla Dyneema\/Nylon con sistema giratorio de 360\u00b0<\/li>\n<li>Categor\u00eda &#8220;E&#8221; EN15567 y ya cumple con la pr\u00f3xima EN17109<\/li>\n<li>El anclaje del dispositivo de conexi\u00f3n (EN17109) est\u00e1 forjado en caliente para aumentar la resistencia y la durabilidad<\/li>\n<li>30% m\u00e1s compacto<\/li>\n<li>Revolucionario sistema de seguridad de evacuaci\u00f3n de 2 bloqueos<\/li>\n<li>Sistema innovador de medici\u00f3n del desgaste<\/li>\n<li>Polea certificado Saferoller\u00ae (PPE)<\/li>\n<li>Juegos de rodamientos de bolas &#8220;gemelos&#8221; incomparables por rodillo<\/li>\n<li>Rodillos silenciosos de tefl\u00f3n o acero inoxidable<\/li>\n<li>Componentes duraderos de larga duraci\u00f3n<\/li>\n<li>Piezas port\u00e1tiles equipadas con repuestos intercambiables de acero inoxidable<\/li>\n<li>Certificaci\u00f3n T\u00fcv S\u00fcd<\/li>\n<\/ul>\n<p><iframe loading=\"lazy\" title=\"Saferoller: Best rolling Continuous Belay\" width=\"980\" height=\"551\" src=\"https:\/\/www.youtube.com\/embed\/VyklTCEQj4o?feature=oembed\" frameborder=\"0\" allow=\"accelerometer; autoplay; clipboard-write; encrypted-media; gyroscope; picture-in-picture\" allowfullscreen><\/iframe><\/p>\n<h2>Especificaciones<\/h2>\n<ul>\n<li>Para l\u00ednea de seguridad \u00d8 12 &#8211; 12.7MM (1\/2 pulgada)<\/li>\n<li>EN15567-1 categor\u00eda &#8220;E&#8221; &#8211; EN17109, EN 795 B, EN 12278, EN 15567 y est\u00e1ndares ACCT (EE. UU.)<\/li>\n<\/ul>\n<table>\n<tbody>\n<tr>\n<td> <img decoding=\"async\" src=\"https:\/\/d33kpccffoto0c.cloudfront.net\/images\/Kanopeo-continuous-belay-system-saferoller-teflon-wheel-en-7cc61f167d9cc76gd7b7d30e9ae217f3.jpg\" alt=\"Kanopeo continuous belay system saferoller teflon wheel en 7cc61f167d9cc76gd7b7d30e9ae217f3\"><\/td>\n<td> <img decoding=\"async\" src=\"https:\/\/d33kpccffoto0c.cloudfront.net\/images\/Kanopeo-continuous-belay-system-saferoller-steel-wheel-en-88b028de9b68715g3455071a6e88ca6b.jpg\" alt=\"Kanopeo continuous belay system saferoller steel wheel en 88b028de9b68715g3455071a6e88ca6b\"><\/td>\n<\/tr>\n<tr>\n<td><strong>Rodillos de tefl\u00f3n SAFEROLLER<\/strong><\/p>\n<p>Para usar con juegos y Tirolinas hasta 120m. Estos rodillos silenciosos y livianos se fabrican con conjuntos de cojinetes de bolas sellados &#8220;gemelos&#8221; incomparables con clasificaci\u00f3n ABEC en cada rodillo. El tefl\u00f3n reduce dr\u00e1sticamente el desgaste del cable.<\/p>\n<ul>\n<li>Silencio<\/li>\n<li>Ligero<\/li>\n<li>Conjuntos de cojinetes de bolas sellados ABEC &#8220;gemelos&#8221; incomparables en cada rodillo.<\/li>\n<li>El PRIMER sistema de aseguramiento continuo rodante del mundo<\/li>\n<li>Balanceo suave de extremo a extremo<\/li>\n<li>Durabilidad mejorada<\/li>\n<li>Rendimiento incomparable<\/li>\n<li>Componentes duraderos de larga duraci\u00f3n<\/li>\n<li>Para l\u00ednea de seguridad fuera del alcance<\/li>\n<li>Bajo mantenimiento<\/li>\n<li>Certificaci\u00f3n T\u00fcV S\u00fcd<\/li>\n<\/ul>\n<\/td>\n<td><strong>Rodillos de acero inoxidable SAFEROLLER<\/strong><\/p>\n<p>Para usar con juegos y Zip Lines de cualquier longitud. Estos rodillos livianos y duraderos se fabrican con juegos de cojinetes de bolas sellados &#8220;gemelos&#8221; incomparables con clasificaci\u00f3n ABEC en cada rodillo. \u00a1Dise\u00f1ado para rodar a alta velocidad hasta 125 km\/h!<\/p>\n<ul>\n<li>Conjuntos de cojinetes de bolas sellados ABEC &#8220;gemelos&#8221; incomparables en cada rodillo.<\/li>\n<li>El PRIMER sistema de aseguramiento continuo rodante del mundo<\/li>\n<li>Balanceo suave de extremo a extremo<\/li>\n<li>Durabilidad mejorada<\/li>\n<li>Rendimiento incomparable<\/li>\n<li>Componentes duraderos de larga duraci\u00f3n<\/li>\n<li>Para l\u00ednea de seguridad fuera del alcance<\/li>\n<li>Bajo mantenimiento<\/li>\n<li>Certificaci\u00f3n T\u00fcV S\u00fcd<\/li>\n<\/ul>\n<p>&nbsp;<\/td>\n<\/tr>\n<\/tbody>\n<\/table>\n<p>&nbsp;<\/p>\n","protected":false},"excerpt":{"rendered":"<p>El Polea Saferoller V3 &#8211; Sistema de Aseguramiento Continuo, aporta caracter\u00edsticas innovadoras para los parques de aventura. Con su correa mezcla de Dyneema y nailon, su sistema giratorio de 360\u00b0 y su dise\u00f1o de bajo mantenimiento, ofrece una experiencia incomparable y segura.<\/p>\n","protected":false},"featured_media":3058,"template":"","meta":{"_coblocks_attr":"","_coblocks_dimensions":"","_coblocks_responsive_height":"","_coblocks_accordion_ie_support":"","wds_primary_product_brand":0,"wds_primary_product_cat":0},"product_brand":[90],"product_cat":[3,49],"product_tag":[543,442,440],"class_list":{"0":"post-5818","1":"product","2":"type-product","3":"status-publish","4":"has-post-thumbnail","6":"product_brand-saferoller-continuous-belay","7":"product_cat-ropes-course-belay-systems","8":"product_cat-saferoller-continuous-belay-system","9":"product_tag-aseguramiento-continuo","10":"product_tag-curso-de-cuerdas","11":"product_tag-sistemas-de-seguridad","13":"first","14":"instock","15":"taxable","16":"shipping-taxable","17":"purchasable","18":"product-type-variable"},"_links":{"self":[{"href":"https:\/\/thrillsyndicate.com\/es\/wp-json\/wp\/v2\/product\/5818","targetHints":{"allow":["GET"]}}],"collection":[{"href":"https:\/\/thrillsyndicate.com\/es\/wp-json\/wp\/v2\/product"}],"about":[{"href":"https:\/\/thrillsyndicate.com\/es\/wp-json\/wp\/v2\/types\/product"}],"wp:featuredmedia":[{"embeddable":true,"href":"https:\/\/thrillsyndicate.com\/es\/wp-json\/wp\/v2\/media\/3058"}],"wp:attachment":[{"href":"https:\/\/thrillsyndicate.com\/es\/wp-json\/wp\/v2\/media?parent=5818"}],"wp:term":[{"taxonomy":"product_brand","embeddable":true,"href":"https:\/\/thrillsyndicate.com\/es\/wp-json\/wp\/v2\/product_brand?post=5818"},{"taxonomy":"product_cat","embeddable":true,"href":"https:\/\/thrillsyndicate.com\/es\/wp-json\/wp\/v2\/product_cat?post=5818"},{"taxonomy":"product_tag","embeddable":true,"href":"https:\/\/thrillsyndicate.com\/es\/wp-json\/wp\/v2\/product_tag?post=5818"}],"curies":[{"name":"wp","href":"https:\/\/api.w.org\/{rel}","templated":true}]}}