{"id":5819,"date":"2022-03-04T11:47:41","date_gmt":"2022-03-04T10:47:41","guid":{"rendered":"https:\/\/thrillsyndicate.com\/shop\/ajuste-edelrid-radialis-pro\/"},"modified":"2025-07-17T18:08:33","modified_gmt":"2025-07-17T16:08:33","slug":"edelrid-radialis-pro-adjust-arnes-de-cuerpo-entero","status":"publish","type":"product","link":"https:\/\/thrillsyndicate.com\/es\/product\/edelrid-radialis-pro-adjust-arnes-de-cuerpo-entero\/","title":{"rendered":"Ajuste Edelrid Radialis Pro"},"content":{"rendered":"<p>\u00a1Edelrid Radialis Pro Adjust con hebillas Easy Glider! Innovador arn\u00e9s para curso de cuerdas forestales altas y parques de aventura. Su dise\u00f1o f\u00e1cil de usar y sin complicaciones permite que los visitantes puedan pon\u00e9rselo\/quit\u00e1rselo solos. Se <strong>venden por 5 unidades<\/strong>.<\/p>\n<figure id=\"attachment_948\" aria-describedby=\"caption-attachment-948\" style=\"width: 1900px\" class=\"wp-caption alignnone\"><img loading=\"lazy\" decoding=\"async\" class=\"size-full wp-image-948\" src=\"https:\/\/thrillsyndicate.com\/wp-content\/uploads\/2022\/03\/ED_Microsite_Radialis-Serie_Pro-Adjust_Bulletpoints_EN.jpg\" alt=\"The Radialis Pro Adjust has a wide adjustment range and is designed to facilitate easy on and off and increase customer throughput.\" width=\"1900\" height=\"660\" srcset=\"https:\/\/thrillsyndicate.com\/wp-content\/uploads\/2022\/03\/ED_Microsite_Radialis-Serie_Pro-Adjust_Bulletpoints_EN.jpg 1900w, https:\/\/thrillsyndicate.com\/wp-content\/uploads\/2022\/03\/ED_Microsite_Radialis-Serie_Pro-Adjust_Bulletpoints_EN-458x159.jpg 458w, https:\/\/thrillsyndicate.com\/wp-content\/uploads\/2022\/03\/ED_Microsite_Radialis-Serie_Pro-Adjust_Bulletpoints_EN-300x104.jpg 300w, https:\/\/thrillsyndicate.com\/wp-content\/uploads\/2022\/03\/ED_Microsite_Radialis-Serie_Pro-Adjust_Bulletpoints_EN-1024x356.jpg 1024w, https:\/\/thrillsyndicate.com\/wp-content\/uploads\/2022\/03\/ED_Microsite_Radialis-Serie_Pro-Adjust_Bulletpoints_EN-768x267.jpg 768w, https:\/\/thrillsyndicate.com\/wp-content\/uploads\/2022\/03\/ED_Microsite_Radialis-Serie_Pro-Adjust_Bulletpoints_EN-1536x534.jpg 1536w, https:\/\/thrillsyndicate.com\/wp-content\/uploads\/2022\/03\/ED_Microsite_Radialis-Serie_Pro-Adjust_Bulletpoints_EN-100x35.jpg 100w\" sizes=\"auto, (max-width: 1900px) 100vw, 1900px\" \/><figcaption id=\"caption-attachment-948\" class=\"wp-caption-text\">El Radialis Pro Adjust es un innovador arn\u00e9s de cuerpo entero para Cursos de cuerdas altas y Parques de Aventura A\u00e9rea. Su dise\u00f1o sencillo y f\u00e1cil de usar significa que los participantes pueden pon\u00e9rselo y quit\u00e1rselo independientemente de un instructor\/gu\u00eda.<\/figcaption><\/figure>\n<p>&nbsp;<\/p>\n<h2 class=\"prodheadline\">INFORMACI\u00d3N DEL PRODUCTO<\/h2>\n<ul>\n<li>El arn\u00e9s es f\u00e1cil de poner y quitar gracias a cinco hebillas Easy Glider<\/li>\n<li>Perneras ajustables para un ajuste \u00f3ptimo y flexibilidad total<\/li>\n<li>Diferentes colores para una f\u00e1cil identificaci\u00f3n del tama\u00f1o (icemint, oasis)<\/li>\n<li>La tela exterior es resistente al agua, de secado r\u00e1pido, f\u00e1cil de limpiar y completamente lavable<\/li>\n<li>Acolchado de cintura m\u00f3vil para un ajuste y posicionamiento personalizados.<\/li>\n<li>Parche de lona para escribir para etiquetar arneses y una peque\u00f1a bolsa en el arn\u00e9s para acomodar el chip RFID<\/li>\n<li>Los bucles el\u00e1sticos mantienen el resto de las correas en su lugar<\/li>\n<li>Correa de velcro integrada en la banda del pecho para sujetar una funda Smart Belay<\/li>\n<li>Anillo en D central para sujetar un cord\u00f3n<\/li>\n<li>Almacenamiento colgante \u00f3ptimo mediante un dispositivo especial en la parte posterior (alternar)Diferentes colores para una f\u00e1cil identificaci\u00f3n del tama\u00f1o (menta helada, oasis)<\/li>\n<\/ul>\n<h2 class=\"prodheadline\">INFORMACI\u00d3N T\u00c9CNICA<\/h2>\n<ul>\n<li>UIAA: S\u00ed<\/li>\n<li>Pa\u00eds de origen: Vietnam<\/li>\n<li>Frente de ojal de detenci\u00f3n de ca\u00eddas: S\u00ed<\/li>\n<li>Peso: <span id=\"varianten_gewicht\">870g<\/span><\/li>\n<\/ul>\n<h3 class=\"western\">\ud83d\udc49 \u00bfEst\u00e1s buscando un art\u00edculo Edelrid espec\u00edfico que no aparece en la tienda? Vendemos toda la gama de productos de aventura, deporte y seguridad. Por favor, <strong><a href=\"https:\/\/thrillsyndicate.com\/es\/contacto\/\">env\u00eda a<\/a><\/strong> un correo electr\u00f3nico o consulta la <strong><a href=\"https:\/\/thrillsyndicate.com\/edelrid-safety-price-list-2025\/\">lista de precios de seguridad aqu\u00ed<\/a><\/strong>. \ud83d\udc48<\/h3>\n","protected":false},"excerpt":{"rendered":"<p>El Arn\u00e9s completo Radialis Pro Adjust ofrece la m\u00e1xima flexibilidad y comodidad para curso de cuerdas forestales altas y parques de aventura. Con hebillas Easy Glider para facilitar el ajuste y un tejido exterior resistente al agua, es tu equipo de seguridad imprescindible.<\/p>\n","protected":false},"featured_media":3418,"template":"","meta":{"_coblocks_attr":"","_coblocks_dimensions":"","_coblocks_responsive_height":"","_coblocks_accordion_ie_support":"","wds_primary_product_brand":0,"wds_primary_product_cat":0},"product_brand":[62],"product_cat":[60,803],"product_tag":[64,63,55],"class_list":{"0":"post-5819","1":"product","2":"type-product","3":"status-publish","4":"has-post-thumbnail","6":"product_brand-edelrid","7":"product_cat-ropes-course-harnesses","8":"product_cat-adventure-harnesses","9":"product_tag-full-body-harness","10":"product_tag-harnesses","11":"product_tag-ropes-course","13":"first","14":"instock","15":"taxable","16":"shipping-taxable","17":"purchasable","18":"product-type-variable","19":"has-default-attributes"},"_links":{"self":[{"href":"https:\/\/thrillsyndicate.com\/es\/wp-json\/wp\/v2\/product\/5819","targetHints":{"allow":["GET"]}}],"collection":[{"href":"https:\/\/thrillsyndicate.com\/es\/wp-json\/wp\/v2\/product"}],"about":[{"href":"https:\/\/thrillsyndicate.com\/es\/wp-json\/wp\/v2\/types\/product"}],"wp:featuredmedia":[{"embeddable":true,"href":"https:\/\/thrillsyndicate.com\/es\/wp-json\/wp\/v2\/media\/3418"}],"wp:attachment":[{"href":"https:\/\/thrillsyndicate.com\/es\/wp-json\/wp\/v2\/media?parent=5819"}],"wp:term":[{"taxonomy":"product_brand","embeddable":true,"href":"https:\/\/thrillsyndicate.com\/es\/wp-json\/wp\/v2\/product_brand?post=5819"},{"taxonomy":"product_cat","embeddable":true,"href":"https:\/\/thrillsyndicate.com\/es\/wp-json\/wp\/v2\/product_cat?post=5819"},{"taxonomy":"product_tag","embeddable":true,"href":"https:\/\/thrillsyndicate.com\/es\/wp-json\/wp\/v2\/product_tag?post=5819"}],"curies":[{"name":"wp","href":"https:\/\/api.w.org\/{rel}","templated":true}]}}