{"id":5826,"date":"2022-03-01T12:56:04","date_gmt":"2022-03-01T11:56:04","guid":{"rendered":"https:\/\/thrillsyndicate.com\/shop\/abrazadera-larga-para-tirolesa-saferoller\/"},"modified":"2025-10-03T13:20:16","modified_gmt":"2025-10-03T11:20:16","slug":"saferoller-tirolina-larga-abrazadera","status":"publish","type":"product","link":"https:\/\/thrillsyndicate.com\/es\/product\/saferoller-tirolina-larga-abrazadera\/","title":{"rendered":"Pinza larga para tirolinas Saferoller"},"content":{"rendered":"<p>La abrazadera con cremallera larga se puede instalar en cualquier lugar. Autoposicionable y sin montaje previo, sin prensado y sin necesidad de herramientas especiales. Permite la fijaci\u00f3n a todas las estructuras y es ideal para tirolinas largas de cualquier longitud. Tambi\u00e9n se puede instalar por encima de la altura de la cabeza.<\/p>\n<ul>\n<li>El soporte Long Zip mantiene la posici\u00f3n de la l\u00ednea de seguridad en el aire<\/li>\n<li>Se puede utilizar f\u00e1cilmente con la Polea Saferoller (PPE)<\/li>\n<li>Permite tiradas m\u00e1s r\u00e1pidas y rodado r\u00e1pido de extremo a extremo<\/li>\n<li>Facilita el desplazamiento del carro Saferoller (PPE), reduce los tiempos de espera y aumenta el rendimiento.<\/li>\n<li>F\u00e1cil de instalar: simplemente inserte el cable de seguridad y apriete los 6 tensores<\/li>\n<\/ul>\n<h2>Especificaciones<\/h2>\n<ul>\n<li>Para l\u00ednea de seguridad \u00d8 12 &#8211; 12.7MM (1\/2 pulgada)<\/li>\n<li>Carga de trabajo antes del deslizamiento: 40 kN<\/li>\n<li>Normas EN 795 C, EN 15567 y ACCT (EE. UU.)<\/li>\n<li>Protector de abrazadera de goma incluido<\/li>\n<\/ul>\n","protected":false},"excerpt":{"rendered":"<p>La pinza Saferoller de cremallera larga se puede instalar en cualquier sitio. Permite la fijaci\u00f3n a todas las estructuras y es ideal para tirolinas largas de cualquier longitud. Tambi\u00e9n se puede instalar por encima de la altura de la cabeza.<\/p>\n","protected":false},"featured_media":3010,"template":"","meta":{"_coblocks_attr":"","_coblocks_dimensions":"","_coblocks_responsive_height":"","_coblocks_accordion_ie_support":"","wds_primary_product_brand":0,"wds_primary_product_cat":0},"product_brand":[90],"product_cat":[49],"product_tag":[54,55,178,8,36],"class_list":{"0":"post-5826","1":"product","2":"type-product","3":"status-publish","4":"has-post-thumbnail","6":"product_brand-saferoller-continuous-belay","7":"product_cat-saferoller-continuous-belay-system","8":"product_tag-continuous-belay","9":"product_tag-ropes-course","10":"product_tag-lifeline-mounting","11":"product_tag-belay-systems","12":"product_tag-zipline","14":"first","15":"instock","16":"taxable","17":"shipping-taxable","18":"purchasable","19":"product-type-simple"},"_links":{"self":[{"href":"https:\/\/thrillsyndicate.com\/es\/wp-json\/wp\/v2\/product\/5826","targetHints":{"allow":["GET"]}}],"collection":[{"href":"https:\/\/thrillsyndicate.com\/es\/wp-json\/wp\/v2\/product"}],"about":[{"href":"https:\/\/thrillsyndicate.com\/es\/wp-json\/wp\/v2\/types\/product"}],"wp:featuredmedia":[{"embeddable":true,"href":"https:\/\/thrillsyndicate.com\/es\/wp-json\/wp\/v2\/media\/3010"}],"wp:attachment":[{"href":"https:\/\/thrillsyndicate.com\/es\/wp-json\/wp\/v2\/media?parent=5826"}],"wp:term":[{"taxonomy":"product_brand","embeddable":true,"href":"https:\/\/thrillsyndicate.com\/es\/wp-json\/wp\/v2\/product_brand?post=5826"},{"taxonomy":"product_cat","embeddable":true,"href":"https:\/\/thrillsyndicate.com\/es\/wp-json\/wp\/v2\/product_cat?post=5826"},{"taxonomy":"product_tag","embeddable":true,"href":"https:\/\/thrillsyndicate.com\/es\/wp-json\/wp\/v2\/product_tag?post=5826"}],"curies":[{"name":"wp","href":"https:\/\/api.w.org\/{rel}","templated":true}]}}